{"id":714820,"date":"2025-08-27T17:23:04","date_gmt":"2025-08-27T14:23:04","guid":{"rendered":"https:\/\/roveyayinevi.com.tr\/index.php\/urun\/osmanli-tarihi-sozlugu\/"},"modified":"2026-04-16T02:23:14","modified_gmt":"2026-04-15T23:23:14","slug":"osmanli-tarihi-sozlugu","status":"publish","type":"product","link":"https:\/\/roveyayinevi.com.tr\/index.php\/urun\/osmanli-tarihi-sozlugu\/","title":{"rendered":"Osmanl\u0131 Tarihi S\u00f6zl\u00fc\u011f\u00fc"},"content":{"rendered":"<p>Bir tarih\u00e7inin kitapl\u0131\u011f\u0131nda olmas\u0131 gereken bu s\u00f6zl\u00fck; tarihe ilgi duyanlar\u0131n yan\u0131 s\u0131ra \u00f6\u011frenciler, \u00f6\u011fretmenler ve akademisyenler i\u00e7in de ba\u015fvuru kayna\u011f\u0131 niteli\u011findedir. Osmanl\u0131 Tarihi S\u00f6zl\u00fc\u011f\u00fc sayesinde Osman Gazi\u2019den Sultan Vahdettin\u2019e; me\u015fveretten fetihnameye; tulumbac\u0131lardan ba\u015f\u0131bozuklara; Osmanl\u0131 tarihindeki \u00f6nemli ki\u015filere, olaylara, antla\u015fmalara ve terimlere a\u2019dan z\u2019ye ula\u015fabileceksiniz.<\/p>\n","protected":false},"excerpt":{"rendered":"<p>Bir tarih\u00e7inin kitapl\u0131\u011f\u0131nda olmas\u0131 gereken bu s\u00f6zl\u00fck; tarihe ilgi duyanlar\u0131n yan\u0131 s\u0131ra \u00f6\u011frenciler, \u00f6\u011fretmenler ve akademisyenler i\u00e7in de ba\u015fvuru kayna\u011f\u0131 niteli\u011findedir. Osmanl\u0131 Tarihi S\u00f6zl\u00fc\u011f\u00fc sayesinde Osman<span class=\"excerpt-hellip\"> [\u2026]<\/span><\/p>\n","protected":false},"featured_media":0,"template":"","meta":{"_monsterinsights_skip_tracking":false,"_monsterinsights_sitenote_active":false,"_monsterinsights_sitenote_note":"","_monsterinsights_sitenote_category":0},"product_brand":[],"product_cat":[12573,12566],"product_tag":[],"class_list":{"0":"post-714820","1":"product","2":"type-product","3":"status-publish","5":"product_cat-akademik-kitaplar","6":"product_cat-egitim","7":"pa_cilt-ciltsiz","8":"pa_tur-kitap","9":"pa_yayinevi-yediveren-yayinlari","10":"pa_yazar-ahmet-murat-seyrek","12":"first","13":"instock","14":"sale","15":"shipping-taxable","16":"purchasable","17":"product-type-simple"},"_links":{"self":[{"href":"https:\/\/roveyayinevi.com.tr\/index.php\/wp-json\/wp\/v2\/product\/714820","targetHints":{"allow":["GET"]}}],"collection":[{"href":"https:\/\/roveyayinevi.com.tr\/index.php\/wp-json\/wp\/v2\/product"}],"about":[{"href":"https:\/\/roveyayinevi.com.tr\/index.php\/wp-json\/wp\/v2\/types\/product"}],"wp:attachment":[{"href":"https:\/\/roveyayinevi.com.tr\/index.php\/wp-json\/wp\/v2\/media?parent=714820"}],"wp:term":[{"taxonomy":"product_brand","embeddable":true,"href":"https:\/\/roveyayinevi.com.tr\/index.php\/wp-json\/wp\/v2\/product_brand?post=714820"},{"taxonomy":"product_cat","embeddable":true,"href":"https:\/\/roveyayinevi.com.tr\/index.php\/wp-json\/wp\/v2\/product_cat?post=714820"},{"taxonomy":"product_tag","embeddable":true,"href":"https:\/\/roveyayinevi.com.tr\/index.php\/wp-json\/wp\/v2\/product_tag?post=714820"}],"curies":[{"name":"wp","href":"https:\/\/api.w.org\/{rel}","templated":true}]}}