{"id":714818,"date":"2025-08-27T17:23:03","date_gmt":"2025-08-27T14:23:03","guid":{"rendered":"https:\/\/roveyayinevi.com.tr\/index.php\/urun\/arkadas-olalim-mi\/"},"modified":"2026-04-16T02:23:14","modified_gmt":"2026-04-15T23:23:14","slug":"arkadas-olalim-mi","status":"publish","type":"product","link":"https:\/\/roveyayinevi.com.tr\/index.php\/urun\/arkadas-olalim-mi\/","title":{"rendered":"Arkada\u015f Olal\u0131m m\u0131?"},"content":{"rendered":"<p>Marcus bir solucand\u0131r. Laurence ise tavu\u011fa benzeyen bir ku\u015f. Laurence kahvalt\u0131da Marcus\u2019u yemeye niyetlenmi\u015fken Marcus onu s\u0131cac\u0131k bir \u201cG\u00fcnayd\u0131n!\u201d ile \u015fa\u015f\u0131rt\u0131r. Marcus konu\u015farak Laurence\u2019\u0131 oyalamaya \u00e7al\u0131\u015facakt\u0131r ama hi\u00e7 beklemedi\u011fi bir \u015feyle kar\u015f\u0131la\u015f\u0131r: Laurence kendini bir flamingo zannetmektedir ve en b\u00fcy\u00fck hayali flamingo ailesiyle bulu\u015fmakt\u0131r. Fakat tek bir sorun vard\u0131r, Laurence harita okumay\u0131 bilmiyordur! Eh, yapacak bir \u015fey yoktur, Marcus\u2019un hayatta kalmak i\u00e7in tek \u015fans\u0131, Laurence\u2019\u0131 mutlulu\u011fu bulaca\u011f\u0131na inand\u0131\u011f\u0131 Afrika\u2019ya g\u00f6t\u00fcrmektir\u2026 Marcus\u2019un hayatta kalma hik\u00e2yesi, bir ku\u015f evinde ba\u015flay\u0131p flamingolar\u0131n ya\u015fad\u0131\u011f\u0131 diyarlara kadar uzanan benzersiz bir yol maceras\u0131na, s\u0131rad\u0131\u015f\u0131 bir arkada\u015fl\u0131\u011fa d\u00f6n\u00fc\u015f\u00fcyor. Bu ilgin\u00e7 karakterlerin komik mi komik maceras\u0131, \u00e7ocuklar\u0131 kli\u015feye bo\u011fmadan, kahkahalar e\u015fli\u011finde e\u011flenceli bir okumaya davet ediyor. Kitapta yer alan son derece yal\u0131n ama bir o kadar da esprili resimler de okuma zevkini ikiye katl\u0131yor. Arkada\u015f Olal\u0131m m\u0131?\u2019y\u0131 kitap okumay\u0131 sevenler kadar s\u0131k\u0131c\u0131 bulanlara da \u015fiddetle \u00f6neriyoruz!<\/p>\n","protected":false},"excerpt":{"rendered":"<p>Marcus bir solucand\u0131r. Laurence ise tavu\u011fa benzeyen bir ku\u015f. Laurence kahvalt\u0131da Marcus\u2019u yemeye niyetlenmi\u015fken Marcus onu s\u0131cac\u0131k bir \u201cG\u00fcnayd\u0131n!\u201d ile \u015fa\u015f\u0131rt\u0131r. Marcus konu\u015farak Laurence\u2019\u0131 oyalamaya \u00e7al\u0131\u015facakt\u0131r<span class=\"excerpt-hellip\"> [\u2026]<\/span><\/p>\n","protected":false},"featured_media":0,"template":"","meta":{"_monsterinsights_skip_tracking":false,"_monsterinsights_sitenote_active":false,"_monsterinsights_sitenote_note":"","_monsterinsights_sitenote_category":0},"product_brand":[],"product_cat":[12567,12566],"product_tag":[],"class_list":{"0":"post-714818","1":"product","2":"type-product","3":"status-publish","5":"product_cat-diger-egitim","6":"product_cat-egitim","7":"pa_cilt-ciltsiz","8":"pa_tur-kitap","9":"pa_yayinevi-redhouse-kidz-yayinlari","10":"pa_yazar-simone-lia","12":"first","13":"instock","14":"sale","15":"shipping-taxable","16":"purchasable","17":"product-type-simple"},"_links":{"self":[{"href":"https:\/\/roveyayinevi.com.tr\/index.php\/wp-json\/wp\/v2\/product\/714818","targetHints":{"allow":["GET"]}}],"collection":[{"href":"https:\/\/roveyayinevi.com.tr\/index.php\/wp-json\/wp\/v2\/product"}],"about":[{"href":"https:\/\/roveyayinevi.com.tr\/index.php\/wp-json\/wp\/v2\/types\/product"}],"wp:attachment":[{"href":"https:\/\/roveyayinevi.com.tr\/index.php\/wp-json\/wp\/v2\/media?parent=714818"}],"wp:term":[{"taxonomy":"product_brand","embeddable":true,"href":"https:\/\/roveyayinevi.com.tr\/index.php\/wp-json\/wp\/v2\/product_brand?post=714818"},{"taxonomy":"product_cat","embeddable":true,"href":"https:\/\/roveyayinevi.com.tr\/index.php\/wp-json\/wp\/v2\/product_cat?post=714818"},{"taxonomy":"product_tag","embeddable":true,"href":"https:\/\/roveyayinevi.com.tr\/index.php\/wp-json\/wp\/v2\/product_tag?post=714818"}],"curies":[{"name":"wp","href":"https:\/\/api.w.org\/{rel}","templated":true}]}}