{"id":714815,"date":"2025-08-27T17:23:01","date_gmt":"2025-08-27T14:23:01","guid":{"rendered":"https:\/\/roveyayinevi.com.tr\/index.php\/urun\/hurrem-sultan\/"},"modified":"2026-04-16T02:23:14","modified_gmt":"2026-04-15T23:23:14","slug":"hurrem-sultan","status":"publish","type":"product","link":"https:\/\/roveyayinevi.com.tr\/index.php\/urun\/hurrem-sultan\/","title":{"rendered":"H\u00fcrrem Sultan"},"content":{"rendered":"<p>Osmanl\u0131 saray\u0131na bir k\u00f6le olarak gelip sultanl\u0131k taht\u0131na kadar y\u00fckselen azimli bir kad\u0131n\u0131n hikayesi\u2026 G\u00fczelli\u011fi ve zekas\u0131yla krallara diz \u00e7\u00f6kt\u00fcren Kanuni Sultan S\u00fcleyman\u2019\u0131 kendine hayran b\u0131rakan dilber\u2026 As\u0131rlar ge\u00e7mesine ra\u011fmen dillere destan bir a\u015fk\u0131n nazl\u0131 kahraman\u0131\u2026 M. Turan Tan\u2019\u0131n kaleminden, okudu\u011funuz her sat\u0131rda sizi tarihin tozlu raflar\u0131 aras\u0131nda seyahate \u00e7\u0131karan harika bir roman; H\u00fcrrem Sultan.<\/p>\n","protected":false},"excerpt":{"rendered":"<p>Osmanl\u0131 saray\u0131na bir k\u00f6le olarak gelip sultanl\u0131k taht\u0131na kadar y\u00fckselen azimli bir kad\u0131n\u0131n hikayesi\u2026 G\u00fczelli\u011fi ve zekas\u0131yla krallara diz \u00e7\u00f6kt\u00fcren Kanuni Sultan S\u00fcleyman\u2019\u0131 kendine hayran b\u0131rakan<span class=\"excerpt-hellip\"> [\u2026]<\/span><\/p>\n","protected":false},"featured_media":0,"template":"","meta":{"_monsterinsights_skip_tracking":false,"_monsterinsights_sitenote_active":false,"_monsterinsights_sitenote_note":"","_monsterinsights_sitenote_category":0},"product_brand":[],"product_cat":[12291,12711],"product_tag":[],"class_list":{"0":"post-714815","1":"product","2":"type-product","3":"status-publish","5":"product_cat-edebiyat","6":"product_cat-roman-oyku","7":"pa_cilt-ciltsiz","8":"pa_tur-kitap","9":"pa_yayinevi-yediveren-yayinlari","10":"pa_yazar-m-turhan-tan","12":"first","13":"instock","14":"sale","15":"shipping-taxable","16":"purchasable","17":"product-type-simple"},"_links":{"self":[{"href":"https:\/\/roveyayinevi.com.tr\/index.php\/wp-json\/wp\/v2\/product\/714815","targetHints":{"allow":["GET"]}}],"collection":[{"href":"https:\/\/roveyayinevi.com.tr\/index.php\/wp-json\/wp\/v2\/product"}],"about":[{"href":"https:\/\/roveyayinevi.com.tr\/index.php\/wp-json\/wp\/v2\/types\/product"}],"wp:attachment":[{"href":"https:\/\/roveyayinevi.com.tr\/index.php\/wp-json\/wp\/v2\/media?parent=714815"}],"wp:term":[{"taxonomy":"product_brand","embeddable":true,"href":"https:\/\/roveyayinevi.com.tr\/index.php\/wp-json\/wp\/v2\/product_brand?post=714815"},{"taxonomy":"product_cat","embeddable":true,"href":"https:\/\/roveyayinevi.com.tr\/index.php\/wp-json\/wp\/v2\/product_cat?post=714815"},{"taxonomy":"product_tag","embeddable":true,"href":"https:\/\/roveyayinevi.com.tr\/index.php\/wp-json\/wp\/v2\/product_tag?post=714815"}],"curies":[{"name":"wp","href":"https:\/\/api.w.org\/{rel}","templated":true}]}}