{"id":714808,"date":"2025-08-27T17:22:57","date_gmt":"2025-08-27T14:22:57","guid":{"rendered":"https:\/\/roveyayinevi.com.tr\/index.php\/urun\/arkeoloji-sozlugu\/"},"modified":"2026-04-16T02:23:14","modified_gmt":"2026-04-15T23:23:14","slug":"arkeoloji-sozlugu","status":"publish","type":"product","link":"https:\/\/roveyayinevi.com.tr\/index.php\/urun\/arkeoloji-sozlugu\/","title":{"rendered":"Arkeoloji S\u00f6zl\u00fc\u011f\u00fc"},"content":{"rendered":"<p>Secda Saltuk 1960 y\u0131l\u0131nda \u0130stanbul\u2019da do\u011fdu. 1983 y\u0131l\u0131nda \u0130stanbul \u00dcniversitesi Edebiyat Fak\u00fcltesi Klasik Arkeoloji B\u00f6l\u00fcm\u00fc\u2019nden mezun oldu. 1980-1983 ve 1987-1989 y\u0131llar\u0131 aras\u0131nda Perge kaz\u0131lar\u0131nda \u00e7al\u0131\u015ft\u0131. \u0130lk fi\u015flerini haz\u0131rlamaya 1981\u2019de ba\u015flad\u0131\u011f\u0131 ve aral\u0131kl\u0131 \u00e7al\u0131\u015fmalarla 1989 kas\u0131m\u0131nda tamamlad\u0131\u011f\u0131 \u201cArkeoloji S\u00f6zl\u00fc\u011f\u00fc\u201dn\u00fc \u00f6ncelikle arkeoloji \u00f6\u011frencilerinin yararlanabilmesi amac\u0131yla d\u00fczenledi. <\/p>\n","protected":false},"excerpt":{"rendered":"<p>Secda Saltuk 1960 y\u0131l\u0131nda \u0130stanbul\u2019da do\u011fdu. 1983 y\u0131l\u0131nda \u0130stanbul \u00dcniversitesi Edebiyat Fak\u00fcltesi Klasik Arkeoloji B\u00f6l\u00fcm\u00fc\u2019nden mezun oldu. 1980-1983 ve 1987-1989 y\u0131llar\u0131 aras\u0131nda Perge kaz\u0131lar\u0131nda \u00e7al\u0131\u015ft\u0131. \u0130lk<span class=\"excerpt-hellip\"> [\u2026]<\/span><\/p>\n","protected":false},"featured_media":0,"template":"","meta":{"_monsterinsights_skip_tracking":false,"_monsterinsights_sitenote_active":false,"_monsterinsights_sitenote_note":"","_monsterinsights_sitenote_category":0},"product_brand":[],"product_cat":[12534,12304],"product_tag":[],"class_list":{"0":"post-714808","1":"product","2":"type-product","3":"status-publish","5":"product_cat-referans-kitaplar","6":"product_cat-tarih","7":"pa_cilt-ciltsiz","8":"pa_tur-kitap","9":"pa_yayinevi-inkilap-kitabevi","10":"pa_yazar-secda-saltuk","12":"first","13":"instock","14":"sale","15":"shipping-taxable","16":"purchasable","17":"product-type-simple"},"_links":{"self":[{"href":"https:\/\/roveyayinevi.com.tr\/index.php\/wp-json\/wp\/v2\/product\/714808","targetHints":{"allow":["GET"]}}],"collection":[{"href":"https:\/\/roveyayinevi.com.tr\/index.php\/wp-json\/wp\/v2\/product"}],"about":[{"href":"https:\/\/roveyayinevi.com.tr\/index.php\/wp-json\/wp\/v2\/types\/product"}],"wp:attachment":[{"href":"https:\/\/roveyayinevi.com.tr\/index.php\/wp-json\/wp\/v2\/media?parent=714808"}],"wp:term":[{"taxonomy":"product_brand","embeddable":true,"href":"https:\/\/roveyayinevi.com.tr\/index.php\/wp-json\/wp\/v2\/product_brand?post=714808"},{"taxonomy":"product_cat","embeddable":true,"href":"https:\/\/roveyayinevi.com.tr\/index.php\/wp-json\/wp\/v2\/product_cat?post=714808"},{"taxonomy":"product_tag","embeddable":true,"href":"https:\/\/roveyayinevi.com.tr\/index.php\/wp-json\/wp\/v2\/product_tag?post=714808"}],"curies":[{"name":"wp","href":"https:\/\/api.w.org\/{rel}","templated":true}]}}