{"id":714807,"date":"2025-08-27T17:22:56","date_gmt":"2025-08-27T14:22:56","guid":{"rendered":"https:\/\/roveyayinevi.com.tr\/index.php\/urun\/osmanlica-turkce-sozluk-kucuk\/"},"modified":"2026-04-16T02:23:14","modified_gmt":"2026-04-15T23:23:14","slug":"osmanlica-turkce-sozluk-kucuk","status":"publish","type":"product","link":"https:\/\/roveyayinevi.com.tr\/index.php\/urun\/osmanlica-turkce-sozluk-kucuk\/","title":{"rendered":"Osmanl\u0131ca &#8211; T\u00fcrk\u00e7e S\u00f6zl\u00fck (K\u00fc\u00e7\u00fck)"},"content":{"rendered":"<p>Osmanl\u0131ca &#8211; T\u00fcrk\u00e7e S\u00f6zl\u00fck (K\u00fc\u00e7\u00fck)<\/p>\n","protected":false},"excerpt":{"rendered":"<p>Osmanl\u0131ca &#8211; T\u00fcrk\u00e7e S\u00f6zl\u00fck (K\u00fc\u00e7\u00fck)<\/p>\n","protected":false},"featured_media":0,"template":"","meta":{"_monsterinsights_skip_tracking":false,"_monsterinsights_sitenote_active":false,"_monsterinsights_sitenote_note":"","_monsterinsights_sitenote_category":0},"product_brand":[],"product_cat":[12566,29154,13611],"product_tag":[],"class_list":{"0":"post-714807","1":"product","2":"type-product","3":"status-publish","5":"product_cat-egitim","6":"product_cat-osmanlica-sozlukler","7":"product_cat-sozlukler-ve-konusma-kilavuzlari","8":"pa_cilt-ciltsiz","9":"pa_tur-kitap","10":"pa_yayinevi-inkilap-kitabevi","11":"pa_yazar-mustafa-nihat-ozon","13":"first","14":"instock","15":"sale","16":"shipping-taxable","17":"purchasable","18":"product-type-simple"},"_links":{"self":[{"href":"https:\/\/roveyayinevi.com.tr\/index.php\/wp-json\/wp\/v2\/product\/714807","targetHints":{"allow":["GET"]}}],"collection":[{"href":"https:\/\/roveyayinevi.com.tr\/index.php\/wp-json\/wp\/v2\/product"}],"about":[{"href":"https:\/\/roveyayinevi.com.tr\/index.php\/wp-json\/wp\/v2\/types\/product"}],"wp:attachment":[{"href":"https:\/\/roveyayinevi.com.tr\/index.php\/wp-json\/wp\/v2\/media?parent=714807"}],"wp:term":[{"taxonomy":"product_brand","embeddable":true,"href":"https:\/\/roveyayinevi.com.tr\/index.php\/wp-json\/wp\/v2\/product_brand?post=714807"},{"taxonomy":"product_cat","embeddable":true,"href":"https:\/\/roveyayinevi.com.tr\/index.php\/wp-json\/wp\/v2\/product_cat?post=714807"},{"taxonomy":"product_tag","embeddable":true,"href":"https:\/\/roveyayinevi.com.tr\/index.php\/wp-json\/wp\/v2\/product_tag?post=714807"}],"curies":[{"name":"wp","href":"https:\/\/api.w.org\/{rel}","templated":true}]}}