{"id":714805,"date":"2025-08-27T17:22:55","date_gmt":"2025-08-27T14:22:55","guid":{"rendered":"https:\/\/roveyayinevi.com.tr\/index.php\/urun\/die-karawane-kervan-almanca-turkce-bakisimli-hikayeler\/"},"modified":"2026-04-16T02:23:14","modified_gmt":"2026-04-15T23:23:14","slug":"die-karawane-kervan-almanca-turkce-bakisimli-hikayeler","status":"publish","type":"product","link":"https:\/\/roveyayinevi.com.tr\/index.php\/urun\/die-karawane-kervan-almanca-turkce-bakisimli-hikayeler\/","title":{"rendered":"Die Karawane (Kervan) &#8211; Almanca &#8211; T\u00fcrk\u00e7e Bak\u0131\u015f\u0131ml\u0131 Hikayeler"},"content":{"rendered":"<p>Es zog einmal eine gro\u00dfe Karawane durch die W\u00fcste. Auf der ungeheuren Ebene, wo man nichts als Sand und Himmel sieht, h\u00f6rte man schon in weiter Ferne die Glocken der Kamele und die silbernen R\u00f6llchen der Pferde, eine dichte Staubwolke, die ihr vorherging, verk\u00fcndete ihre N\u00e4he, und wenn ein Luftzug die Wolke teilte, blendeten funkelnde Waffen und helleuchtende Gew\u00e4nder das Auge.Bir zamanlar \u00e7\u00f6lden ge\u00e7en b\u00fcy\u00fck bir kervan varm\u0131\u015f. G\u00f6ky\u00fcz\u00fcnden ve kumdan ba\u015fka bir \u015fey g\u00f6r\u00fclmeyen devasa b\u00fcy\u00fckl\u00fckteki d\u00fczl\u00fckte uzaklardan develerin \u00e7anlar\u0131n\u0131n ve atlar\u0131n g\u00fcm\u00fc\u015f bilekliklerinin sesleri duyuluyormu\u015f. \u00d6nden gelen kal\u0131n bir toz bulutu, kervan\u0131n yakla\u015fmakta oldu\u011funun habercisiymi\u015f. Bir r\u00fczgar toz bulutunu da\u011f\u0131tt\u0131\u011f\u0131nda, par\u0131ldayan silahlar ve par\u0131l par\u0131l parlayan elbiseler g\u00f6zleri kama\u015ft\u0131r\u0131yormu\u015f.<\/p>\n","protected":false},"excerpt":{"rendered":"<p>Es zog einmal eine gro\u00dfe Karawane durch die W\u00fcste. Auf der ungeheuren Ebene, wo man nichts als Sand und Himmel sieht, h\u00f6rte man schon in weiter<span class=\"excerpt-hellip\"> [\u2026]<\/span><\/p>\n","protected":false},"featured_media":0,"template":"","meta":{"_monsterinsights_skip_tracking":false,"_monsterinsights_sitenote_active":false,"_monsterinsights_sitenote_note":"","_monsterinsights_sitenote_category":0},"product_brand":[],"product_cat":[30023,13527],"product_tag":[],"class_list":{"0":"post-714805","1":"product","2":"type-product","3":"status-publish","5":"product_cat-edebiyat-sureli-yayinlar","6":"product_cat-sureli-yayinlar","7":"pa_cilt-ciltsiz","8":"pa_tur-kitap","9":"pa_yayinevi-dorlion-yayinevi","10":"pa_yazar-kolektif","12":"first","13":"instock","14":"sale","15":"shipping-taxable","16":"purchasable","17":"product-type-simple"},"_links":{"self":[{"href":"https:\/\/roveyayinevi.com.tr\/index.php\/wp-json\/wp\/v2\/product\/714805","targetHints":{"allow":["GET"]}}],"collection":[{"href":"https:\/\/roveyayinevi.com.tr\/index.php\/wp-json\/wp\/v2\/product"}],"about":[{"href":"https:\/\/roveyayinevi.com.tr\/index.php\/wp-json\/wp\/v2\/types\/product"}],"wp:attachment":[{"href":"https:\/\/roveyayinevi.com.tr\/index.php\/wp-json\/wp\/v2\/media?parent=714805"}],"wp:term":[{"taxonomy":"product_brand","embeddable":true,"href":"https:\/\/roveyayinevi.com.tr\/index.php\/wp-json\/wp\/v2\/product_brand?post=714805"},{"taxonomy":"product_cat","embeddable":true,"href":"https:\/\/roveyayinevi.com.tr\/index.php\/wp-json\/wp\/v2\/product_cat?post=714805"},{"taxonomy":"product_tag","embeddable":true,"href":"https:\/\/roveyayinevi.com.tr\/index.php\/wp-json\/wp\/v2\/product_tag?post=714805"}],"curies":[{"name":"wp","href":"https:\/\/api.w.org\/{rel}","templated":true}]}}