{"id":714804,"date":"2025-08-27T17:22:55","date_gmt":"2025-08-27T14:22:55","guid":{"rendered":"https:\/\/roveyayinevi.com.tr\/index.php\/urun\/das-feuerzeug-cakmak-almanca-turkce-bakisimli-hikayeler\/"},"modified":"2026-04-07T02:30:32","modified_gmt":"2026-04-06T23:30:32","slug":"das-feuerzeug-cakmak-almanca-turkce-bakisimli-hikayeler","status":"publish","type":"product","link":"https:\/\/roveyayinevi.com.tr\/index.php\/urun\/das-feuerzeug-cakmak-almanca-turkce-bakisimli-hikayeler\/","title":{"rendered":"Das Feuerzeug (\u00c7akmak) &#8211; Almanca &#8211; T\u00fcrk\u00e7e Bak\u0131\u015f\u0131ml\u0131 Hikayeler"},"content":{"rendered":"<p>Es kam ein Soldat die Landstra\u00dfe dahermar- schiert: Eins, zwei! Eins, zwei! Er hatte seinen Tor- nister auf dem R\u00fccken und einen S\u00e4bel an der Sei- te, denn er war im Kriege gewesen und wollte nun heim. Da traf er eine alte Hexe auf dem Wege. Sie war garstig, ihre Unterlippe hing ihr bis auf die Brust hinab.Evine do\u011fru uygun ad\u0131m y\u00fcr\u00fcyen bir asker \u00e7\u0131kagelmi\u015f. Bir, iki! Bir, iki! S\u0131rt\u0131nda \u00e7antas\u0131, belinde k\u0131l\u0131c\u0131 varm\u0131\u015f. \u00c7\u00fcnk\u00fc sava\u015fa kat\u0131lm\u0131\u015f ve \u015fimdi evine d\u00f6nmek istiyormu\u015f. Derken yolda ya\u015fl\u0131 bir b\u00fcy\u00fcc\u00fcye rastlam\u0131\u015f. Kad\u0131n \u00e7ok \u00e7irkinmi\u015f, alt duda\u011f\u0131 g\u00f6\u011fs\u00fcne kadar sark\u0131yormu\u015f.<\/p>\n","protected":false},"excerpt":{"rendered":"<p>Es kam ein Soldat die Landstra\u00dfe dahermar- schiert: Eins, zwei! Eins, zwei! Er hatte seinen Tor- nister auf dem R\u00fccken und einen S\u00e4bel an der Sei-<span class=\"excerpt-hellip\"> [\u2026]<\/span><\/p>\n","protected":false},"featured_media":0,"template":"","meta":{"_monsterinsights_skip_tracking":false,"_monsterinsights_sitenote_active":false,"_monsterinsights_sitenote_note":"","_monsterinsights_sitenote_category":0},"product_brand":[],"product_cat":[12291,12711],"product_tag":[],"class_list":{"0":"post-714804","1":"product","2":"type-product","3":"status-publish","5":"product_cat-edebiyat","6":"product_cat-roman-oyku","7":"pa_cilt-ciltsiz","8":"pa_tur-kitap","9":"pa_yayinevi-dorlion-yayinevi","10":"pa_yazar-kolektif","12":"first","13":"instock","14":"sale","15":"shipping-taxable","16":"purchasable","17":"product-type-simple"},"_links":{"self":[{"href":"https:\/\/roveyayinevi.com.tr\/index.php\/wp-json\/wp\/v2\/product\/714804","targetHints":{"allow":["GET"]}}],"collection":[{"href":"https:\/\/roveyayinevi.com.tr\/index.php\/wp-json\/wp\/v2\/product"}],"about":[{"href":"https:\/\/roveyayinevi.com.tr\/index.php\/wp-json\/wp\/v2\/types\/product"}],"wp:attachment":[{"href":"https:\/\/roveyayinevi.com.tr\/index.php\/wp-json\/wp\/v2\/media?parent=714804"}],"wp:term":[{"taxonomy":"product_brand","embeddable":true,"href":"https:\/\/roveyayinevi.com.tr\/index.php\/wp-json\/wp\/v2\/product_brand?post=714804"},{"taxonomy":"product_cat","embeddable":true,"href":"https:\/\/roveyayinevi.com.tr\/index.php\/wp-json\/wp\/v2\/product_cat?post=714804"},{"taxonomy":"product_tag","embeddable":true,"href":"https:\/\/roveyayinevi.com.tr\/index.php\/wp-json\/wp\/v2\/product_tag?post=714804"}],"curies":[{"name":"wp","href":"https:\/\/api.w.org\/{rel}","templated":true}]}}