{"id":714803,"date":"2025-08-27T17:22:54","date_gmt":"2025-08-27T14:22:54","guid":{"rendered":"https:\/\/roveyayinevi.com.tr\/index.php\/urun\/standart-ispanyolca-turkce-turkce-ispanyolca-sozluk\/"},"modified":"2026-04-16T02:23:14","modified_gmt":"2026-04-15T23:23:14","slug":"standart-ispanyolca-turkce-turkce-ispanyolca-sozluk","status":"publish","type":"product","link":"https:\/\/roveyayinevi.com.tr\/index.php\/urun\/standart-ispanyolca-turkce-turkce-ispanyolca-sozluk\/","title":{"rendered":"Standart \u0130spanyolca &#8211; T\u00fcrk\u00e7e T\u00fcrk\u00e7e &#8211; \u0130spanyolca S\u00f6zl\u00fck"},"content":{"rendered":"<p>Bu s\u00f6zl\u00fckte bilim, t\u0131p, matematik, hukuk, ekonomi, askerlik, denizcilik, felsefe, edebiyat, biyoloji, anatomi, botanik, zooloji, ileti\u015fim gibi \u00e7ok \u00e7e\u015fitli konularda yakla\u015f\u0131k 50.000 madde alt\u0131nda toplanm\u0131\u015f s\u00f6zc\u00fckler, deyimler, tamlamalar ve \u00f6rnekleri, S\u00f6zc\u00fcklerin morfolojik a\u00e7\u0131klamalar\u0131yla \u00f6nem s\u0131ras\u0131na g\u00f6re de\u011fi\u015fik anlamlar\u0131n\u0131, \u0130spanyolca ve T\u00fcrk\u00e7e fiillerin gerektirdi\u011fi edatlar ve isim hallerini, T\u00fcrk\u00e7ede uzun ve k\u0131sa hecelerle vurgunun yerini g\u00f6stererek do\u011fru telaffuzu sa\u011flayan i\u015faretleri, \u0130spanyolca ve T\u00fcrk\u00e7e telaffuz kurallar\u0131 ve dilbilgisinin ana hatlar\u0131n\u0131, Say\u0131lar, saat ve tarihleri, Co\u011frafya adlar\u0131n\u0131, Her iki dilde en \u00e7ok kullan\u0131lan k\u0131saltmalar\u0131, bulabilirsiniz.\ufffc<\/p>\n","protected":false},"excerpt":{"rendered":"<p>Bu s\u00f6zl\u00fckte bilim, t\u0131p, matematik, hukuk, ekonomi, askerlik, denizcilik, felsefe, edebiyat, biyoloji, anatomi, botanik, zooloji, ileti\u015fim gibi \u00e7ok \u00e7e\u015fitli konularda yakla\u015f\u0131k 50.000 madde alt\u0131nda toplanm\u0131\u015f s\u00f6zc\u00fckler,<span class=\"excerpt-hellip\"> [\u2026]<\/span><\/p>\n","protected":false},"featured_media":0,"template":"","meta":{"_monsterinsights_skip_tracking":false,"_monsterinsights_sitenote_active":false,"_monsterinsights_sitenote_note":"","_monsterinsights_sitenote_category":0},"product_brand":[],"product_cat":[12566,13611],"product_tag":[],"class_list":{"0":"post-714803","1":"product","2":"type-product","3":"status-publish","5":"product_cat-egitim","6":"product_cat-sozlukler-ve-konusma-kilavuzlari","7":"pa_cilt-ciltsiz","8":"pa_tur-kitap","9":"pa_yayinevi-inkilap-kitabevi","10":"pa_yazar-inci-kut-gungor-kut","12":"first","13":"instock","14":"sale","15":"shipping-taxable","16":"purchasable","17":"product-type-simple"},"_links":{"self":[{"href":"https:\/\/roveyayinevi.com.tr\/index.php\/wp-json\/wp\/v2\/product\/714803","targetHints":{"allow":["GET"]}}],"collection":[{"href":"https:\/\/roveyayinevi.com.tr\/index.php\/wp-json\/wp\/v2\/product"}],"about":[{"href":"https:\/\/roveyayinevi.com.tr\/index.php\/wp-json\/wp\/v2\/types\/product"}],"wp:attachment":[{"href":"https:\/\/roveyayinevi.com.tr\/index.php\/wp-json\/wp\/v2\/media?parent=714803"}],"wp:term":[{"taxonomy":"product_brand","embeddable":true,"href":"https:\/\/roveyayinevi.com.tr\/index.php\/wp-json\/wp\/v2\/product_brand?post=714803"},{"taxonomy":"product_cat","embeddable":true,"href":"https:\/\/roveyayinevi.com.tr\/index.php\/wp-json\/wp\/v2\/product_cat?post=714803"},{"taxonomy":"product_tag","embeddable":true,"href":"https:\/\/roveyayinevi.com.tr\/index.php\/wp-json\/wp\/v2\/product_tag?post=714803"}],"curies":[{"name":"wp","href":"https:\/\/api.w.org\/{rel}","templated":true}]}}