{"id":714802,"date":"2025-08-27T17:22:53","date_gmt":"2025-08-27T14:22:53","guid":{"rendered":"https:\/\/roveyayinevi.com.tr\/index.php\/urun\/der-schweinehirt-domuz-cobani-almanca-turkce-bakisimli-hikayeler\/"},"modified":"2026-04-16T02:23:14","modified_gmt":"2026-04-15T23:23:14","slug":"der-schweinehirt-domuz-cobani-almanca-turkce-bakisimli-hikayeler","status":"publish","type":"product","link":"https:\/\/roveyayinevi.com.tr\/index.php\/urun\/der-schweinehirt-domuz-cobani-almanca-turkce-bakisimli-hikayeler\/","title":{"rendered":"Der Schweinehirt (Domuz \u00c7oban\u0131) &#8211; Almanca &#8211; T\u00fcrk\u00e7e Bak\u0131\u015f\u0131ml\u0131 Hikayeler"},"content":{"rendered":"<p>Es war einmal ein armer Prinz; er hatte nur ein ganz kleines K\u00f6nigreich; aber es war immer gro\u00df genug, um sich darauf zu verheiraten, und verheiraten wollte er sich. Nun war es freilich etwas keck von ihm, dass er zur Tochter des Kaisers zu sagen wagte: \u201cWillst du mich haben?\u201d Aber er wagte es doch, denn sein Name war weit und breit ber\u00fchmt; es gab hundert Prinzessinnen, die gerne ja gesagt h\u00e4tten; aber ob sie es tat? Nun, wir wollen h\u00f6ren.Bir zamanlar yoksul bir prens varm\u0131\u015f. Bir tek k\u00fc\u00e7\u00fck bir krall\u0131\u011f\u0131 varm\u0131\u015f. Ama evlenebilecek kadar yeterli b\u00fcy\u00fckl\u00fckteymi\u015f. Ve prens de evlenmek istiyormu\u015f. Bir g\u00fcn imparatorun k\u0131z\u0131na \u201cBenimle evlenir misin?\u201d diye sormaya c\u00fcret edecek kadar da g\u00f6z\u00fcpekmi\u015f ku\u015fkusuz. Buna cesaret etmi\u015f, \u00e7\u00fcnk\u00fc oda yediden yetmi\u015fe nam salm\u0131\u015f. Bu teklife evet demeye haz\u0131r y\u00fczlerce prenses varm\u0131\u015f ama bunu yapm\u0131\u015flar m\u0131? \u015eimdi dinleyelim.<\/p>\n","protected":false},"excerpt":{"rendered":"<p>Es war einmal ein armer Prinz; er hatte nur ein ganz kleines K\u00f6nigreich; aber es war immer gro\u00df genug, um sich darauf zu verheiraten, und verheiraten<span class=\"excerpt-hellip\"> [\u2026]<\/span><\/p>\n","protected":false},"featured_media":0,"template":"","meta":{"_monsterinsights_skip_tracking":false,"_monsterinsights_sitenote_active":false,"_monsterinsights_sitenote_note":"","_monsterinsights_sitenote_category":0},"product_brand":[],"product_cat":[12274,12284],"product_tag":[],"class_list":{"0":"post-714802","1":"product","2":"type-product","3":"status-publish","5":"product_cat-cocuk-ve-genclik-kitaplari","6":"product_cat-hikayeler","7":"pa_cilt-ciltsiz","8":"pa_tur-kitap","9":"pa_yayinevi-dorlion-yayinevi","10":"pa_yazar-kolektif","12":"first","13":"instock","14":"sale","15":"shipping-taxable","16":"purchasable","17":"product-type-simple"},"_links":{"self":[{"href":"https:\/\/roveyayinevi.com.tr\/index.php\/wp-json\/wp\/v2\/product\/714802","targetHints":{"allow":["GET"]}}],"collection":[{"href":"https:\/\/roveyayinevi.com.tr\/index.php\/wp-json\/wp\/v2\/product"}],"about":[{"href":"https:\/\/roveyayinevi.com.tr\/index.php\/wp-json\/wp\/v2\/types\/product"}],"wp:attachment":[{"href":"https:\/\/roveyayinevi.com.tr\/index.php\/wp-json\/wp\/v2\/media?parent=714802"}],"wp:term":[{"taxonomy":"product_brand","embeddable":true,"href":"https:\/\/roveyayinevi.com.tr\/index.php\/wp-json\/wp\/v2\/product_brand?post=714802"},{"taxonomy":"product_cat","embeddable":true,"href":"https:\/\/roveyayinevi.com.tr\/index.php\/wp-json\/wp\/v2\/product_cat?post=714802"},{"taxonomy":"product_tag","embeddable":true,"href":"https:\/\/roveyayinevi.com.tr\/index.php\/wp-json\/wp\/v2\/product_tag?post=714802"}],"curies":[{"name":"wp","href":"https:\/\/api.w.org\/{rel}","templated":true}]}}