{"id":714801,"date":"2025-08-27T17:22:53","date_gmt":"2025-08-27T14:22:53","guid":{"rendered":"https:\/\/roveyayinevi.com.tr\/index.php\/urun\/pedagojik-oykuler-dizisi-24-fena-dagittim\/"},"modified":"2026-04-16T02:23:14","modified_gmt":"2026-04-15T23:23:14","slug":"pedagojik-oykuler-dizisi-24-fena-dagittim","status":"publish","type":"product","link":"https:\/\/roveyayinevi.com.tr\/index.php\/urun\/pedagojik-oykuler-dizisi-24-fena-dagittim\/","title":{"rendered":"Pedagojik \u00d6yk\u00fcler Dizisi 24 &#8211; Fena Da\u011f\u0131tt\u0131m"},"content":{"rendered":"<p>\u00c7ocu\u011funuzun da\u011f\u0131n\u0131k olmas\u0131 ve bunun bir al\u0131\u015fkanl\u0131k halini almas\u0131 onun ileriki ya\u015fam\u0131n\u0131 da olumsuz etkileyecektir. Ortam\u0131 d\u00fczenli olmayan \u00e7ocuklar\u0131n ba\u015far\u0131lar\u0131 da ini\u015fli \u00e7\u0131k\u0131\u015fl\u0131 olur. \u00c7ocuklara d\u00fczen al\u0131\u015fkanl\u0131\u011f\u0131 kazand\u0131rma g\u00f6revi ise tabii ki siz ebeveynlere d\u00fc\u015f\u00fcyor. \u00c7ocu\u011funuzla birlikte okuyabilece\u011finiz Fena Da\u011f\u0131tt\u0131m!, size ve ona bu konuda rehber olacak bir hikaye\u2026<\/p>\n","protected":false},"excerpt":{"rendered":"<p>\u00c7ocu\u011funuzun da\u011f\u0131n\u0131k olmas\u0131 ve bunun bir al\u0131\u015fkanl\u0131k halini almas\u0131 onun ileriki ya\u015fam\u0131n\u0131 da olumsuz etkileyecektir. Ortam\u0131 d\u00fczenli olmayan \u00e7ocuklar\u0131n ba\u015far\u0131lar\u0131 da ini\u015fli \u00e7\u0131k\u0131\u015fl\u0131 olur. \u00c7ocuklara d\u00fczen<span class=\"excerpt-hellip\"> [\u2026]<\/span><\/p>\n","protected":false},"featured_media":0,"template":"","meta":{"_monsterinsights_skip_tracking":false,"_monsterinsights_sitenote_active":false,"_monsterinsights_sitenote_note":"","_monsterinsights_sitenote_category":0},"product_brand":[],"product_cat":[17996,12364],"product_tag":[],"class_list":{"0":"post-714801","1":"product","2":"type-product","3":"status-publish","5":"product_cat-ebeveyn-kitaplari","6":"product_cat-genel-konular","7":"pa_cilt-ciltsiz","8":"pa_tur-kitap","9":"pa_yayinevi-mandolin-yayinlari","10":"pa_yazar-aysen-oy","12":"first","13":"instock","14":"sale","15":"shipping-taxable","16":"purchasable","17":"product-type-simple"},"_links":{"self":[{"href":"https:\/\/roveyayinevi.com.tr\/index.php\/wp-json\/wp\/v2\/product\/714801","targetHints":{"allow":["GET"]}}],"collection":[{"href":"https:\/\/roveyayinevi.com.tr\/index.php\/wp-json\/wp\/v2\/product"}],"about":[{"href":"https:\/\/roveyayinevi.com.tr\/index.php\/wp-json\/wp\/v2\/types\/product"}],"wp:attachment":[{"href":"https:\/\/roveyayinevi.com.tr\/index.php\/wp-json\/wp\/v2\/media?parent=714801"}],"wp:term":[{"taxonomy":"product_brand","embeddable":true,"href":"https:\/\/roveyayinevi.com.tr\/index.php\/wp-json\/wp\/v2\/product_brand?post=714801"},{"taxonomy":"product_cat","embeddable":true,"href":"https:\/\/roveyayinevi.com.tr\/index.php\/wp-json\/wp\/v2\/product_cat?post=714801"},{"taxonomy":"product_tag","embeddable":true,"href":"https:\/\/roveyayinevi.com.tr\/index.php\/wp-json\/wp\/v2\/product_tag?post=714801"}],"curies":[{"name":"wp","href":"https:\/\/api.w.org\/{rel}","templated":true}]}}