{"id":714799,"date":"2025-08-27T17:22:52","date_gmt":"2025-08-27T14:22:52","guid":{"rendered":"https:\/\/roveyayinevi.com.tr\/index.php\/urun\/papa-16-benedikt-gizli-turkiye-gundemi\/"},"modified":"2026-04-16T02:23:14","modified_gmt":"2026-04-15T23:23:14","slug":"papa-16-benedikt-gizli-turkiye-gundemi","status":"publish","type":"product","link":"https:\/\/roveyayinevi.com.tr\/index.php\/urun\/papa-16-benedikt-gizli-turkiye-gundemi\/","title":{"rendered":"Papa 16. Benedikt Gizli T\u00fcrkiye G\u00fcndemi"},"content":{"rendered":"<p>Kitab\u0131n ilk bask\u0131s\u0131 PAPA 16. BENED\u0130KT \/ AVRUPA B\u0130RL\u0130\u011e\u0130 VE T\u00dcRK\u0130YE ad\u0131yla yay\u0131mlanm\u0131\u015ft\u0131r. Benedikt ad\u0131n\u0131 alan papalar\u0131n ba\u015f\u0131na gelen ilgin\u00e7 olaylar ve 16. Benedikt\u2019in \u00e7ocuklu\u011fundan g\u00fcn\u00fcm\u00fcze \u00f6zel ya\u015fam\u0131, Nazilerle i\u015fbirli\u011fi yapmas\u0131 daha \u00f6nce hi\u00e7 yay\u0131mlanmam\u0131\u015f resimler ve belgelerle bu kitapta yer al\u0131yor. Benedikten Tarikat\u0131\u2019n\u0131n kurucusu Nursia\u2019l\u0131 Benedikt\u2019ten en \u00e7ok etkilenen M\u00fcsl\u00fcman tarikat liderinin kim oldu\u011fu, 16. Benedikt\u2019i papa olarak kabul etmeyen Katoliklerin gizli papas\u0131 tart\u0131\u015fmalar\u0131 ve Vatikan\u2019\u0131n y\u00fczy\u0131llard\u0131r gizlenen \u201cs\u0131rlar\u0131\u201d bu kitab\u0131 daha da ilgin\u00e7 hale getiriyor. 15 ya\u015f\u0131ndaki Benedikt Papas\u0131, Benedikten Tarikat\u0131\u2019n\u0131n gizli \u00f6rg\u00fctlerle ili\u015fkisi, orta\u00e7a\u011f engizisyon mahkemelerinde yak\u0131lan s\u00f6zde cad\u0131lar ve onlara uygulanan ak\u0131l almaz i\u015fkencelerden, Papa 16. Benedikt\u2019in gizli misyonuna kadar ge\u00e7en s\u00fcre\u00e7, \u015fa\u015f\u0131rt\u0131c\u0131 belgelerle g\u00f6zler \u00f6n\u00fcne seriliyor. Kitab\u0131n can al\u0131c\u0131 noktas\u0131 ise Papa\u2019n\u0131n T\u00fcrkiye ile ilgili bizzat haz\u0131rlatt\u0131\u011f\u0131 kapsaml\u0131 gizli bir dosyan\u0131n 22 Mart 2006 tarihinde \u00e7al\u0131\u015fma masas\u0131n\u0131n \u00fczerine konulmas\u0131yla ba\u015fl\u0131yor. Papa, T\u00fcrkiye ziyaretinde i\u015fte bu dosyada yer alan bilgiler ve iddialarla kar\u015f\u0131m\u0131za \u00e7\u0131karak T\u00fcrkiye\u2019den hayret verici taleplerde bulundu. 16. Benedikt\u2019in T\u00fcrkiye\u2019yi sarsacak gizli g\u00fcndeminde neler mi var?&#8230; <\/p>\n","protected":false},"excerpt":{"rendered":"<p>Kitab\u0131n ilk bask\u0131s\u0131 PAPA 16. BENED\u0130KT \/ AVRUPA B\u0130RL\u0130\u011e\u0130 VE T\u00dcRK\u0130YE ad\u0131yla yay\u0131mlanm\u0131\u015ft\u0131r. Benedikt ad\u0131n\u0131 alan papalar\u0131n ba\u015f\u0131na gelen ilgin\u00e7 olaylar ve 16. Benedikt\u2019in \u00e7ocuklu\u011fundan g\u00fcn\u00fcm\u00fcze<span class=\"excerpt-hellip\"> [\u2026]<\/span><\/p>\n","protected":false},"featured_media":0,"template":"","meta":{"_monsterinsights_skip_tracking":false,"_monsterinsights_sitenote_active":false,"_monsterinsights_sitenote_note":"","_monsterinsights_sitenote_category":0},"product_brand":[],"product_cat":[13072,12291],"product_tag":[],"class_list":{"0":"post-714799","1":"product","2":"type-product","3":"status-publish","5":"product_cat-arastirma-inceleme-referans","6":"product_cat-edebiyat","7":"pa_cilt-ciltsiz","8":"pa_tur-kitap","9":"pa_yayinevi-destek-yayinlari","10":"pa_yazar-aytunc-altindal","12":"first","13":"instock","14":"sale","15":"shipping-taxable","16":"purchasable","17":"product-type-simple"},"_links":{"self":[{"href":"https:\/\/roveyayinevi.com.tr\/index.php\/wp-json\/wp\/v2\/product\/714799","targetHints":{"allow":["GET"]}}],"collection":[{"href":"https:\/\/roveyayinevi.com.tr\/index.php\/wp-json\/wp\/v2\/product"}],"about":[{"href":"https:\/\/roveyayinevi.com.tr\/index.php\/wp-json\/wp\/v2\/types\/product"}],"wp:attachment":[{"href":"https:\/\/roveyayinevi.com.tr\/index.php\/wp-json\/wp\/v2\/media?parent=714799"}],"wp:term":[{"taxonomy":"product_brand","embeddable":true,"href":"https:\/\/roveyayinevi.com.tr\/index.php\/wp-json\/wp\/v2\/product_brand?post=714799"},{"taxonomy":"product_cat","embeddable":true,"href":"https:\/\/roveyayinevi.com.tr\/index.php\/wp-json\/wp\/v2\/product_cat?post=714799"},{"taxonomy":"product_tag","embeddable":true,"href":"https:\/\/roveyayinevi.com.tr\/index.php\/wp-json\/wp\/v2\/product_tag?post=714799"}],"curies":[{"name":"wp","href":"https:\/\/api.w.org\/{rel}","templated":true}]}}