{"id":714797,"date":"2025-08-27T17:22:50","date_gmt":"2025-08-27T14:22:50","guid":{"rendered":"https:\/\/roveyayinevi.com.tr\/index.php\/urun\/iyiler-kaybetmez-kaybedilir\/"},"modified":"2026-04-16T02:23:14","modified_gmt":"2026-04-15T23:23:14","slug":"iyiler-kaybetmez-kaybedilir","status":"publish","type":"product","link":"https:\/\/roveyayinevi.com.tr\/index.php\/urun\/iyiler-kaybetmez-kaybedilir\/","title":{"rendered":"\u0130yiler Kaybetmez Kaybedilir"},"content":{"rendered":"<p>\u00d6nce olmaz dediklerin olur. Sonra gitmez dediklerin gider. En son da \u00f6lmeye korktuklar\u0131n \u00f6l\u00fcr. Sanki her ac\u0131n bir \u00f6ncekine nispet eder. Her biri omuzlar\u0131ndaki yerini ald\u0131\u011f\u0131nda Ne zaman pes edece\u011fini merak eden bir d\u00fc\u015fmandan farks\u0131zd\u0131rlar. Bu; hayat\u0131n, g\u00fcc\u00fcn\u00fc s\u0131nama \u015feklidir. <\/p>\n","protected":false},"excerpt":{"rendered":"<p>\u00d6nce olmaz dediklerin olur. Sonra gitmez dediklerin gider. En son da \u00f6lmeye korktuklar\u0131n \u00f6l\u00fcr. Sanki her ac\u0131n bir \u00f6ncekine nispet eder. Her biri omuzlar\u0131ndaki yerini ald\u0131\u011f\u0131nda<span class=\"excerpt-hellip\"> [\u2026]<\/span><\/p>\n","protected":false},"featured_media":0,"template":"","meta":{"_monsterinsights_skip_tracking":false,"_monsterinsights_sitenote_active":false,"_monsterinsights_sitenote_note":"","_monsterinsights_sitenote_category":0},"product_brand":[],"product_cat":[12291,12711],"product_tag":[],"class_list":{"0":"post-714797","1":"product","2":"type-product","3":"status-publish","5":"product_cat-edebiyat","6":"product_cat-roman-oyku","7":"pa_cilt-ciltsiz","8":"pa_tur-kitap","9":"pa_yayinevi-destek-yayinlari","10":"pa_yazar-seda-eroglu","12":"first","13":"instock","14":"sale","15":"shipping-taxable","16":"purchasable","17":"product-type-simple"},"_links":{"self":[{"href":"https:\/\/roveyayinevi.com.tr\/index.php\/wp-json\/wp\/v2\/product\/714797","targetHints":{"allow":["GET"]}}],"collection":[{"href":"https:\/\/roveyayinevi.com.tr\/index.php\/wp-json\/wp\/v2\/product"}],"about":[{"href":"https:\/\/roveyayinevi.com.tr\/index.php\/wp-json\/wp\/v2\/types\/product"}],"wp:attachment":[{"href":"https:\/\/roveyayinevi.com.tr\/index.php\/wp-json\/wp\/v2\/media?parent=714797"}],"wp:term":[{"taxonomy":"product_brand","embeddable":true,"href":"https:\/\/roveyayinevi.com.tr\/index.php\/wp-json\/wp\/v2\/product_brand?post=714797"},{"taxonomy":"product_cat","embeddable":true,"href":"https:\/\/roveyayinevi.com.tr\/index.php\/wp-json\/wp\/v2\/product_cat?post=714797"},{"taxonomy":"product_tag","embeddable":true,"href":"https:\/\/roveyayinevi.com.tr\/index.php\/wp-json\/wp\/v2\/product_tag?post=714797"}],"curies":[{"name":"wp","href":"https:\/\/api.w.org\/{rel}","templated":true}]}}