{"id":714796,"date":"2025-08-27T17:22:50","date_gmt":"2025-08-27T14:22:50","guid":{"rendered":"https:\/\/roveyayinevi.com.tr\/index.php\/urun\/binbasi-erseverin-itiraflari\/"},"modified":"2026-04-16T02:23:14","modified_gmt":"2026-04-15T23:23:14","slug":"binbasi-erseverin-itiraflari","status":"publish","type":"product","link":"https:\/\/roveyayinevi.com.tr\/index.php\/urun\/binbasi-erseverin-itiraflari\/","title":{"rendered":"Binba\u015f\u0131 Ersever&#8217;in \u0130tiraflar\u0131"},"content":{"rendered":"<p>Tarih 23 Ekim 1993.\u00c7alan bir telefon.\u201cErsever\u2019i infaz ettik, s\u0131ra Soner\u2019de.\u201d Telefon kapan\u0131yor.Tarih 4 Kas\u0131m 1993.Binba\u015f\u0131 Ersever, elleri arkadan ba\u011fl\u0131, a\u011fz\u0131 bantl\u0131 halde bulunuyor.\u00d6ld\u00fcr\u00fclm\u00fc\u015f. Kafas\u0131na iki kur\u015fun s\u0131k\u0131larak.Ard\u0131ndan yak\u0131n arkada\u015f\u0131 itiraf\u00e7\u0131 Mustafa Deniz ile sevgilisi Mahsune Dguebe\u2019nin cesetleri bulunuyor.Peki Binba\u015f\u0131 Ersever\u2019i kim \u00f6ld\u00fcrd\u00fc?Ba\u015fbakan Tansu \u00c7iller \u201ckendi i\u00e7lerindeki \u00e7at\u0131\u015fma\u201d diyor.Kendi i\u00e7lerindeki?Kontrgerilla, J\u0130TEM, itiraf\u00e7\u0131lar&#8230;Kontrgerilla timleri: Anadolu Halk Cephesi&#8230; T\u0130T&#8230; KAP&#8230;\u0130tiraf\u00e7\u0131lardan kurulu Y\u0131ld\u0131z Timleri&#8230;Ye\u015fil kod adl\u0131 Ahmet Demir&#8230;Faili me\u00e7hul cinayetler&#8230;<\/p>\n","protected":false},"excerpt":{"rendered":"<p>Tarih 23 Ekim 1993.\u00c7alan bir telefon.\u201cErsever\u2019i infaz ettik, s\u0131ra Soner\u2019de.\u201d Telefon kapan\u0131yor.Tarih 4 Kas\u0131m 1993.Binba\u015f\u0131 Ersever, elleri arkadan ba\u011fl\u0131, a\u011fz\u0131 bantl\u0131 halde bulunuyor.\u00d6ld\u00fcr\u00fclm\u00fc\u015f. Kafas\u0131na iki kur\u015fun<span class=\"excerpt-hellip\"> [\u2026]<\/span><\/p>\n","protected":false},"featured_media":0,"template":"","meta":{"_monsterinsights_skip_tracking":false,"_monsterinsights_sitenote_active":false,"_monsterinsights_sitenote_note":"","_monsterinsights_sitenote_category":0},"product_brand":[],"product_cat":[13590,12337],"product_tag":[],"class_list":{"0":"post-714796","1":"product","2":"type-product","3":"status-publish","5":"product_cat-arastirma-inceleme-politika-siyaset","6":"product_cat-politika-siyaset","7":"pa_cilt-ciltsiz","8":"pa_tur-kitap","9":"pa_yayinevi-kirmizi-kedi-yayinevi","10":"pa_yazar-soner-yalcin","12":"first","13":"instock","14":"sale","15":"shipping-taxable","16":"purchasable","17":"product-type-simple"},"_links":{"self":[{"href":"https:\/\/roveyayinevi.com.tr\/index.php\/wp-json\/wp\/v2\/product\/714796","targetHints":{"allow":["GET"]}}],"collection":[{"href":"https:\/\/roveyayinevi.com.tr\/index.php\/wp-json\/wp\/v2\/product"}],"about":[{"href":"https:\/\/roveyayinevi.com.tr\/index.php\/wp-json\/wp\/v2\/types\/product"}],"wp:attachment":[{"href":"https:\/\/roveyayinevi.com.tr\/index.php\/wp-json\/wp\/v2\/media?parent=714796"}],"wp:term":[{"taxonomy":"product_brand","embeddable":true,"href":"https:\/\/roveyayinevi.com.tr\/index.php\/wp-json\/wp\/v2\/product_brand?post=714796"},{"taxonomy":"product_cat","embeddable":true,"href":"https:\/\/roveyayinevi.com.tr\/index.php\/wp-json\/wp\/v2\/product_cat?post=714796"},{"taxonomy":"product_tag","embeddable":true,"href":"https:\/\/roveyayinevi.com.tr\/index.php\/wp-json\/wp\/v2\/product_tag?post=714796"}],"curies":[{"name":"wp","href":"https:\/\/api.w.org\/{rel}","templated":true}]}}