{"id":714795,"date":"2025-08-27T17:22:49","date_gmt":"2025-08-27T14:22:49","guid":{"rendered":"https:\/\/roveyayinevi.com.tr\/index.php\/urun\/dogurganlik-beslenmesi-ve-annelik-diyeti\/"},"modified":"2026-04-16T02:23:14","modified_gmt":"2026-04-15T23:23:14","slug":"dogurganlik-beslenmesi-ve-annelik-diyeti","status":"publish","type":"product","link":"https:\/\/roveyayinevi.com.tr\/index.php\/urun\/dogurganlik-beslenmesi-ve-annelik-diyeti\/","title":{"rendered":"Do\u011furganl\u0131k Beslenmesi ve Annelik Diyeti"},"content":{"rendered":"<p>\u00c7ocu\u011fu Olmayanlar \u0130\u00e7in Do\u011furganl\u0131\u011f\u0131 Art\u0131racak Beslenme ve Yemek Tarifleri   \u00c7o\u011fu insan gebe kalman\u0131n kolay bir s\u00fcre\u00e7 oldu\u011funu d\u00fc\u015f\u00fcn\u00fcr. Pek \u00e7ok \u00e7ift bunun o kadar da kolay olmad\u0131\u011f\u0131n\u0131 bebek sahibi olmaya karar verdi\u011finde fark ediyor. Kad\u0131n Hastal\u0131klar\u0131 ve Do\u011fum Uzman\u0131 Do\u00e7. Dr. Hakan \u00c7oks\u00fcer bir hekim olarak y\u0131llard\u0131r t\u00fcp bebek \u00fczerine \u00e7al\u0131\u015fmalar yapt\u0131ktan sonra k\u0131s\u0131rl\u0131\u011fa yol a\u00e7an etkenlerin sadece sa\u011fl\u0131k sorunlar\u0131 olmad\u0131\u011f\u0131n\u0131 ayn\u0131 zamanda beslenme al\u0131\u015fkanl\u0131klar\u0131, \u00e7iftlerin psikolojileri, hormonal dengeler, ya\u015f, kilo, hayat tarz\u0131, stres, kullan\u0131lan ila\u00e7lar, sigara ve alkol al\u0131\u015fkanl\u0131klar\u0131 ile ilgili oldu\u011funu tespit etmi\u015ftir. Bu kitap; do\u011furganl\u0131kla ilgili sorunu olan \u00e7iftlerin do\u011furganl\u0131\u011f\u0131n\u0131 \u00f6nemli \u00f6l\u00e7\u00fcde art\u0131racak beslenme \u00f6nerilerini ve yemek tariflerini i\u00e7eriyor. Daha da \u00f6nemlisi olacak \u00e7ocu\u011funuz i\u00e7in yapaca\u011f\u0131n\u0131z en \u00f6nemli yat\u0131r\u0131m, ona verebilece\u011finiz en b\u00fcy\u00fck hediye kaliteli yumurta ve sperme sahip olman\u0131z. Bu, \u00e7ocu\u011funuzun hayat boyu sa\u011fl\u0131\u011f\u0131n\u0131 etkileyen en \u00f6nemli \u015fey. Bebek sahibi olmaya karar vermeden alt\u0131 ay \u00f6nce bu kitaptaki \u00f6nerileri uygulaman\u0131z hem do\u011furganl\u0131\u011f\u0131n\u0131z\u0131 art\u0131racak hem de do\u011facak \u00e7ocu\u011funuzun sa\u011fl\u0131\u011f\u0131n\u0131 bire bir etkileyecek. Bu kitaptaki \u00f6nerileri uygulamak hem sa\u011fl\u0131kl\u0131 anneler hem de sa\u011fl\u0131kl\u0131 nesiller demek! <\/p>\n","protected":false},"excerpt":{"rendered":"<p>\u00c7ocu\u011fu Olmayanlar \u0130\u00e7in Do\u011furganl\u0131\u011f\u0131 Art\u0131racak Beslenme ve Yemek Tarifleri \u00c7o\u011fu insan gebe kalman\u0131n kolay bir s\u00fcre\u00e7 oldu\u011funu d\u00fc\u015f\u00fcn\u00fcr. Pek \u00e7ok \u00e7ift bunun o kadar da kolay<span class=\"excerpt-hellip\"> [\u2026]<\/span><\/p>\n","protected":false},"featured_media":0,"template":"","meta":{"_monsterinsights_skip_tracking":false,"_monsterinsights_sitenote_active":false,"_monsterinsights_sitenote_note":"","_monsterinsights_sitenote_category":0},"product_brand":[],"product_cat":[13402,13365],"product_tag":[],"class_list":{"0":"post-714795","1":"product","2":"type-product","3":"status-publish","5":"product_cat-beslenme-ve-diyet","6":"product_cat-saglik","7":"pa_cilt-ciltsiz","8":"pa_tur-kitap","9":"pa_yayinevi-hayat-yayinlari","10":"pa_yazar-hakan-coksuer","12":"first","13":"instock","14":"sale","15":"shipping-taxable","16":"purchasable","17":"product-type-simple"},"_links":{"self":[{"href":"https:\/\/roveyayinevi.com.tr\/index.php\/wp-json\/wp\/v2\/product\/714795","targetHints":{"allow":["GET"]}}],"collection":[{"href":"https:\/\/roveyayinevi.com.tr\/index.php\/wp-json\/wp\/v2\/product"}],"about":[{"href":"https:\/\/roveyayinevi.com.tr\/index.php\/wp-json\/wp\/v2\/types\/product"}],"wp:attachment":[{"href":"https:\/\/roveyayinevi.com.tr\/index.php\/wp-json\/wp\/v2\/media?parent=714795"}],"wp:term":[{"taxonomy":"product_brand","embeddable":true,"href":"https:\/\/roveyayinevi.com.tr\/index.php\/wp-json\/wp\/v2\/product_brand?post=714795"},{"taxonomy":"product_cat","embeddable":true,"href":"https:\/\/roveyayinevi.com.tr\/index.php\/wp-json\/wp\/v2\/product_cat?post=714795"},{"taxonomy":"product_tag","embeddable":true,"href":"https:\/\/roveyayinevi.com.tr\/index.php\/wp-json\/wp\/v2\/product_tag?post=714795"}],"curies":[{"name":"wp","href":"https:\/\/api.w.org\/{rel}","templated":true}]}}