{"id":714794,"date":"2025-08-27T17:22:49","date_gmt":"2025-08-27T14:22:49","guid":{"rendered":"https:\/\/roveyayinevi.com.tr\/index.php\/urun\/sahane-kitap\/"},"modified":"2026-04-16T02:23:14","modified_gmt":"2026-04-15T23:23:14","slug":"sahane-kitap","status":"publish","type":"product","link":"https:\/\/roveyayinevi.com.tr\/index.php\/urun\/sahane-kitap\/","title":{"rendered":"\u015eahane Kitap"},"content":{"rendered":"<p>\u00dcz\u00fcc\u00fc ve can s\u0131k\u0131c\u0131 haberlerin eksik olmad\u0131\u011f\u0131 bir d\u00fcnyada bir anl\u0131\u011f\u0131na durup insanl\u0131\u011f\u0131n geri kalan\u0131yla bir be\u015flik \u00e7akmak e\u011flenceli bir \u015fey.Bizi g\u00fcl\u00fcmseten \u015feyleri unutmak kolayd\u0131r. 7\/24 haber d\u00f6ng\u00fcs\u00fcnde, kutup buzullar\u0131n\u0131n erimesini, kas\u0131rgalar\u0131, k\u00fcresel \u0131s\u0131nmay\u0131, sava\u015flar\u0131, i\u015f piyasas\u0131n\u0131n krizlerini, d\u00fcnyan\u0131n ya\u015fad\u0131\u011f\u0131 bunal\u0131mlar\u0131 izleyip duruyoruz. Fakat \u015fu hayatta harika \u015feyler de oluyor ve bazen bunlar\u0131 fark etmemiz i\u00e7in birilerinin onlar\u0131 i\u015faret etmesi gerekiyor. Hayattan keyif almak i\u00e7in \u00f6ncelikle g\u00f6zlerimizi a\u00e7mal\u0131y\u0131z. B\u00fcy\u00fck mutluluklar\u0131 bekleyerek \u00f6m\u00fcr t\u00fcketmekten vazge\u00e7ip k\u00fc\u00e7\u00fck \u015feylerde var olan sevin\u00e7leri toplamak \u00e7ok daha g\u00fczel. E\u011fer bu bahsetti\u011fimiz k\u00fc\u00e7\u00fck \u015feylerin ne oldu\u011funu merak ediyorsan\u0131z i\u015fte size birka\u00e7 \u00f6rnek: \u00c7ok ihtiya\u00e7 duydu\u011funuz bir anda Pantolonun cebinde para bulmak. G\u00f6ze ka\u00e7an kirpi\u011fi \u00e7\u0131karmak. Yan\u0131n\u0131zda horlayan ki\u015fiyi d\u00fczeltmeniz ve bunun mucizevi bir \u015fekilde i\u015fe yaramas\u0131. S\u0131cak bir g\u00fcnde bir g\u00f6l veya deniz kenar\u0131nda Ayaklar\u0131 suya sokmak. \u0130\u015f g\u00fcn\u00fcne uyand\u0131\u011f\u0131n\u0131z\u0131 d\u00fc\u015f\u00fcn\u00fcrken g\u00fcnlerden cumartesi oldu\u011funu fark etmek ve daha nicesi\u2026T\u00fcm d\u00fcnyada sat\u0131\u015f rekorlar\u0131 k\u0131ran \u015eahane Kitap, hayatta iyi \u015feylerin de oldu\u011funu hat\u0131rlat\u0131yor (evet, b\u00fcy\u00fckanneniz hakl\u0131yd\u0131). \u00d6d\u00fcll\u00fc mizah yazar\u0131 Neil Pasricha g\u00f6zlemleriyle sizi y\u00fcksek sesle g\u00fcld\u00fcr\u00fcrken, sizi ya\u015fam\u0131n\u0131n ba\u015flang\u0131c\u0131nda d\u00fcnyaya bakan bir \u00e7ocuk gibi hissettiriyor ve her sayfada y\u00fcz\u00fcn\u00fczde g\u00fcl\u00fcmseme eksik olmuyor. Okuyun ve iyi hissedece\u011finiz her \u015feyi hat\u0131rlay\u0131n.<\/p>\n","protected":false},"excerpt":{"rendered":"<p>\u00dcz\u00fcc\u00fc ve can s\u0131k\u0131c\u0131 haberlerin eksik olmad\u0131\u011f\u0131 bir d\u00fcnyada bir anl\u0131\u011f\u0131na durup insanl\u0131\u011f\u0131n geri kalan\u0131yla bir be\u015flik \u00e7akmak e\u011flenceli bir \u015fey.Bizi g\u00fcl\u00fcmseten \u015feyleri unutmak kolayd\u0131r. 7\/24<span class=\"excerpt-hellip\"> [\u2026]<\/span><\/p>\n","protected":false},"featured_media":0,"template":"","meta":{"_monsterinsights_skip_tracking":false,"_monsterinsights_sitenote_active":false,"_monsterinsights_sitenote_note":"","_monsterinsights_sitenote_category":0},"product_brand":[],"product_cat":[12364,12376],"product_tag":[],"class_list":{"0":"post-714794","1":"product","2":"type-product","3":"status-publish","5":"product_cat-genel-konular","6":"product_cat-kisisel-gelisim","7":"pa_cilt-ciltsiz","8":"pa_tur-kitap","9":"pa_yayinevi-marti-yayinlari","10":"pa_yazar-neil-pasricha","12":"first","13":"instock","14":"sale","15":"shipping-taxable","16":"purchasable","17":"product-type-simple"},"_links":{"self":[{"href":"https:\/\/roveyayinevi.com.tr\/index.php\/wp-json\/wp\/v2\/product\/714794","targetHints":{"allow":["GET"]}}],"collection":[{"href":"https:\/\/roveyayinevi.com.tr\/index.php\/wp-json\/wp\/v2\/product"}],"about":[{"href":"https:\/\/roveyayinevi.com.tr\/index.php\/wp-json\/wp\/v2\/types\/product"}],"wp:attachment":[{"href":"https:\/\/roveyayinevi.com.tr\/index.php\/wp-json\/wp\/v2\/media?parent=714794"}],"wp:term":[{"taxonomy":"product_brand","embeddable":true,"href":"https:\/\/roveyayinevi.com.tr\/index.php\/wp-json\/wp\/v2\/product_brand?post=714794"},{"taxonomy":"product_cat","embeddable":true,"href":"https:\/\/roveyayinevi.com.tr\/index.php\/wp-json\/wp\/v2\/product_cat?post=714794"},{"taxonomy":"product_tag","embeddable":true,"href":"https:\/\/roveyayinevi.com.tr\/index.php\/wp-json\/wp\/v2\/product_tag?post=714794"}],"curies":[{"name":"wp","href":"https:\/\/api.w.org\/{rel}","templated":true}]}}