{"id":714792,"date":"2025-08-27T17:22:48","date_gmt":"2025-08-27T14:22:48","guid":{"rendered":"https:\/\/roveyayinevi.com.tr\/index.php\/urun\/calistir-saksiyi\/"},"modified":"2026-04-16T02:23:14","modified_gmt":"2026-04-15T23:23:14","slug":"calistir-saksiyi","status":"publish","type":"product","link":"https:\/\/roveyayinevi.com.tr\/index.php\/urun\/calistir-saksiyi\/","title":{"rendered":"\u00c7al\u0131\u015ft\u0131r Saks\u0131y\u0131"},"content":{"rendered":"<p>Bunun yaln\u0131zca basit bir kitap oldu\u011funu mu d\u00fc\u015f\u00fcn\u00fcyorsun?Asl\u0131nda, elindeki kitap bug\u00fcne dek g\u00f6r\u00fcp g\u00f6rebilece\u011fin en donan\u0131ml\u0131 spor salonlar\u0131ndan biri. Onu kar\u0131\u015ft\u0131rd\u0131k\u00e7a, sahip oldu\u011fun en de\u011ferli \u015feyi \u2013beynini\u2013 \u00e7al\u0131\u015ft\u0131rmak i\u00e7in bir\u00e7ok y\u00f6ntem ve aktivite \u00f6\u011freneceksin Terlemek istemiyor musun? Merak etme, ne a\u011f\u0131rl\u0131k kullanaca\u011f\u0131z ne spor ayakkab\u0131s\u0131! Yaln\u0131zca birlikte oyun oynayaca\u011f\u0131z. Evet, do\u011fru okudun\u2026 Oyun oynayarak beynini geli\u015ftireceksin, \u00e7\u00fcnk\u00fc oyun, bir \u015fey \u00f6\u011frenmenin en m\u00fcthi\u015f yoludur. \u00c7al\u0131\u015ft\u0131r Saks\u0131y\u0131 hem konsantrasyon becerini hem de haf\u0131zan\u0131 g\u00fc\u00e7lendirmene, mant\u0131\u011f\u0131n\u0131 kullanmana ve yarat\u0131c\u0131l\u0131\u011f\u0131n\u0131 geli\u015ftirmene yard\u0131mc\u0131 olacak bir rehber kitap. Ayn\u0131 zamanda fazlas\u0131yla e\u011flenceli bir laboratuvar.<\/p>\n","protected":false},"excerpt":{"rendered":"<p>Bunun yaln\u0131zca basit bir kitap oldu\u011funu mu d\u00fc\u015f\u00fcn\u00fcyorsun?Asl\u0131nda, elindeki kitap bug\u00fcne dek g\u00f6r\u00fcp g\u00f6rebilece\u011fin en donan\u0131ml\u0131 spor salonlar\u0131ndan biri. Onu kar\u0131\u015ft\u0131rd\u0131k\u00e7a, sahip oldu\u011fun en de\u011ferli \u015feyi<span class=\"excerpt-hellip\"> [\u2026]<\/span><\/p>\n","protected":false},"featured_media":0,"template":"","meta":{"_monsterinsights_skip_tracking":false,"_monsterinsights_sitenote_active":false,"_monsterinsights_sitenote_note":"","_monsterinsights_sitenote_category":0},"product_brand":[],"product_cat":[12274,15842],"product_tag":[],"class_list":{"0":"post-714792","1":"product","2":"type-product","3":"status-publish","5":"product_cat-cocuk-ve-genclik-kitaplari","6":"product_cat-egitici-kitaplar","7":"pa_cilt-ciltsiz","8":"pa_tur-kitap","9":"pa_yayinevi-domingo-yayinevi","10":"pa_yazar-carlo-carzan-sonia-scalco","12":"first","13":"instock","14":"sale","15":"shipping-taxable","16":"purchasable","17":"product-type-simple"},"_links":{"self":[{"href":"https:\/\/roveyayinevi.com.tr\/index.php\/wp-json\/wp\/v2\/product\/714792","targetHints":{"allow":["GET"]}}],"collection":[{"href":"https:\/\/roveyayinevi.com.tr\/index.php\/wp-json\/wp\/v2\/product"}],"about":[{"href":"https:\/\/roveyayinevi.com.tr\/index.php\/wp-json\/wp\/v2\/types\/product"}],"wp:attachment":[{"href":"https:\/\/roveyayinevi.com.tr\/index.php\/wp-json\/wp\/v2\/media?parent=714792"}],"wp:term":[{"taxonomy":"product_brand","embeddable":true,"href":"https:\/\/roveyayinevi.com.tr\/index.php\/wp-json\/wp\/v2\/product_brand?post=714792"},{"taxonomy":"product_cat","embeddable":true,"href":"https:\/\/roveyayinevi.com.tr\/index.php\/wp-json\/wp\/v2\/product_cat?post=714792"},{"taxonomy":"product_tag","embeddable":true,"href":"https:\/\/roveyayinevi.com.tr\/index.php\/wp-json\/wp\/v2\/product_tag?post=714792"}],"curies":[{"name":"wp","href":"https:\/\/api.w.org\/{rel}","templated":true}]}}