{"id":714791,"date":"2025-08-27T17:22:47","date_gmt":"2025-08-27T14:22:47","guid":{"rendered":"https:\/\/roveyayinevi.com.tr\/index.php\/urun\/beklenmeyen-sahit-ve-diger-oykuler\/"},"modified":"2026-04-12T02:27:41","modified_gmt":"2026-04-11T23:27:41","slug":"beklenmeyen-sahit-ve-diger-oykuler","status":"publish","type":"product","link":"https:\/\/roveyayinevi.com.tr\/index.php\/urun\/beklenmeyen-sahit-ve-diger-oykuler\/","title":{"rendered":"Beklenmeyen \u015eahit ve Di\u011fer \u00d6yk\u00fcler"},"content":{"rendered":"<p>Beklenmeyen \u015eahit, i\u00e7inde Hercule Poirot\u2019nun yeni bir maceras\u0131n\u0131n da bulundu\u011fu daha \u00f6nce yay\u0131mlanmam\u0131\u015f \u00f6yk\u00fcleriyle okurlarla bulu\u015fuyor.1920\u2019lerin Londras\u0131&#8230; \u015eehirdeki b\u00fcy\u00fck bir evin t\u00fcyl\u00fc hal\u0131lar\u0131 \u015fok edici bir cinayetle lekelenir. Kurban, Emily French ad\u0131nda \u00e7ok zengin, ya\u015fl\u0131 bir kad\u0131nd\u0131r. T\u00fcm kan\u0131tlar bu ac\u0131mas\u0131z cinayeti kurban\u0131n y\u00fckl\u00fc miras\u0131n\u0131 b\u0131rakt\u0131\u011f\u0131 yak\u0131\u015f\u0131kl\u0131 gen\u00e7 Leonard Vole\u2019un i\u015fledi\u011fini g\u00f6stermektedir. Ya\u015fl\u0131 kad\u0131n\u0131n sad\u0131k yard\u0131mc\u0131s\u0131 Janet Mackenzie de mahkemede bu y\u00f6nde ifade vermi\u015ftir. Leonard, gizemli e\u015fi Romaine\u2019nin tan\u0131kl\u0131\u011f\u0131yla temize \u00e7\u0131kaca\u011f\u0131ndan emindir. Ne var ki zanl\u0131n\u0131n e\u015finin mahkemedeki ifadesiyle davada ak\u0131lalmaz bir d\u00f6n\u00fc\u015f\u00fcm ya\u015fan\u0131r.Daha \u00f6nce yay\u0131mlanmam\u0131\u015f \u00f6yk\u00fclerin de yer ald\u0131\u011f\u0131 Beklenmeyen \u015eahit\u2019te Agatha Christie\u2019nin ilk defa kar\u015f\u0131la\u015faca\u011f\u0131n\u0131z gizemli karakterleri sizi yine \u015fa\u015f\u0131rtacak!<\/p>\n","protected":false},"excerpt":{"rendered":"<p>Beklenmeyen \u015eahit, i\u00e7inde Hercule Poirot\u2019nun yeni bir maceras\u0131n\u0131n da bulundu\u011fu daha \u00f6nce yay\u0131mlanmam\u0131\u015f \u00f6yk\u00fcleriyle okurlarla bulu\u015fuyor.1920\u2019lerin Londras\u0131&#8230; \u015eehirdeki b\u00fcy\u00fck bir evin t\u00fcyl\u00fc hal\u0131lar\u0131 \u015fok edici bir<span class=\"excerpt-hellip\"> [\u2026]<\/span><\/p>\n","protected":false},"featured_media":0,"template":"","meta":{"_monsterinsights_skip_tracking":false,"_monsterinsights_sitenote_active":false,"_monsterinsights_sitenote_note":"","_monsterinsights_sitenote_category":0},"product_brand":[],"product_cat":[12291,15445],"product_tag":[],"class_list":{"0":"post-714791","1":"product","2":"type-product","3":"status-publish","5":"product_cat-edebiyat","6":"product_cat-polisiye","7":"pa_cilt-ciltsiz","8":"pa_tur-kitap","9":"pa_yayinevi-altin-kitaplar","10":"pa_yazar-agatha-christie","12":"first","13":"instock","14":"sale","15":"shipping-taxable","16":"purchasable","17":"product-type-simple"},"_links":{"self":[{"href":"https:\/\/roveyayinevi.com.tr\/index.php\/wp-json\/wp\/v2\/product\/714791","targetHints":{"allow":["GET"]}}],"collection":[{"href":"https:\/\/roveyayinevi.com.tr\/index.php\/wp-json\/wp\/v2\/product"}],"about":[{"href":"https:\/\/roveyayinevi.com.tr\/index.php\/wp-json\/wp\/v2\/types\/product"}],"wp:attachment":[{"href":"https:\/\/roveyayinevi.com.tr\/index.php\/wp-json\/wp\/v2\/media?parent=714791"}],"wp:term":[{"taxonomy":"product_brand","embeddable":true,"href":"https:\/\/roveyayinevi.com.tr\/index.php\/wp-json\/wp\/v2\/product_brand?post=714791"},{"taxonomy":"product_cat","embeddable":true,"href":"https:\/\/roveyayinevi.com.tr\/index.php\/wp-json\/wp\/v2\/product_cat?post=714791"},{"taxonomy":"product_tag","embeddable":true,"href":"https:\/\/roveyayinevi.com.tr\/index.php\/wp-json\/wp\/v2\/product_tag?post=714791"}],"curies":[{"name":"wp","href":"https:\/\/api.w.org\/{rel}","templated":true}]}}