{"id":714790,"date":"2025-08-27T17:22:46","date_gmt":"2025-08-27T14:22:46","guid":{"rendered":"https:\/\/roveyayinevi.com.tr\/index.php\/urun\/sevda-dedikleri-2\/"},"modified":"2026-04-16T02:23:14","modified_gmt":"2026-04-15T23:23:14","slug":"sevda-dedikleri-2","status":"publish","type":"product","link":"https:\/\/roveyayinevi.com.tr\/index.php\/urun\/sevda-dedikleri-2\/","title":{"rendered":"Sevda Dedikleri -2"},"content":{"rendered":"<p>K\u00fc\u00e7\u00fck bir ser\u00e7e dinlenmek i\u00e7in heybetli bir da\u011fa kondu. Da\u011f, ser\u00e7eye elindeki t\u00fcm olanaklar\u0131n\u0131 sundu. Tek dile\u011fi ser\u00e7eyi rahat ettirmek, emanetine sahip \u00e7\u0131kabilmekti. Sonra da\u011f, kendisini de \u015fa\u015f\u0131rtarak \u00e2\u015f\u0131k oldu ser\u00e7eye; minikli\u011fine, zarafetine, nazl\u0131 nazl\u0131 \u00f6t\u00fc\u015f\u00fcne\u2026 Kalbi dile geldi da\u011f\u0131n. \u201cBir \u00f6m\u00fcr yaslan bana. Ben sana ekmek olurum, su olurum; dal olurum, dayanak olurum. Ben sana yuva olurum. Yeter ki gitme, hasretinle ba\u015f\u0131m\u0131 e\u011fme,\u201d dedi ser\u00e7eye. Heybetine s\u0131\u011f\u0131nan minik ser\u00e7eye \u00e2\u015f\u0131k da\u011f gibi \u00e2\u015f\u0131k oldu H\u0131z\u0131r, Melek\u2019e.  A\u015fk, kurumu\u015f topra\u011f\u0131na can suyu oldu. Y\u0131llar evvel g\u00f6md\u00fc\u011f\u00fc Ali\u2019ye ya\u015fama sebebi olup hayata d\u00f6nd\u00fcrd\u00fc. A\u015fk, H\u0131z\u0131r\u2019a bilmediklerini \u00f6\u011fretip yeni bir s\u0131nav oldu. Melek, hayatta yapayaln\u0131z kalm\u0131\u015f, hi\u00e7 tan\u0131mad\u0131\u011f\u0131 bir adam\u0131n g\u00f6lgesine s\u0131\u011f\u0131nm\u0131\u015ft\u0131. S\u0131\u011f\u0131nd\u0131\u011f\u0131 o yerde kendisi olmak i\u00e7in m\u00fccadele verirken k\u00fc\u00e7\u00fck y\u00fcre\u011fi a\u015fkla da tan\u0131\u015facakt\u0131. Aydos, bu kez H\u0131z\u0131r Ali\u2019nin sevdas\u0131na \u015fahitlik edecek, adamdan \u00e7ald\u0131\u011f\u0131 ne varsa ona geri verecekti.  <\/p>\n","protected":false},"excerpt":{"rendered":"<p>K\u00fc\u00e7\u00fck bir ser\u00e7e dinlenmek i\u00e7in heybetli bir da\u011fa kondu. Da\u011f, ser\u00e7eye elindeki t\u00fcm olanaklar\u0131n\u0131 sundu. Tek dile\u011fi ser\u00e7eyi rahat ettirmek, emanetine sahip \u00e7\u0131kabilmekti. Sonra da\u011f, kendisini<span class=\"excerpt-hellip\"> [\u2026]<\/span><\/p>\n","protected":false},"featured_media":0,"template":"","meta":{"_monsterinsights_skip_tracking":false,"_monsterinsights_sitenote_active":false,"_monsterinsights_sitenote_note":"","_monsterinsights_sitenote_category":0},"product_brand":[],"product_cat":[14643,12291],"product_tag":[],"class_list":{"0":"post-714790","1":"product","2":"type-product","3":"status-publish","5":"product_cat-ask","6":"product_cat-edebiyat","7":"pa_cilt-ciltsiz","8":"pa_tur-kitap","9":"pa_yayinevi-muptela-yayinevi","10":"pa_yazar-funda-kinali","12":"first","13":"instock","14":"sale","15":"shipping-taxable","16":"purchasable","17":"product-type-simple"},"_links":{"self":[{"href":"https:\/\/roveyayinevi.com.tr\/index.php\/wp-json\/wp\/v2\/product\/714790","targetHints":{"allow":["GET"]}}],"collection":[{"href":"https:\/\/roveyayinevi.com.tr\/index.php\/wp-json\/wp\/v2\/product"}],"about":[{"href":"https:\/\/roveyayinevi.com.tr\/index.php\/wp-json\/wp\/v2\/types\/product"}],"wp:attachment":[{"href":"https:\/\/roveyayinevi.com.tr\/index.php\/wp-json\/wp\/v2\/media?parent=714790"}],"wp:term":[{"taxonomy":"product_brand","embeddable":true,"href":"https:\/\/roveyayinevi.com.tr\/index.php\/wp-json\/wp\/v2\/product_brand?post=714790"},{"taxonomy":"product_cat","embeddable":true,"href":"https:\/\/roveyayinevi.com.tr\/index.php\/wp-json\/wp\/v2\/product_cat?post=714790"},{"taxonomy":"product_tag","embeddable":true,"href":"https:\/\/roveyayinevi.com.tr\/index.php\/wp-json\/wp\/v2\/product_tag?post=714790"}],"curies":[{"name":"wp","href":"https:\/\/api.w.org\/{rel}","templated":true}]}}