{"id":714788,"date":"2025-08-27T17:22:45","date_gmt":"2025-08-27T14:22:45","guid":{"rendered":"https:\/\/roveyayinevi.com.tr\/index.php\/urun\/akdeniz-ve-akdeniz-dunyasi-iii\/"},"modified":"2026-04-16T02:23:14","modified_gmt":"2026-04-15T23:23:14","slug":"akdeniz-ve-akdeniz-dunyasi-iii","status":"publish","type":"product","link":"https:\/\/roveyayinevi.com.tr\/index.php\/urun\/akdeniz-ve-akdeniz-dunyasi-iii\/","title":{"rendered":"Akdeniz ve Akdeniz D\u00fcnyas\u0131 III"},"content":{"rendered":"<p>Akdeniz D\u00fcnyas\u0131, Frans\u0131zlar\u0131n geleneksel doktora tezi standartlar\u0131na g\u00f6re tart\u0131ld\u0131\u011f\u0131nda bile devasa bir kitapt\u0131r. \u0130lk bas\u0131m\u0131nda onu s\u0131radan bir kitab\u0131n hacminden alt\u0131 kat b\u00fcy\u00fck k\u0131lan alt\u0131 y\u00fcz bin s\u00f6zc\u00fckten olu\u015fuyordu. Kitap her biri ge\u00e7mi\u015fte farkl\u0131 bir ya\u015fam tarz\u0131n\u0131n \u00f6rne\u011fini sunan \u00fc\u00e7 k\u0131sma ayr\u0131lm\u0131\u015ft\u0131. \u0130lk s\u0131rada \u201cinsan\u201d ile \u201c\u00e7evre\u201d aras\u0131ndaki ili\u015fkinin \u201cneredeyse zaman d\u0131\u015f\u0131\u201d tarihi vard\u0131r; sonra ekonomik, toplumsal ve siyasi yap\u0131lar\u0131n tedricen de\u011fi\u015fen tarihi gelir; ve en son olaylar\u0131n h\u0131zl\u0131 geli\u015fen tarihi. Bu \u00fc\u00e7\u00fcnc\u00fc ciltte Braudel okurlar\u0131na olduk\u00e7a profesyonel bir siyasi ve asker\u00ee tarih \u00f6rne\u011fi sunar. Braduel tarih sahnesindeki \u00f6nde gelen simalara ili\u015fkin k\u0131sa ama \u00f6zl\u00fc karakter taslaklar\u0131 \u00e7\u0131kar\u0131r. \u0130nebaht\u0131 Sava\u015f\u0131, Malta\u2019n\u0131n ku\u015fat\u0131lmas\u0131, 1570\u2019lerin sonlar\u0131ndaki bar\u0131\u015f m\u00fczakereleri uzun uzad\u0131ya anlat\u0131l\u0131r. (\u2026) Akdeniz D\u00fcnyas\u0131 gibi bir inceleme yapmay\u0131 pek az tarih\u00e7i ister, b\u00f6yle bir incelemeye g\u00fcc\u00fc yetecek tarih\u00e7i say\u0131s\u0131 ise bundan da az olacakt\u0131r. Buna ra\u011fmen, bu inceleme hakk\u0131nda, t\u0131pk\u0131 Tolstoy\u2019un Sava\u015f ve Bar\u0131\u015f\u2019\u0131 (Akdeniz D\u00fcnyas\u0131 bu romana yaln\u0131zca \u00f6l\u00e7ek bak\u0131m\u0131ndan de\u011fil, ayn\u0131 zamanda sahip oldu\u011fu mek\u00e2n bilinci ve insan eyleminin beyhudeli\u011fi hakk\u0131nda sezdirdi\u011fi \u015feyler bak\u0131m\u0131ndan da benzemektedir) hakk\u0131nda oldu\u011fu gibi, i\u00e7inde yer ald\u0131\u011f\u0131 disiplin imk\u00e2nlar\u0131n\u0131 s\u00fcrekli geni\u015fletti\u011fini s\u00f6ylemek do\u011fru olacakt\u0131r. Peter Burke \u201cAkdeniz\u2019le birlikte uzun bir yolculu\u011fa \u00e7\u0131kt\u0131m, t\u00fcm \u00fclkeleri hayranl\u0131kla gezdim ve Akdeniz\u2019deki b\u00fct\u00fcn ar\u015fiv depolar\u0131na indim\u2026 Bu yirmi y\u0131l\u0131m\u0131 ald\u0131.\u201d   Fernand Braudel<\/p>\n","protected":false},"excerpt":{"rendered":"<p>Akdeniz D\u00fcnyas\u0131, Frans\u0131zlar\u0131n geleneksel doktora tezi standartlar\u0131na g\u00f6re tart\u0131ld\u0131\u011f\u0131nda bile devasa bir kitapt\u0131r. \u0130lk bas\u0131m\u0131nda onu s\u0131radan bir kitab\u0131n hacminden alt\u0131 kat b\u00fcy\u00fck k\u0131lan alt\u0131 y\u00fcz<span class=\"excerpt-hellip\"> [\u2026]<\/span><\/p>\n","protected":false},"featured_media":0,"template":"","meta":{"_monsterinsights_skip_tracking":false,"_monsterinsights_sitenote_active":false,"_monsterinsights_sitenote_note":"","_monsterinsights_sitenote_category":0},"product_brand":[],"product_cat":[12370,12304],"product_tag":[],"class_list":{"0":"post-714788","1":"product","2":"type-product","3":"status-publish","5":"product_cat-arastirma-inceleme","6":"product_cat-tarih","7":"pa_cilt-ciltsiz","8":"pa_tur-kitap","9":"pa_yayinevi-dogu-bati-yayinlari","10":"pa_yazar-fernand-braudel","12":"first","13":"instock","14":"sale","15":"shipping-taxable","16":"purchasable","17":"product-type-simple"},"_links":{"self":[{"href":"https:\/\/roveyayinevi.com.tr\/index.php\/wp-json\/wp\/v2\/product\/714788","targetHints":{"allow":["GET"]}}],"collection":[{"href":"https:\/\/roveyayinevi.com.tr\/index.php\/wp-json\/wp\/v2\/product"}],"about":[{"href":"https:\/\/roveyayinevi.com.tr\/index.php\/wp-json\/wp\/v2\/types\/product"}],"wp:attachment":[{"href":"https:\/\/roveyayinevi.com.tr\/index.php\/wp-json\/wp\/v2\/media?parent=714788"}],"wp:term":[{"taxonomy":"product_brand","embeddable":true,"href":"https:\/\/roveyayinevi.com.tr\/index.php\/wp-json\/wp\/v2\/product_brand?post=714788"},{"taxonomy":"product_cat","embeddable":true,"href":"https:\/\/roveyayinevi.com.tr\/index.php\/wp-json\/wp\/v2\/product_cat?post=714788"},{"taxonomy":"product_tag","embeddable":true,"href":"https:\/\/roveyayinevi.com.tr\/index.php\/wp-json\/wp\/v2\/product_tag?post=714788"}],"curies":[{"name":"wp","href":"https:\/\/api.w.org\/{rel}","templated":true}]}}