{"id":714786,"date":"2025-08-27T17:22:44","date_gmt":"2025-08-27T14:22:44","guid":{"rendered":"https:\/\/roveyayinevi.com.tr\/index.php\/urun\/okul-yonetimi\/"},"modified":"2026-04-16T02:23:13","modified_gmt":"2026-04-15T23:23:13","slug":"okul-yonetimi","status":"publish","type":"product","link":"https:\/\/roveyayinevi.com.tr\/index.php\/urun\/okul-yonetimi\/","title":{"rendered":"Okul Y\u00f6netimi"},"content":{"rendered":"<p>Bu kitapta okul y\u00f6netimi \u00e7er\u00e7evesinde okulun y\u00f6netilebilirli\u011fini art\u0131ran kavram, kuram ve uygulamalar\u0131n neler oldu\u011fu ve nas\u0131l yararlan\u0131labilece\u011fi ele al\u0131nm\u0131\u015ft\u0131r. Bu ama\u00e7la milli e\u011fitim sisteminin yap\u0131s\u0131, okullar\u0131n y\u00f6netiminde yararlan\u0131lan yasal d\u00fczenlemeler, y\u00f6netim s\u00fcre\u00e7leri, y\u00f6netim kuramlar\u0131, okul y\u00f6netiminde yol g\u00f6sterici yeni yakla\u015f\u0131mlar, okul iklimi ve k\u00fclt\u00fcr\u00fc, e\u011fitim \u00f6\u011fretim hizmetleri, \u00f6\u011frenci i\u015fleri, denetim ve de\u011ferlendirme ile \u00f6rg\u00fctsel de\u011fi\u015fim gibi konular ele al\u0131nm\u0131\u015ft\u0131r. Kitapta yer alan konular arac\u0131l\u0131\u011f\u0131yla okulun y\u00f6netiminde bir yandan y\u00f6neticilere yard\u0131mc\u0131 olmak ama\u00e7lanm\u0131\u015fken di\u011fer yandan y\u00f6netimle birlikte okulun ama\u00e7lar\u0131n\u0131 ger\u00e7ekle\u015ftirmekten sorumlu \u00f6\u011fretmenlere de g\u00f6rev ve sorumluluklar\u0131n\u0131n neler olabilece\u011fi a\u00e7\u0131klanmaya \u00e7al\u0131\u015f\u0131lm\u0131\u015ft\u0131r.<\/p>\n","protected":false},"excerpt":{"rendered":"<p>Bu kitapta okul y\u00f6netimi \u00e7er\u00e7evesinde okulun y\u00f6netilebilirli\u011fini art\u0131ran kavram, kuram ve uygulamalar\u0131n neler oldu\u011fu ve nas\u0131l yararlan\u0131labilece\u011fi ele al\u0131nm\u0131\u015ft\u0131r. Bu ama\u00e7la milli e\u011fitim sisteminin yap\u0131s\u0131, okullar\u0131n<span class=\"excerpt-hellip\"> [\u2026]<\/span><\/p>\n","protected":false},"featured_media":0,"template":"","meta":{"_monsterinsights_skip_tracking":false,"_monsterinsights_sitenote_active":false,"_monsterinsights_sitenote_note":"","_monsterinsights_sitenote_category":0},"product_brand":[],"product_cat":[13772,12364],"product_tag":[],"class_list":{"0":"post-714786","1":"product","2":"type-product","3":"status-publish","5":"product_cat-basvuru-kitaplari","6":"product_cat-genel-konular","7":"pa_cilt-ciltsiz","8":"pa_tur-kitap","9":"pa_yayinevi-ani-yayincilik","10":"pa_yazar-kolektif","12":"first","13":"instock","14":"sale","15":"shipping-taxable","16":"purchasable","17":"product-type-simple"},"_links":{"self":[{"href":"https:\/\/roveyayinevi.com.tr\/index.php\/wp-json\/wp\/v2\/product\/714786","targetHints":{"allow":["GET"]}}],"collection":[{"href":"https:\/\/roveyayinevi.com.tr\/index.php\/wp-json\/wp\/v2\/product"}],"about":[{"href":"https:\/\/roveyayinevi.com.tr\/index.php\/wp-json\/wp\/v2\/types\/product"}],"wp:attachment":[{"href":"https:\/\/roveyayinevi.com.tr\/index.php\/wp-json\/wp\/v2\/media?parent=714786"}],"wp:term":[{"taxonomy":"product_brand","embeddable":true,"href":"https:\/\/roveyayinevi.com.tr\/index.php\/wp-json\/wp\/v2\/product_brand?post=714786"},{"taxonomy":"product_cat","embeddable":true,"href":"https:\/\/roveyayinevi.com.tr\/index.php\/wp-json\/wp\/v2\/product_cat?post=714786"},{"taxonomy":"product_tag","embeddable":true,"href":"https:\/\/roveyayinevi.com.tr\/index.php\/wp-json\/wp\/v2\/product_tag?post=714786"}],"curies":[{"name":"wp","href":"https:\/\/api.w.org\/{rel}","templated":true}]}}