{"id":714784,"date":"2025-08-27T17:22:43","date_gmt":"2025-08-27T14:22:43","guid":{"rendered":"https:\/\/roveyayinevi.com.tr\/index.php\/urun\/kahverengi-baykus\/"},"modified":"2026-04-16T02:23:13","modified_gmt":"2026-04-15T23:23:13","slug":"kahverengi-baykus","status":"publish","type":"product","link":"https:\/\/roveyayinevi.com.tr\/index.php\/urun\/kahverengi-baykus\/","title":{"rendered":"Kahverengi Bayku\u015f"},"content":{"rendered":"<p>&#8230;Ama Bayku\u015fu nas\u0131l koruyabilirim?\u201d diye a\u011fl\u0131yordu zavall\u0131 prenses, \u201cNas\u0131l yapabilirim? Daha kim oldu\u011funu bile bilmiyorum.\u201dKral\u0131n tek cevab\u0131: \u201cSevgili Ismara, Bayku\u015fu koruyaca\u011f\u0131na s\u00f6z ver!\u201d oldu.Ve uzun s\u00fcre hi\u00e7bir \u015fey s\u00f6ylemeyince tek yolun s\u00f6z vermek oldu\u011funu d\u00fc\u015f\u00fcnd\u00fc ve Prenses onun huzur bulmas\u0131 i\u00e7in s\u00f6z verdi:\u201cS\u00f6z veriyorum sevgili babac\u0131\u011f\u0131m, ama yinede Bayku\u015fun kim oldu\u011funu ya da ne oldu\u011funu, neyi koruyaca\u011f\u0131m\u0131 bilseydim ke\u015fke&#8230;\u201d<\/p>\n","protected":false},"excerpt":{"rendered":"<p>&#8230;Ama Bayku\u015fu nas\u0131l koruyabilirim?\u201d diye a\u011fl\u0131yordu zavall\u0131 prenses, \u201cNas\u0131l yapabilirim? Daha kim oldu\u011funu bile bilmiyorum.\u201dKral\u0131n tek cevab\u0131: \u201cSevgili Ismara, Bayku\u015fu koruyaca\u011f\u0131na s\u00f6z ver!\u201d oldu.Ve uzun s\u00fcre<span class=\"excerpt-hellip\"> [\u2026]<\/span><\/p>\n","protected":false},"featured_media":0,"template":"","meta":{"_monsterinsights_skip_tracking":false,"_monsterinsights_sitenote_active":false,"_monsterinsights_sitenote_note":"","_monsterinsights_sitenote_category":0},"product_brand":[],"product_cat":[12291,12711],"product_tag":[],"class_list":{"0":"post-714784","1":"product","2":"type-product","3":"status-publish","5":"product_cat-edebiyat","6":"product_cat-roman-oyku","7":"pa_cilt-ciltsiz","8":"pa_tur-kitap","9":"pa_yayinevi-herdem-kitap","10":"pa_yazar-ford-madox-ford","12":"first","13":"instock","14":"sale","15":"shipping-taxable","16":"purchasable","17":"product-type-simple"},"_links":{"self":[{"href":"https:\/\/roveyayinevi.com.tr\/index.php\/wp-json\/wp\/v2\/product\/714784","targetHints":{"allow":["GET"]}}],"collection":[{"href":"https:\/\/roveyayinevi.com.tr\/index.php\/wp-json\/wp\/v2\/product"}],"about":[{"href":"https:\/\/roveyayinevi.com.tr\/index.php\/wp-json\/wp\/v2\/types\/product"}],"wp:attachment":[{"href":"https:\/\/roveyayinevi.com.tr\/index.php\/wp-json\/wp\/v2\/media?parent=714784"}],"wp:term":[{"taxonomy":"product_brand","embeddable":true,"href":"https:\/\/roveyayinevi.com.tr\/index.php\/wp-json\/wp\/v2\/product_brand?post=714784"},{"taxonomy":"product_cat","embeddable":true,"href":"https:\/\/roveyayinevi.com.tr\/index.php\/wp-json\/wp\/v2\/product_cat?post=714784"},{"taxonomy":"product_tag","embeddable":true,"href":"https:\/\/roveyayinevi.com.tr\/index.php\/wp-json\/wp\/v2\/product_tag?post=714784"}],"curies":[{"name":"wp","href":"https:\/\/api.w.org\/{rel}","templated":true}]}}