{"id":714783,"date":"2025-08-27T17:22:42","date_gmt":"2025-08-27T14:22:42","guid":{"rendered":"https:\/\/roveyayinevi.com.tr\/index.php\/urun\/bitmeyen-oyun-turkiyeyi-bekleyen-tehlikeler\/"},"modified":"2026-04-16T02:23:13","modified_gmt":"2026-04-15T23:23:13","slug":"bitmeyen-oyun-turkiyeyi-bekleyen-tehlikeler","status":"publish","type":"product","link":"https:\/\/roveyayinevi.com.tr\/index.php\/urun\/bitmeyen-oyun-turkiyeyi-bekleyen-tehlikeler\/","title":{"rendered":"Bitmeyen Oyun &#8211; T\u00fcrkiye&#8217;yi Bekleyen Tehlikeler"},"content":{"rendered":"<p>T\u00fcrkiye ilk kez ne zaman d\u0131\u015f bor\u00e7 ald\u0131?D\u0131\u015f bor\u00e7lar kar\u015f\u0131s\u0131nda h\u00fck\u00fcmetler ne yapt\u0131?Y\u0131ldan y\u0131la b\u00fcy\u00fcyen rakamlar ne s\u00f6yl\u00fcyor?2002 \u00f6ncesinde T\u00fcrkiye tar\u0131m\u0131 ne haldeydi?Cumhuriyet d\u00f6neminde sa\u011fl\u0131kta neler yap\u0131ld\u0131?Hitler\u2019in hangi su\u00e7u T\u00fcrkler\u2019in \u00fczerine y\u0131k\u0131lmak isteniyor?Atat\u00fcrk\u2019\u00fcn anlad\u0131\u011f\u0131 \u201cMilli egemenlik\u201d nedir?Potansiyel su\u00e7 eleman\u0131n\u0131 tan\u0131mlayan \u201cTrola Metodu\u201d nerede uyguland\u0131?Medrese \u00e7\u0131k\u0131\u015fl\u0131 CHP\u2019li Ba\u015fbakan hangi kilisenin da\u011f\u0131t\u0131lmas\u0131 emrini verdi?ABD\u2019nin \u0130stanbul Ba\u015fkonsolosu T\u00fcrk yarg\u0131s\u0131na ne mesaj verdi?T\u00fcrkiye\u2019de kay\u0131t d\u0131\u015f\u0131 \u00fcretim hangi boyutlara ula\u015ft\u0131?K\u00fcreselle\u015fmenin mimarlar\u0131n\u0131n T\u00fcrkiye\u2019deki faaliyetleri neler?Mustafa Kemal 1919\u2019da K\u0131r\u015fehirli gen\u00e7lere ne s\u00f6yledi?Sizi bilemem; ama ben hayat\u0131m boyunca \u015fu okudu\u011funuzdan daha g\u00fczel bir \u015fiir okumad\u0131m; heyecanlan\u0131rsam, haks\u0131z m\u0131y\u0131m?-Attila \u0130lhan Cumhuriyet, 22 Ocak 1999<\/p>\n","protected":false},"excerpt":{"rendered":"<p>T\u00fcrkiye ilk kez ne zaman d\u0131\u015f bor\u00e7 ald\u0131?D\u0131\u015f bor\u00e7lar kar\u015f\u0131s\u0131nda h\u00fck\u00fcmetler ne yapt\u0131?Y\u0131ldan y\u0131la b\u00fcy\u00fcyen rakamlar ne s\u00f6yl\u00fcyor?2002 \u00f6ncesinde T\u00fcrkiye tar\u0131m\u0131 ne haldeydi?Cumhuriyet d\u00f6neminde sa\u011fl\u0131kta neler<span class=\"excerpt-hellip\"> [\u2026]<\/span><\/p>\n","protected":false},"featured_media":0,"template":"","meta":{"_monsterinsights_skip_tracking":false,"_monsterinsights_sitenote_active":false,"_monsterinsights_sitenote_note":"","_monsterinsights_sitenote_category":0},"product_brand":[],"product_cat":[12337,14543],"product_tag":[],"class_list":{"0":"post-714783","1":"product","2":"type-product","3":"status-publish","5":"product_cat-politika-siyaset","6":"product_cat-turkiye-siyaseti-ve-politikasi","7":"pa_cilt-ciltsiz","8":"pa_tur-kitap","9":"pa_yayinevi-inkilap-kitabevi","10":"pa_yazar-metin-aydogan","12":"first","13":"instock","14":"sale","15":"shipping-taxable","16":"purchasable","17":"product-type-simple"},"_links":{"self":[{"href":"https:\/\/roveyayinevi.com.tr\/index.php\/wp-json\/wp\/v2\/product\/714783","targetHints":{"allow":["GET"]}}],"collection":[{"href":"https:\/\/roveyayinevi.com.tr\/index.php\/wp-json\/wp\/v2\/product"}],"about":[{"href":"https:\/\/roveyayinevi.com.tr\/index.php\/wp-json\/wp\/v2\/types\/product"}],"wp:attachment":[{"href":"https:\/\/roveyayinevi.com.tr\/index.php\/wp-json\/wp\/v2\/media?parent=714783"}],"wp:term":[{"taxonomy":"product_brand","embeddable":true,"href":"https:\/\/roveyayinevi.com.tr\/index.php\/wp-json\/wp\/v2\/product_brand?post=714783"},{"taxonomy":"product_cat","embeddable":true,"href":"https:\/\/roveyayinevi.com.tr\/index.php\/wp-json\/wp\/v2\/product_cat?post=714783"},{"taxonomy":"product_tag","embeddable":true,"href":"https:\/\/roveyayinevi.com.tr\/index.php\/wp-json\/wp\/v2\/product_tag?post=714783"}],"curies":[{"name":"wp","href":"https:\/\/api.w.org\/{rel}","templated":true}]}}