{"id":714776,"date":"2025-08-27T17:22:38","date_gmt":"2025-08-27T14:22:38","guid":{"rendered":"https:\/\/roveyayinevi.com.tr\/index.php\/urun\/burcunun-dugununde-ne-isim-var\/"},"modified":"2026-04-16T02:23:13","modified_gmt":"2026-04-15T23:23:13","slug":"burcunun-dugununde-ne-isim-var","status":"publish","type":"product","link":"https:\/\/roveyayinevi.com.tr\/index.php\/urun\/burcunun-dugununde-ne-isim-var\/","title":{"rendered":"Burcu\u2019nun D\u00fc\u011f\u00fcn\u00fcnde Ne \u0130\u015fim Var?"},"content":{"rendered":"<p>Okurken sizleri hik\u00e2yesinin tam g\u00f6be\u011fine \u00e7ekecek, g\u00fcld\u00fcr\u00fcrken merakland\u0131racak yeni bir roman: Burcu\u2019nun D\u00fc\u011f\u00fcn\u00fcnde Ne \u0130\u015fim Var? Aslan ve Burcu&#8217;nun a\u015fk\u0131nda kendi a\u015fklar\u0131n\u0131z\u0131n notalar\u0131n\u0131 okumaya, Aslan&#8217;\u0131n kendini aray\u0131\u015f\u0131nda kendinizi sorgulamaya haz\u0131r m\u0131s\u0131n\u0131z? Her a\u015fk b\u00fcy\u00fck umutlar ve beklentilerle ba\u015flar. Peki sonra? Her a\u015fk\u0131n bir hik\u00e2yesi var ve yazar Cihan Batur&#8217;un bu hik\u00e2yesi sizleri bamba\u015fka ili\u015fkilerin \u00e7\u0131kmazlar\u0131ndan mutluluklar\u0131na, h\u00fcz\u00fcnlerinden pi\u015fmanl\u0131klar\u0131na g\u00f6t\u00fcrecek. Kelimelerle bir orkestra kuran yazar, sizi hem hik\u00e2yesiyle hem de anlat\u0131m\u0131yla y\u00fcre\u011finizden yakalayacak. Sanat\u00e7\u0131 ruhuyla hayata tutunmaya ve a\u015fklar\u0131n\u0131 ya\u015famaya \u00e7al\u0131\u015fan bir adam Aslan. Kaybetmek istemiyorken kaybediyor hayat\u0131na dokunan her k\u0131ymetli par\u00e7as\u0131n\u0131. Tutam\u0131yor mu, tutunam\u0131yor mu? Kendini, a\u015fk\u0131na \u201cAc\u0131ya kurulu bir saat gibiyim.\u201d diye anlat\u0131rken, asl\u0131nda zaman gibi ac\u0131mas\u0131zca kavr\u0131yor ruhumuzu anlatt\u0131klar\u0131nda. <\/p>\n","protected":false},"excerpt":{"rendered":"<p>Okurken sizleri hik\u00e2yesinin tam g\u00f6be\u011fine \u00e7ekecek, g\u00fcld\u00fcr\u00fcrken merakland\u0131racak yeni bir roman: Burcu\u2019nun D\u00fc\u011f\u00fcn\u00fcnde Ne \u0130\u015fim Var? Aslan ve Burcu&#8217;nun a\u015fk\u0131nda kendi a\u015fklar\u0131n\u0131z\u0131n notalar\u0131n\u0131 okumaya, Aslan&#8217;\u0131n kendini<span class=\"excerpt-hellip\"> [\u2026]<\/span><\/p>\n","protected":false},"featured_media":0,"template":"","meta":{"_monsterinsights_skip_tracking":false,"_monsterinsights_sitenote_active":false,"_monsterinsights_sitenote_note":"","_monsterinsights_sitenote_category":0},"product_brand":[],"product_cat":[14643,12291],"product_tag":[],"class_list":{"0":"post-714776","1":"product","2":"type-product","3":"status-publish","5":"product_cat-ask","6":"product_cat-edebiyat","7":"pa_cilt-ciltsiz","8":"pa_tur-kitap","9":"pa_yayinevi-kitap-saati-yayinevi","10":"pa_yazar-cihan-batur","12":"first","13":"instock","14":"sale","15":"shipping-taxable","16":"purchasable","17":"product-type-simple"},"_links":{"self":[{"href":"https:\/\/roveyayinevi.com.tr\/index.php\/wp-json\/wp\/v2\/product\/714776","targetHints":{"allow":["GET"]}}],"collection":[{"href":"https:\/\/roveyayinevi.com.tr\/index.php\/wp-json\/wp\/v2\/product"}],"about":[{"href":"https:\/\/roveyayinevi.com.tr\/index.php\/wp-json\/wp\/v2\/types\/product"}],"wp:attachment":[{"href":"https:\/\/roveyayinevi.com.tr\/index.php\/wp-json\/wp\/v2\/media?parent=714776"}],"wp:term":[{"taxonomy":"product_brand","embeddable":true,"href":"https:\/\/roveyayinevi.com.tr\/index.php\/wp-json\/wp\/v2\/product_brand?post=714776"},{"taxonomy":"product_cat","embeddable":true,"href":"https:\/\/roveyayinevi.com.tr\/index.php\/wp-json\/wp\/v2\/product_cat?post=714776"},{"taxonomy":"product_tag","embeddable":true,"href":"https:\/\/roveyayinevi.com.tr\/index.php\/wp-json\/wp\/v2\/product_tag?post=714776"}],"curies":[{"name":"wp","href":"https:\/\/api.w.org\/{rel}","templated":true}]}}