{"id":714774,"date":"2025-08-27T17:22:37","date_gmt":"2025-08-27T14:22:37","guid":{"rendered":"https:\/\/roveyayinevi.com.tr\/index.php\/urun\/arap-bahari-ve-hatay-faktoru\/"},"modified":"2026-04-16T02:23:13","modified_gmt":"2026-04-15T23:23:13","slug":"arap-bahari-ve-hatay-faktoru","status":"publish","type":"product","link":"https:\/\/roveyayinevi.com.tr\/index.php\/urun\/arap-bahari-ve-hatay-faktoru\/","title":{"rendered":"Arap Bahar\u0131 ve Hatay Fakt\u00f6r\u00fc"},"content":{"rendered":"<p>&#8220;Arap Bahar\u0131&#8221; olaylar\u0131n\u0131n Suriye&#8217;ye sirayeti ile Mart 2011&#8217;den itibaren ya\u015fanan otorite bo\u015flu\u011fundan istifade ederek \u00f6rg\u00fctlenmeye ba\u015flayan di\u011fer kesimler gibi Suriye T\u00fcrkmenleri de \u00f6rg\u00fctlenme gayreti i\u00e7erisindedirler. De\u011fi\u015fik liderler taraf\u0131ndan \u00f6rg\u00fctlenmeye \u00e7al\u0131\u015fan bir\u00e7ok sivil ve siyasal giri\u015fimler olsa da Suriye T\u00fcrkmen Kitlesi, Suriye Demokratik T\u00fcrkmen Hareketi ve Suriye T\u00fcrkmenleri Platformu olu\u015fumlar\u0131 \u00f6ne \u00e7\u0131kmaktad\u0131r. \u00dc\u00e7 olu\u015fum da y\u0131llard\u0131r eksikli\u011fini hissettikleri \u00f6rg\u00fctlenmeleri tamamlayarak \u00f6n\u00fcm\u00fczdeki s\u00fcre\u00e7te Suriye&#8217;de ya\u015fanmas\u0131 muhtemel siyasal yap\u0131lanmalarda T\u00fcrkmenlerin haklar\u0131n\u0131 g\u00fcvence alt\u0131na almak ve \u00fclke y\u00f6netiminde s\u00f6z sahibi olmak istedikleri g\u00f6r\u00fclmektedir.Suriye&#8217;de ya\u015fayan T\u00fcrklerin mevcut hali ile bir\u00e7ok haktan mahrum olduklar\u0131 g\u00f6r\u00fclmektedir. \u0130ki kutuplu d\u00fcnya sisteminde kar\u015f\u0131 bloklarda yer alm\u0131\u015f olman\u0131n da verdi\u011fi s\u0131k\u0131nt\u0131larla Suriye&#8217;de ya\u015fayan T\u00fcrklerle ilgilenemeyen T\u00fcrkiye, Arapla\u015ft\u0131rma politikalar\u0131 gere\u011fi asimilasyona maruz kalan T\u00fcrkler ile irtibat kurmal\u0131d\u0131r. Suriye T\u00fcrklerinin ekonomik ve siyasi deste\u011fe ihtiya\u00e7lar\u0131 oldu\u011fu dikkate al\u0131narak T\u00fcrkiye&#8217;nin Suriye&#8217;ye yapaca\u011f\u0131 yard\u0131mlarda ve yat\u0131r\u0131mlarda T\u00fcrklerin \u00e7o\u011funlukta olduklar\u0131 b\u00f6lgelere \u00f6ncelik verilmesine dikkat edilmelidir. <\/p>\n","protected":false},"excerpt":{"rendered":"<p>&#8220;Arap Bahar\u0131&#8221; olaylar\u0131n\u0131n Suriye&#8217;ye sirayeti ile Mart 2011&#8217;den itibaren ya\u015fanan otorite bo\u015flu\u011fundan istifade ederek \u00f6rg\u00fctlenmeye ba\u015flayan di\u011fer kesimler gibi Suriye T\u00fcrkmenleri de \u00f6rg\u00fctlenme gayreti i\u00e7erisindedirler. De\u011fi\u015fik<span class=\"excerpt-hellip\"> [\u2026]<\/span><\/p>\n","protected":false},"featured_media":0,"template":"","meta":{"_monsterinsights_skip_tracking":false,"_monsterinsights_sitenote_active":false,"_monsterinsights_sitenote_note":"","_monsterinsights_sitenote_category":0},"product_brand":[],"product_cat":[12337,14543],"product_tag":[],"class_list":{"0":"post-714774","1":"product","2":"type-product","3":"status-publish","5":"product_cat-politika-siyaset","6":"product_cat-turkiye-siyaseti-ve-politikasi","7":"pa_cilt-ciltsiz","8":"pa_tur-kitap","9":"pa_yayinevi-yade-yayinlari","10":"pa_yazar-ismail-cingoz","12":"first","13":"instock","14":"sale","15":"shipping-taxable","16":"purchasable","17":"product-type-simple"},"_links":{"self":[{"href":"https:\/\/roveyayinevi.com.tr\/index.php\/wp-json\/wp\/v2\/product\/714774","targetHints":{"allow":["GET"]}}],"collection":[{"href":"https:\/\/roveyayinevi.com.tr\/index.php\/wp-json\/wp\/v2\/product"}],"about":[{"href":"https:\/\/roveyayinevi.com.tr\/index.php\/wp-json\/wp\/v2\/types\/product"}],"wp:attachment":[{"href":"https:\/\/roveyayinevi.com.tr\/index.php\/wp-json\/wp\/v2\/media?parent=714774"}],"wp:term":[{"taxonomy":"product_brand","embeddable":true,"href":"https:\/\/roveyayinevi.com.tr\/index.php\/wp-json\/wp\/v2\/product_brand?post=714774"},{"taxonomy":"product_cat","embeddable":true,"href":"https:\/\/roveyayinevi.com.tr\/index.php\/wp-json\/wp\/v2\/product_cat?post=714774"},{"taxonomy":"product_tag","embeddable":true,"href":"https:\/\/roveyayinevi.com.tr\/index.php\/wp-json\/wp\/v2\/product_tag?post=714774"}],"curies":[{"name":"wp","href":"https:\/\/api.w.org\/{rel}","templated":true}]}}