{"id":714773,"date":"2025-08-27T17:22:36","date_gmt":"2025-08-27T14:22:36","guid":{"rendered":"https:\/\/roveyayinevi.com.tr\/index.php\/urun\/koydes-projesinde-mulki-idare-amirleri-ciltli\/"},"modified":"2026-04-16T02:23:13","modified_gmt":"2026-04-15T23:23:13","slug":"koydes-projesinde-mulki-idare-amirleri-ciltli","status":"publish","type":"product","link":"https:\/\/roveyayinevi.com.tr\/index.php\/urun\/koydes-projesinde-mulki-idare-amirleri-ciltli\/","title":{"rendered":"K\u00f6ydes Projesinde M\u00fclki \u0130dare Amirleri (Ciltli)"},"content":{"rendered":"<p>K\u00f6ylerin Altyap\u0131s\u0131n\u0131n Desteklenmesi (K\u00d6YDES) Projesi, Mahalli \u0130dareler Genel M\u00fcd\u00fcrl\u00fc\u011f\u00fcn\u00fcn istemi ve \u0130\u00e7i\u015fleri Bakanl\u0131\u011f\u0131n\u0131n uygun g\u00f6rmesi \u00fczerine, \u0130\u00e7i\u015fleri Bakanl\u0131\u011f\u0131, Maliye Bakanl\u0131\u011f\u0131 ve DPT M\u00fcste\u015farl\u0131\u011f\u0131n\u0131n i\u015fbirli\u011fi ve koordinasyonunda 2005 y\u0131l\u0131 May\u0131s ay\u0131nda uygulanmaya ba\u015flanm\u0131\u015ft\u0131r. K\u00d6YDES Projesi ile 2005 y\u0131l\u0131na kadar, \u00e7e\u015fitli nedenlerden dolay\u0131 sa\u011fl\u0131kl\u0131 ve d\u00fczenli i\u00e7me suyuna ve yola kavu\u015fturulamam\u0131\u015f veya yol standartlar\u0131 y\u00fckseltilememi\u015f k\u0131rsal alan yerle\u015fkeleri olan k\u00f6ylerin sorunlar\u0131n\u0131n il \u00f6zel idareleri ve k\u00f6ylere hizmet g\u00f6t\u00fcrme birlikleri (KHGB) arac\u0131l\u0131\u011f\u0131yla, vali ve kaymakamlar\u0131n \u00f6nc\u00fcl\u00fc\u011f\u00fcnde mahalli imk\u00e2nlar\u0131n etkin bir \u015fekilde kullan\u0131larak k\u0131sa s\u00fcrede \u00e7\u00f6z\u00fcme kavu\u015fturulmas\u0131 ama\u00e7lanm\u0131\u015ft\u0131r.<\/p>\n","protected":false},"excerpt":{"rendered":"<p>K\u00f6ylerin Altyap\u0131s\u0131n\u0131n Desteklenmesi (K\u00d6YDES) Projesi, Mahalli \u0130dareler Genel M\u00fcd\u00fcrl\u00fc\u011f\u00fcn\u00fcn istemi ve \u0130\u00e7i\u015fleri Bakanl\u0131\u011f\u0131n\u0131n uygun g\u00f6rmesi \u00fczerine, \u0130\u00e7i\u015fleri Bakanl\u0131\u011f\u0131, Maliye Bakanl\u0131\u011f\u0131 ve DPT M\u00fcste\u015farl\u0131\u011f\u0131n\u0131n i\u015fbirli\u011fi ve koordinasyonunda<span class=\"excerpt-hellip\"> [\u2026]<\/span><\/p>\n","protected":false},"featured_media":0,"template":"","meta":{"_monsterinsights_skip_tracking":false,"_monsterinsights_sitenote_active":false,"_monsterinsights_sitenote_note":"","_monsterinsights_sitenote_category":0},"product_brand":[],"product_cat":[12370,12304],"product_tag":[],"class_list":{"0":"post-714773","1":"product","2":"type-product","3":"status-publish","5":"product_cat-arastirma-inceleme","6":"product_cat-tarih","7":"pa_cilt-ciltli","8":"pa_tur-kitap","9":"pa_yayinevi-tiav","10":"pa_yazar-kolektif","12":"first","13":"instock","14":"sale","15":"shipping-taxable","16":"purchasable","17":"product-type-simple"},"_links":{"self":[{"href":"https:\/\/roveyayinevi.com.tr\/index.php\/wp-json\/wp\/v2\/product\/714773","targetHints":{"allow":["GET"]}}],"collection":[{"href":"https:\/\/roveyayinevi.com.tr\/index.php\/wp-json\/wp\/v2\/product"}],"about":[{"href":"https:\/\/roveyayinevi.com.tr\/index.php\/wp-json\/wp\/v2\/types\/product"}],"wp:attachment":[{"href":"https:\/\/roveyayinevi.com.tr\/index.php\/wp-json\/wp\/v2\/media?parent=714773"}],"wp:term":[{"taxonomy":"product_brand","embeddable":true,"href":"https:\/\/roveyayinevi.com.tr\/index.php\/wp-json\/wp\/v2\/product_brand?post=714773"},{"taxonomy":"product_cat","embeddable":true,"href":"https:\/\/roveyayinevi.com.tr\/index.php\/wp-json\/wp\/v2\/product_cat?post=714773"},{"taxonomy":"product_tag","embeddable":true,"href":"https:\/\/roveyayinevi.com.tr\/index.php\/wp-json\/wp\/v2\/product_tag?post=714773"}],"curies":[{"name":"wp","href":"https:\/\/api.w.org\/{rel}","templated":true}]}}