{"id":714771,"date":"2025-08-27T17:22:35","date_gmt":"2025-08-27T14:22:35","guid":{"rendered":"https:\/\/roveyayinevi.com.tr\/index.php\/urun\/dede-korkut-hikayeleri-12\/"},"modified":"2026-04-07T02:30:15","modified_gmt":"2026-04-06T23:30:15","slug":"dede-korkut-hikayeleri-12","status":"publish","type":"product","link":"https:\/\/roveyayinevi.com.tr\/index.php\/urun\/dede-korkut-hikayeleri-12\/","title":{"rendered":"Dede Korkut Hikayeleri"},"content":{"rendered":"<p>Dede Korkut Kitab\u0131 T\u00fcrk dilinin bir \u015faheseri olarak T\u00fcrk t\u00f6resi etraf\u0131nda bir insan\u0131 milli ve manevi de\u011ferlerle donatmaya kafidir. Bu esere ad\u0131n\u0131 vermi\u015f olan Dede Korkut, T\u00fcrk\u2019\u00fcn efsanevi ki\u015fisi, bilge adam\u0131 ve ozanlar\u0131n p\u00eeri olup destanlar onun taraf\u0131ndan d\u00fcz\u00fcl\u00fcp ko\u015fulmu\u015ftur. Hikayeler, \u00f6ncelikle s\u00f6zl\u00fc edeb\u00ee ortamda dilden dile aktar\u0131lm\u0131\u015f daha sonra ise isimsiz kahramanlar taraf\u0131ndan yaz\u0131ya ge\u00e7irilmi\u015ftir. Orhan \u015eaik G\u00f6kyay m\u00fckemmel \u00fcslubuyla, T\u00fcrk milletinin \u201cad\u0131 san\u0131 yok olmas\u0131n\u201d diye eseri g\u00fcn\u00fcm\u00fcz insan\u0131n\u0131n da anlayabilece\u011fi dilde haz\u0131rlayarak gen\u00e7 dima\u011flardaki mill\u00ee benli\u011fi taze tutmay\u0131 hedeflemi\u015ftir.<\/p>\n","protected":false},"excerpt":{"rendered":"<p>Dede Korkut Kitab\u0131 T\u00fcrk dilinin bir \u015faheseri olarak T\u00fcrk t\u00f6resi etraf\u0131nda bir insan\u0131 milli ve manevi de\u011ferlerle donatmaya kafidir. Bu esere ad\u0131n\u0131 vermi\u015f olan Dede Korkut,<span class=\"excerpt-hellip\"> [\u2026]<\/span><\/p>\n","protected":false},"featured_media":0,"template":"","meta":{"_monsterinsights_skip_tracking":false,"_monsterinsights_sitenote_active":false,"_monsterinsights_sitenote_note":"","_monsterinsights_sitenote_category":0},"product_brand":[],"product_cat":[12291,12711],"product_tag":[],"class_list":{"0":"post-714771","1":"product","2":"type-product","3":"status-publish","5":"product_cat-edebiyat","6":"product_cat-roman-oyku","7":"pa_cilt-ciltsiz","8":"pa_tur-kitap","9":"pa_yayinevi-yeditepe-yayinevi","10":"pa_yazar-orhan-saik-gokyay","12":"first","13":"instock","14":"sale","15":"shipping-taxable","16":"purchasable","17":"product-type-simple"},"_links":{"self":[{"href":"https:\/\/roveyayinevi.com.tr\/index.php\/wp-json\/wp\/v2\/product\/714771","targetHints":{"allow":["GET"]}}],"collection":[{"href":"https:\/\/roveyayinevi.com.tr\/index.php\/wp-json\/wp\/v2\/product"}],"about":[{"href":"https:\/\/roveyayinevi.com.tr\/index.php\/wp-json\/wp\/v2\/types\/product"}],"wp:attachment":[{"href":"https:\/\/roveyayinevi.com.tr\/index.php\/wp-json\/wp\/v2\/media?parent=714771"}],"wp:term":[{"taxonomy":"product_brand","embeddable":true,"href":"https:\/\/roveyayinevi.com.tr\/index.php\/wp-json\/wp\/v2\/product_brand?post=714771"},{"taxonomy":"product_cat","embeddable":true,"href":"https:\/\/roveyayinevi.com.tr\/index.php\/wp-json\/wp\/v2\/product_cat?post=714771"},{"taxonomy":"product_tag","embeddable":true,"href":"https:\/\/roveyayinevi.com.tr\/index.php\/wp-json\/wp\/v2\/product_tag?post=714771"}],"curies":[{"name":"wp","href":"https:\/\/api.w.org\/{rel}","templated":true}]}}