{"id":714768,"date":"2025-08-27T17:22:33","date_gmt":"2025-08-27T14:22:33","guid":{"rendered":"https:\/\/roveyayinevi.com.tr\/index.php\/urun\/avrupa-neden-dunyayi-fethetti\/"},"modified":"2026-04-16T02:23:13","modified_gmt":"2026-04-15T23:23:13","slug":"avrupa-neden-dunyayi-fethetti","status":"publish","type":"product","link":"https:\/\/roveyayinevi.com.tr\/index.php\/urun\/avrupa-neden-dunyayi-fethetti\/","title":{"rendered":"Avrupa Neden D\u00fcnyay\u0131 Fethetti?"},"content":{"rendered":"<p>1492 ila 1914 y\u0131llar\u0131 aras\u0131nda Avrupal\u0131lar du\u0308nyan\u0131n yu\u0308zde 84\u2019u\u0308nu\u0308 fethettiler. Fakat yu\u0308zy\u0131llar boyunca \u00c7inliler, Japonlar, Osmanl\u0131lar ve Gu\u0308ney Asyal\u0131lar \u00e7ok daha ileride olmalar\u0131na kar\u015f\u0131n du\u0308nya u\u0308zerinde egemenlik kurmay\u0131 ba\u015faran neden Avrupal\u0131lar oldu? Bu kitapta Philip Hoffman, (co\u011frafya, bula\u015f\u0131c\u0131 hastal\u0131klar ve sanayi devrimi gibi) geleneksel a\u00e7\u0131klamalar\u0131n bu soruyu yan\u0131tlamakta yetersiz kald\u0131\u011f\u0131n\u0131 g\u00f6steriyor. Bunun yerine, ekonomik ve siyasal tarihin bu su\u0308re\u00e7te \u00e7ok \u00f6nemli rol oynad\u0131\u011f\u0131n\u0131 \u00f6ne su\u0308rerek, e\u011fer baz\u0131 de\u011fi\u015fkenler farkl\u0131 olsayd\u0131 Avrupa\u2019n\u0131n elinin kolunun ba\u011flanaca\u011f\u0131na ve ba\u015fka bir gu\u0308cu\u0308n du\u0308nyan\u0131n efendisi olaca\u011f\u0131na i\u015faret ediyor. Avrupa devletlerini farkl\u0131 bir geli\u015fme, askeri rekabet ve sava\u015f yoluna sokan iki biny\u0131ll\u0131k ekonomik, siyasal ve tarihsel de\u011fi\u015fimlere \u0131\u015f\u0131k tutuyor. Hoffman bu farkl\u0131 geli\u015fim seyrinin Avrupal\u0131lara sonradan \u00f6\u011frendikleri ate\u015fli silah teknolojisinde di\u011fer uygarl\u0131klar\u0131n \u00f6nu\u0308ne ge\u00e7erek, u\u0308zerinde du\u0308nya egemenli\u011fini kuracaklar\u0131 bir temel atma f\u0131rsat\u0131n\u0131 verdi\u011fini belirtiyor. Tarih, siyaset ve ekonomiye ilgi duyan okurlar\u0131m\u0131z\u0131n bu kitapta \u201cNeden Avrupa?\u201d sorusuna tatmin edici bir yan\u0131t bulacaklar\u0131n\u0131 du\u0308\u015fu\u0308nu\u0308yoruz.   \u201cGu\u0308nu\u0308mu\u0308zde bu\u0308yu\u0308k ilgi g\u00f6ren du\u0308nya tarihi temas\u0131na katk\u0131 niteli\u011finde, \u00e7ok ilgin\u00e7 bir eser.\u201d <\/p>\n","protected":false},"excerpt":{"rendered":"<p>1492 ila 1914 y\u0131llar\u0131 aras\u0131nda Avrupal\u0131lar du\u0308nyan\u0131n yu\u0308zde 84\u2019u\u0308nu\u0308 fethettiler. Fakat yu\u0308zy\u0131llar boyunca \u00c7inliler, Japonlar, Osmanl\u0131lar ve Gu\u0308ney Asyal\u0131lar \u00e7ok daha ileride olmalar\u0131na kar\u015f\u0131n du\u0308nya u\u0308zerinde<span class=\"excerpt-hellip\"> [\u2026]<\/span><\/p>\n","protected":false},"featured_media":0,"template":"","meta":{"_monsterinsights_skip_tracking":false,"_monsterinsights_sitenote_active":false,"_monsterinsights_sitenote_note":"","_monsterinsights_sitenote_category":0},"product_brand":[],"product_cat":[12370,12304],"product_tag":[],"class_list":{"0":"post-714768","1":"product","2":"type-product","3":"status-publish","5":"product_cat-arastirma-inceleme","6":"product_cat-tarih","7":"pa_cilt-ciltsiz","8":"pa_tur-kitap","9":"pa_yayinevi-say-yayinlari","10":"pa_yazar-philip-t-hoffman","12":"first","13":"instock","14":"sale","15":"shipping-taxable","16":"purchasable","17":"product-type-simple"},"_links":{"self":[{"href":"https:\/\/roveyayinevi.com.tr\/index.php\/wp-json\/wp\/v2\/product\/714768","targetHints":{"allow":["GET"]}}],"collection":[{"href":"https:\/\/roveyayinevi.com.tr\/index.php\/wp-json\/wp\/v2\/product"}],"about":[{"href":"https:\/\/roveyayinevi.com.tr\/index.php\/wp-json\/wp\/v2\/types\/product"}],"wp:attachment":[{"href":"https:\/\/roveyayinevi.com.tr\/index.php\/wp-json\/wp\/v2\/media?parent=714768"}],"wp:term":[{"taxonomy":"product_brand","embeddable":true,"href":"https:\/\/roveyayinevi.com.tr\/index.php\/wp-json\/wp\/v2\/product_brand?post=714768"},{"taxonomy":"product_cat","embeddable":true,"href":"https:\/\/roveyayinevi.com.tr\/index.php\/wp-json\/wp\/v2\/product_cat?post=714768"},{"taxonomy":"product_tag","embeddable":true,"href":"https:\/\/roveyayinevi.com.tr\/index.php\/wp-json\/wp\/v2\/product_tag?post=714768"}],"curies":[{"name":"wp","href":"https:\/\/api.w.org\/{rel}","templated":true}]}}