{"id":714766,"date":"2025-08-27T17:22:32","date_gmt":"2025-08-27T14:22:32","guid":{"rendered":"https:\/\/roveyayinevi.com.tr\/index.php\/urun\/komunist-baskan\/"},"modified":"2026-04-16T02:23:13","modified_gmt":"2026-04-15T23:23:13","slug":"komunist-baskan","status":"publish","type":"product","link":"https:\/\/roveyayinevi.com.tr\/index.php\/urun\/komunist-baskan\/","title":{"rendered":"Kom\u00fcnist Ba\u015fkan"},"content":{"rendered":"<p>&#8211; Fatih Mehmet \u0130sminin Hikayesi- Kitap Yere D\u00fc\u015ft\u00fc; Bakt\u0131m, \u0130brahim Kaypakkaya- &#8220;Nedir Bu? &#8221; Dedim? &#8221; Bu Ezand\u0131r.&#8221; Dediler- S\u00fcleymanc\u0131lar\u0131n K\u00f6y\u00fcnde \u201cHadi Camiye Gidelim!\u201d Dediler- Kaymakam \u201cBu kim?\u201d Diye \u015ea\u015f\u0131rd\u0131- Hayat\u0131m\u0131n En Korkun\u00e7 D\u00f6nemi Devrimciler Galiba Yanl\u0131\u015f Yap\u0131yorlard\u0131- Askerlere Bildiri Da\u011f\u0131t\u0131yordum- Cem Tutulurken Ben de E\u015fim de A\u011fl\u0131yorduk &#8211; Son 2-3 Sand\u0131\u011fa Gelindi\u011finde, Ben O Kitab\u0131 Okuyordum- Terzi Fikri, Mehdi Zana, Juan Manuel S\u00e1nchez Gordillo\u2026- Saadet Partisi&#8217;nden Bir Grup Geldi- Dersim Merkezli Bir Model Yaratmak \u0130stiyoruz-\u201c\u0130\u015fe Yarad\u0131\u201d Desinler, Her \u015eeyimi Veririm\u201c\u00dccra\u201d bir co\u011frafyada kendi halinde bir ya\u015fam s\u00fcrd\u00fcren Ovac\u0131k, 2014\u2019ten bu yana T\u00fcrkiye\u2019nin ve d\u00fcnyan\u0131n ilgisini \u00fczerine \u00e7ekmeyi ba\u015far\u0131yor. \u00c7\u00fcnk\u00fc Ovac\u0131k\u2019ta ye\u015feren umut, T\u00fcrkiye\u2019ye ve d\u00fcnyaya yay\u0131l\u0131yor. \u0130nsana, do\u011faya, k\u00fclt\u00fcre, k\u0131sacas\u0131 c\u00fcmle varl\u0131\u011fa sayg\u0131l\u0131, birlikte \u00fcreten, hak\u00e7a b\u00f6l\u00fc\u015fen bir sistemin u\u00e7lar\u0131 filiz veriyor Ovac\u0131k\u2019ta. Giderek \u201cOvac\u0131k Modeli\u201d olarak nitelendirilen bu yeni ya\u015fam\u0131n ta\u015f\u0131y\u0131c\u0131s\u0131, emek\u00e7isi, \u00f6nderi konumundaki ki\u015fi ise Belediye Ba\u015fkan\u0131 Fatih Mehmet Ma\u00e7o\u011flu. Nam\u0131 di\u011fer \u201cKom\u00fcnist Ba\u015fkan\u201dPeki Kom\u00fcnist Ba\u015fkan kimdir?Ovac\u0131k Modeli nedir?Elinizdeki kitap, bu sorular\u0131n yan\u0131t\u0131n\u0131 verme \u00e7abas\u0131n\u0131n sonucu olarak ortaya \u00e7\u0131km\u0131\u015ft\u0131r.<\/p>\n","protected":false},"excerpt":{"rendered":"<p>&#8211; Fatih Mehmet \u0130sminin Hikayesi- Kitap Yere D\u00fc\u015ft\u00fc; Bakt\u0131m, \u0130brahim Kaypakkaya- &#8220;Nedir Bu? &#8221; Dedim? &#8221; Bu Ezand\u0131r.&#8221; Dediler- S\u00fcleymanc\u0131lar\u0131n K\u00f6y\u00fcnde \u201cHadi Camiye Gidelim!\u201d Dediler- Kaymakam<span class=\"excerpt-hellip\"> [\u2026]<\/span><\/p>\n","protected":false},"featured_media":0,"template":"","meta":{"_monsterinsights_skip_tracking":false,"_monsterinsights_sitenote_active":false,"_monsterinsights_sitenote_note":"","_monsterinsights_sitenote_category":0},"product_brand":[],"product_cat":[13590,12337],"product_tag":[],"class_list":{"0":"post-714766","1":"product","2":"type-product","3":"status-publish","5":"product_cat-arastirma-inceleme-politika-siyaset","6":"product_cat-politika-siyaset","7":"pa_cilt-ciltsiz","8":"pa_tur-kitap","9":"pa_yayinevi-siyah-beyaz","10":"pa_yazar-erdal-emre","12":"first","13":"instock","14":"sale","15":"shipping-taxable","16":"purchasable","17":"product-type-simple"},"_links":{"self":[{"href":"https:\/\/roveyayinevi.com.tr\/index.php\/wp-json\/wp\/v2\/product\/714766","targetHints":{"allow":["GET"]}}],"collection":[{"href":"https:\/\/roveyayinevi.com.tr\/index.php\/wp-json\/wp\/v2\/product"}],"about":[{"href":"https:\/\/roveyayinevi.com.tr\/index.php\/wp-json\/wp\/v2\/types\/product"}],"wp:attachment":[{"href":"https:\/\/roveyayinevi.com.tr\/index.php\/wp-json\/wp\/v2\/media?parent=714766"}],"wp:term":[{"taxonomy":"product_brand","embeddable":true,"href":"https:\/\/roveyayinevi.com.tr\/index.php\/wp-json\/wp\/v2\/product_brand?post=714766"},{"taxonomy":"product_cat","embeddable":true,"href":"https:\/\/roveyayinevi.com.tr\/index.php\/wp-json\/wp\/v2\/product_cat?post=714766"},{"taxonomy":"product_tag","embeddable":true,"href":"https:\/\/roveyayinevi.com.tr\/index.php\/wp-json\/wp\/v2\/product_tag?post=714766"}],"curies":[{"name":"wp","href":"https:\/\/api.w.org\/{rel}","templated":true}]}}