{"id":714762,"date":"2025-08-27T17:22:30","date_gmt":"2025-08-27T14:22:30","guid":{"rendered":"https:\/\/roveyayinevi.com.tr\/index.php\/urun\/kusursuz-insanlar-nasil-tedavi-edilir\/"},"modified":"2026-04-12T02:27:41","modified_gmt":"2026-04-11T23:27:41","slug":"kusursuz-insanlar-nasil-tedavi-edilir","status":"publish","type":"product","link":"https:\/\/roveyayinevi.com.tr\/index.php\/urun\/kusursuz-insanlar-nasil-tedavi-edilir\/","title":{"rendered":"Kusursuz \u0130nsanlar Nas\u0131l Tedavi Edilir?"},"content":{"rendered":"<p>&#8211;         Asla hata yapmamal\u0131y\u0131m. &#8211;         Her \u015fey kurallara uygun ve kusursuz olmak zorunda, aksi m\u00fcmk\u00fcn de\u011fil.  &#8211;         Bu i\u015fi de ba\u015faramad\u0131m, beceriksizin tekiyim.  &#8211;         Hata yaparsam bu her \u015feyin sonu olur. &#8211;         Bir i\u015f ya m\u00fckemmeldir ya da hatal\u0131d\u0131r. &#8211;         Hatal\u0131 olmaya tahamm\u00fcl\u00fcm yok. Her zaman kusursuz olmal\u0131y\u0131m. &#8211;        Ortalama ba\u015far\u0131 asla ba\u015far\u0131 olarak kabul edilemez.   Kendinizi bu ve benzeri d\u00fc\u015f\u00fcncelerle s\u0131k s\u0131k ba\u015f ba\u015fa buluyorsan\u0131z, tebrikler! M\u00fckemmel bir m\u00fckemmeliyet\u00e7isiniz! \u00d6fke, kayg\u0131, korku, \u00e7\u00f6kk\u00fcnl\u00fck hissi yakan\u0131z\u0131 b\u0131rakm\u0131yor, bir t\u00fcrl\u00fc huzur bulam\u0131yorsunuz. Peki ne yapacaks\u0131n\u0131z?   Bu kitab\u0131 okumakla i\u015fe ba\u015flayabilirsiniz! Uzman Klinik Psikolog M. Fatih \u015eiraz, Kusursuz \u0130nsanlar Nas\u0131l Tedavi Edilir? kitab\u0131nda, m\u00fckemmeliyet\u00e7i ki\u015filik \u00f6zelliklerinin sebep oldu\u011fu ruhsal problemlere, davran\u0131\u015fsal sorunlara ve ili\u015fki problemlerine \u00e7\u00f6z\u00fcmler sunuyor.   Bu kitap, m\u00fckemmeliyet\u00e7i d\u00fc\u015f\u00fcnce ve davran\u0131\u015f kal\u0131plar\u0131ndan mustarip olan, m\u00fckemmeliyet\u00e7ilikle ilgili terapi deste\u011fi alma imk\u00e2n\u0131 olmayan bireylere yard\u0131mc\u0131 olmak ya da terapi s\u00fcrecindeki bireylere destekleyici kaynak sunmak i\u00e7in haz\u0131rland\u0131. Okuyun, uygulay\u0131n ve \u2018m\u00fckemmel kal\u0131plar\u0131n\u0131zdan\u2019 kurtulun! <\/p>\n","protected":false},"excerpt":{"rendered":"<p>&#8211; Asla hata yapmamal\u0131y\u0131m. &#8211; Her \u015fey kurallara uygun ve kusursuz olmak zorunda, aksi m\u00fcmk\u00fcn de\u011fil. &#8211; Bu i\u015fi de ba\u015faramad\u0131m, beceriksizin tekiyim. &#8211; Hata yaparsam<span class=\"excerpt-hellip\"> [\u2026]<\/span><\/p>\n","protected":false},"featured_media":0,"template":"","meta":{"_monsterinsights_skip_tracking":false,"_monsterinsights_sitenote_active":false,"_monsterinsights_sitenote_note":"","_monsterinsights_sitenote_category":0},"product_brand":[],"product_cat":[12364,12376],"product_tag":[],"class_list":{"0":"post-714762","1":"product","2":"type-product","3":"status-publish","5":"product_cat-genel-konular","6":"product_cat-kisisel-gelisim","7":"pa_cilt-ciltsiz","8":"pa_tur-kitap","9":"pa_yayinevi-hayykitap","10":"pa_yazar-m-fatih-siraz","12":"first","13":"instock","14":"sale","15":"shipping-taxable","16":"purchasable","17":"product-type-simple"},"_links":{"self":[{"href":"https:\/\/roveyayinevi.com.tr\/index.php\/wp-json\/wp\/v2\/product\/714762","targetHints":{"allow":["GET"]}}],"collection":[{"href":"https:\/\/roveyayinevi.com.tr\/index.php\/wp-json\/wp\/v2\/product"}],"about":[{"href":"https:\/\/roveyayinevi.com.tr\/index.php\/wp-json\/wp\/v2\/types\/product"}],"wp:attachment":[{"href":"https:\/\/roveyayinevi.com.tr\/index.php\/wp-json\/wp\/v2\/media?parent=714762"}],"wp:term":[{"taxonomy":"product_brand","embeddable":true,"href":"https:\/\/roveyayinevi.com.tr\/index.php\/wp-json\/wp\/v2\/product_brand?post=714762"},{"taxonomy":"product_cat","embeddable":true,"href":"https:\/\/roveyayinevi.com.tr\/index.php\/wp-json\/wp\/v2\/product_cat?post=714762"},{"taxonomy":"product_tag","embeddable":true,"href":"https:\/\/roveyayinevi.com.tr\/index.php\/wp-json\/wp\/v2\/product_tag?post=714762"}],"curies":[{"name":"wp","href":"https:\/\/api.w.org\/{rel}","templated":true}]}}