{"id":714761,"date":"2025-08-27T17:22:29","date_gmt":"2025-08-27T14:22:29","guid":{"rendered":"https:\/\/roveyayinevi.com.tr\/index.php\/urun\/messi-futbolun-mozarti\/"},"modified":"2026-04-16T02:23:13","modified_gmt":"2026-04-15T23:23:13","slug":"messi-futbolun-mozarti","status":"publish","type":"product","link":"https:\/\/roveyayinevi.com.tr\/index.php\/urun\/messi-futbolun-mozarti\/","title":{"rendered":"Messi &#8211; Futbol&#8217;un Mozart&#8217;\u0131"},"content":{"rendered":"<p>Messi biraz daha \u00e7abalarsa su \u00fcst\u00fcnde y\u00fcr\u00fcyebilir. (Jose Mourinho)Futbolu adeta ba\u015ftan yaratan Messi h\u0131z\u0131, h\u0131rs\u0131 ve etkileyici tekni\u011fiyle \u015fimdiden efsanele\u015fen bir isim\u2026O, ma\u00e7larda futbol severlere ya\u015fatt\u0131\u011f\u0131 keyifli anlar\u0131yla; ard\u0131 ard\u0131na gelen \u00e7al\u0131mlar\u0131, rakip tak\u0131ma kar\u015f\u0131 tek ba\u015f\u0131na m\u00fccadelesi ve unutulmaz golleriyle y\u00fcreklerde yer eden bir sporcu.Bu kitap, Maradona\u2019n\u0131n 10 numaral\u0131 Arjantin formas\u0131na v\u00e2risi olarak aday g\u00f6sterdi\u011fi Messi\u2019nin efsane olma yolunda hem kendi hik\u00e2yesine hem de onun i\u00e7in \u00f6zel olan ki\u015filerle olan an\u0131lar\u0131na yer veriyor.Futbol tanr\u0131lar\u0131 Messi\u2019yi yarat\u0131rken di\u011fer futbolculara adaletsiz davranm\u0131\u015f.<\/p>\n","protected":false},"excerpt":{"rendered":"<p>Messi biraz daha \u00e7abalarsa su \u00fcst\u00fcnde y\u00fcr\u00fcyebilir. (Jose Mourinho)Futbolu adeta ba\u015ftan yaratan Messi h\u0131z\u0131, h\u0131rs\u0131 ve etkileyici tekni\u011fiyle \u015fimdiden efsanele\u015fen bir isim\u2026O, ma\u00e7larda futbol severlere ya\u015fatt\u0131\u011f\u0131<span class=\"excerpt-hellip\"> [\u2026]<\/span><\/p>\n","protected":false},"featured_media":0,"template":"","meta":{"_monsterinsights_skip_tracking":false,"_monsterinsights_sitenote_active":false,"_monsterinsights_sitenote_note":"","_monsterinsights_sitenote_category":0},"product_brand":[],"product_cat":[15563,15564],"product_tag":[],"class_list":{"0":"post-714761","1":"product","2":"type-product","3":"status-publish","5":"product_cat-hobi","6":"product_cat-spor","7":"pa_cilt-ciltsiz","8":"pa_tur-kitap","9":"pa_yayinevi-marti-yayinlari","10":"pa_yazar-luca-caioli","12":"first","13":"instock","14":"sale","15":"shipping-taxable","16":"purchasable","17":"product-type-simple"},"_links":{"self":[{"href":"https:\/\/roveyayinevi.com.tr\/index.php\/wp-json\/wp\/v2\/product\/714761","targetHints":{"allow":["GET"]}}],"collection":[{"href":"https:\/\/roveyayinevi.com.tr\/index.php\/wp-json\/wp\/v2\/product"}],"about":[{"href":"https:\/\/roveyayinevi.com.tr\/index.php\/wp-json\/wp\/v2\/types\/product"}],"wp:attachment":[{"href":"https:\/\/roveyayinevi.com.tr\/index.php\/wp-json\/wp\/v2\/media?parent=714761"}],"wp:term":[{"taxonomy":"product_brand","embeddable":true,"href":"https:\/\/roveyayinevi.com.tr\/index.php\/wp-json\/wp\/v2\/product_brand?post=714761"},{"taxonomy":"product_cat","embeddable":true,"href":"https:\/\/roveyayinevi.com.tr\/index.php\/wp-json\/wp\/v2\/product_cat?post=714761"},{"taxonomy":"product_tag","embeddable":true,"href":"https:\/\/roveyayinevi.com.tr\/index.php\/wp-json\/wp\/v2\/product_tag?post=714761"}],"curies":[{"name":"wp","href":"https:\/\/api.w.org\/{rel}","templated":true}]}}