{"id":714760,"date":"2025-08-27T17:22:29","date_gmt":"2025-08-27T14:22:29","guid":{"rendered":"https:\/\/roveyayinevi.com.tr\/index.php\/urun\/parcalanmis-soguk-uyanis-serisi-3-kitap\/"},"modified":"2026-04-16T02:23:13","modified_gmt":"2026-04-15T23:23:13","slug":"parcalanmis-soguk-uyanis-serisi-3-kitap","status":"publish","type":"product","link":"https:\/\/roveyayinevi.com.tr\/index.php\/urun\/parcalanmis-soguk-uyanis-serisi-3-kitap\/","title":{"rendered":"Par\u00e7alanm\u0131\u015f &#8211; So\u011fuk Uyan\u0131\u015f Serisi 3. Kitap"},"content":{"rendered":"<p>K\u0131r\u0131lm\u0131\u015f\u2019\u0131n bitti\u011fi yerden iki ay sonras\u0131nda Lia ba\u015flad\u0131\u011f\u0131 yere geri d\u00f6nm\u00fc\u015ft\u00fcr yeniden: evine d\u00f6n\u00fcp kusursuz bir evlat gibi davranmaktad\u0131r. Ne kadar bu role kendini al\u0131\u015ft\u0131rsa da hi\u00e7bir \u015fey eskisi gibi olmayacakt\u0131r.Lia, mekalar\u0131n y\u00fcz\u00fc ve BioMax\u2019in gelecek vaat eden teknolojisinin poster k\u0131z\u0131 haline gelmi\u015f, hayat\u0131n\u0131, d\u00fcnyay\u0131 kendisinin ve kendisi gibi olanlar\u0131n insanlar kadar var olmay\u0131 hak ettiklerini ikna etmeye adam\u0131\u015ft\u0131r. Planlar, Jude\u2019un BioMax\u2019in elinde bulundurdu\u011fu teknolojiyi vah\u015fi bir k\u00f6t\u00fcl\u00fck i\u00e7in kulland\u0131\u011f\u0131n\u0131 \u00f6\u011frendi\u011finde yeniden bozuluyor. Ve Lia, meka olmas\u0131yla sonu\u00e7lanan trafik kazas\u0131yla ilgili \u015fok edici ger\u00e7e\u011fi \u00f6\u011frendi\u011finde, asla geri ad\u0131m atamayaca\u011f\u0131 bir karar verir.Bakal\u0131m hayat,Lia Khan\u2019a daha ne gibi s\u00fcrprizler haz\u0131rlamaktad\u0131r?Robin Wasserman\u2019\u0131n d\u00fcnyada b\u00fcy\u00fck yank\u0131 uyand\u0131ran \u201cSo\u011fuk Uyan\u0131\u015f\u201d serisinin son kitab\u0131 olan Par\u00e7alanm\u0131\u015f Lia Khan ve arkada\u015flar\u0131n\u0131n hayatta kalma m\u00fccadelesiyle \u015fa\u015f\u0131rt\u0131c\u0131 bir final yap\u0131yor.<\/p>\n","protected":false},"excerpt":{"rendered":"<p>K\u0131r\u0131lm\u0131\u015f\u2019\u0131n bitti\u011fi yerden iki ay sonras\u0131nda Lia ba\u015flad\u0131\u011f\u0131 yere geri d\u00f6nm\u00fc\u015ft\u00fcr yeniden: evine d\u00f6n\u00fcp kusursuz bir evlat gibi davranmaktad\u0131r. Ne kadar bu role kendini al\u0131\u015ft\u0131rsa da<span class=\"excerpt-hellip\"> [\u2026]<\/span><\/p>\n","protected":false},"featured_media":0,"template":"","meta":{"_monsterinsights_skip_tracking":false,"_monsterinsights_sitenote_active":false,"_monsterinsights_sitenote_note":"","_monsterinsights_sitenote_category":0},"product_brand":[],"product_cat":[12540,12291],"product_tag":[],"class_list":{"0":"post-714760","1":"product","2":"type-product","3":"status-publish","5":"product_cat-bilim-kurgu","6":"product_cat-edebiyat","7":"pa_cilt-ciltsiz","8":"pa_tur-kitap","9":"pa_yayinevi-marti-yayinlari","10":"pa_yazar-robin-wasserman","12":"first","13":"instock","14":"sale","15":"shipping-taxable","16":"purchasable","17":"product-type-simple"},"_links":{"self":[{"href":"https:\/\/roveyayinevi.com.tr\/index.php\/wp-json\/wp\/v2\/product\/714760","targetHints":{"allow":["GET"]}}],"collection":[{"href":"https:\/\/roveyayinevi.com.tr\/index.php\/wp-json\/wp\/v2\/product"}],"about":[{"href":"https:\/\/roveyayinevi.com.tr\/index.php\/wp-json\/wp\/v2\/types\/product"}],"wp:attachment":[{"href":"https:\/\/roveyayinevi.com.tr\/index.php\/wp-json\/wp\/v2\/media?parent=714760"}],"wp:term":[{"taxonomy":"product_brand","embeddable":true,"href":"https:\/\/roveyayinevi.com.tr\/index.php\/wp-json\/wp\/v2\/product_brand?post=714760"},{"taxonomy":"product_cat","embeddable":true,"href":"https:\/\/roveyayinevi.com.tr\/index.php\/wp-json\/wp\/v2\/product_cat?post=714760"},{"taxonomy":"product_tag","embeddable":true,"href":"https:\/\/roveyayinevi.com.tr\/index.php\/wp-json\/wp\/v2\/product_tag?post=714760"}],"curies":[{"name":"wp","href":"https:\/\/api.w.org\/{rel}","templated":true}]}}