{"id":714758,"date":"2025-08-27T17:22:28","date_gmt":"2025-08-27T14:22:28","guid":{"rendered":"https:\/\/roveyayinevi.com.tr\/index.php\/urun\/jose-mourinho-kazanmanin-anatomisi\/"},"modified":"2026-04-16T02:23:13","modified_gmt":"2026-04-15T23:23:13","slug":"jose-mourinho-kazanmanin-anatomisi","status":"publish","type":"product","link":"https:\/\/roveyayinevi.com.tr\/index.php\/urun\/jose-mourinho-kazanmanin-anatomisi\/","title":{"rendered":"Jose Mourinho &#8211; Kazanman\u0131n Anatomisi"},"content":{"rendered":"<p>Mourinho futbol severlerin dikkatini 2004 y\u0131l\u0131nda \u201cR\u00fcyalar Tiyatrosu\u201d Old Trafford\u2019da \u00e7ekmi\u015fti. Porto Mourinho\u2019nun taktikleriyle Manchester United\u2019\u0131 \u015eampiyonlar Ligi turnuvas\u0131ndan elemeyi ba\u015farm\u0131\u015ft\u0131.Portekizli teknik adam Chelsea\u2019ye transfer olduktan sonra yazar Robert Beasley onu yak\u0131n markaj\u0131na ald\u0131 ve profesyonel anlamda, bu s\u0131ra d\u0131\u015f\u0131 adamla s\u0131k\u0131 bir dostluk kurmay\u0131 ba\u015fard\u0131. Mourinho\u2019nun antrenmanlar\u0131, ma\u00e7lar\u0131 ve \u00f6zel hayat\u0131yla yak\u0131ndan ilgilenen Beasley, kapal\u0131 kap\u0131lar ard\u0131nda ya\u015fad\u0131klar\u0131n\u0131 Jos\u00e9 Mourinho kitab\u0131nda t\u00fcm futbolseverlere aktard\u0131.\u0130ngiltere Milli Tak\u0131m\u0131\u2019n\u0131n kap\u0131s\u0131ndan d\u00f6nen, Tottenham\u2019\u0131n k\u0131skac\u0131ndan s\u0131yr\u0131lan, Ars\u00e8ne Wenger\u2019e her f\u0131rsatta sald\u0131ran, onu ne kadar sevmedi\u011fini a\u00e7\u0131klayan ve arka planda belki de t\u00fcm kariyerine y\u00f6n veren Roman Abramovi\u00e7\u2019le dirsek temas\u0131n\u0131 hi\u00e7 kaybetmeyen Mourinho, ayn\u0131 zamanda kariyeri boyunca sat\u0131n ald\u0131\u011f\u0131 oyuncular\u0131, alamad\u0131klar\u0131n\u0131 ve i\u00e7inde hep ukde kalanlar\u0131 t\u00fcm \u00e7\u0131plakl\u0131\u011f\u0131yla anlat\u0131yor.Sporun bir ak\u0131l ve felsefe oyunu oldu\u011funu savunan Mourinho, kariyeri boyunca \u00e7\u0131rakl\u0131ktan ustal\u0131\u011fa tecr\u00fcbe ettiklerini, futbol k\u00fclt\u00fcr\u00fcn\u00fcn d\u00fcnya \u00fczerinde ne kadar farkl\u0131l\u0131klar g\u00f6sterdi\u011fini anlat\u0131rken bir yandan da futbol hakk\u0131nda t\u00fcyolar vermeyi de ihmal etmiyor\u2026<\/p>\n","protected":false},"excerpt":{"rendered":"<p>Mourinho futbol severlerin dikkatini 2004 y\u0131l\u0131nda \u201cR\u00fcyalar Tiyatrosu\u201d Old Trafford\u2019da \u00e7ekmi\u015fti. Porto Mourinho\u2019nun taktikleriyle Manchester United\u2019\u0131 \u015eampiyonlar Ligi turnuvas\u0131ndan elemeyi ba\u015farm\u0131\u015ft\u0131.Portekizli teknik adam Chelsea\u2019ye transfer olduktan<span class=\"excerpt-hellip\"> [\u2026]<\/span><\/p>\n","protected":false},"featured_media":0,"template":"","meta":{"_monsterinsights_skip_tracking":false,"_monsterinsights_sitenote_active":false,"_monsterinsights_sitenote_note":"","_monsterinsights_sitenote_category":0},"product_brand":[],"product_cat":[15563,15564],"product_tag":[],"class_list":{"0":"post-714758","1":"product","2":"type-product","3":"status-publish","5":"product_cat-hobi","6":"product_cat-spor","7":"pa_cilt-ciltsiz","8":"pa_tur-kitap","9":"pa_yayinevi-indigo-kitap","10":"pa_yazar-robert-w-beasley","12":"first","13":"instock","14":"sale","15":"shipping-taxable","16":"purchasable","17":"product-type-simple"},"_links":{"self":[{"href":"https:\/\/roveyayinevi.com.tr\/index.php\/wp-json\/wp\/v2\/product\/714758","targetHints":{"allow":["GET"]}}],"collection":[{"href":"https:\/\/roveyayinevi.com.tr\/index.php\/wp-json\/wp\/v2\/product"}],"about":[{"href":"https:\/\/roveyayinevi.com.tr\/index.php\/wp-json\/wp\/v2\/types\/product"}],"wp:attachment":[{"href":"https:\/\/roveyayinevi.com.tr\/index.php\/wp-json\/wp\/v2\/media?parent=714758"}],"wp:term":[{"taxonomy":"product_brand","embeddable":true,"href":"https:\/\/roveyayinevi.com.tr\/index.php\/wp-json\/wp\/v2\/product_brand?post=714758"},{"taxonomy":"product_cat","embeddable":true,"href":"https:\/\/roveyayinevi.com.tr\/index.php\/wp-json\/wp\/v2\/product_cat?post=714758"},{"taxonomy":"product_tag","embeddable":true,"href":"https:\/\/roveyayinevi.com.tr\/index.php\/wp-json\/wp\/v2\/product_tag?post=714758"}],"curies":[{"name":"wp","href":"https:\/\/api.w.org\/{rel}","templated":true}]}}