{"id":714756,"date":"2025-08-27T17:22:26","date_gmt":"2025-08-27T14:22:26","guid":{"rendered":"https:\/\/roveyayinevi.com.tr\/index.php\/urun\/milenaya-mektuplar-8\/"},"modified":"2026-04-16T02:23:13","modified_gmt":"2026-04-15T23:23:13","slug":"milenaya-mektuplar-8","status":"publish","type":"product","link":"https:\/\/roveyayinevi.com.tr\/index.php\/urun\/milenaya-mektuplar-8\/","title":{"rendered":"Milena&#8217;ya Mektuplar"},"content":{"rendered":"<p>\u00d6nce ticari bir yaz\u0131\u015fmayla ba\u015flayan, ama \u00e7ok ge\u00e7meden tutkulu bir a\u015fk mektubuna d\u00f6n\u00fc\u015fen Milena&#8217;ya Mektuplar, Franz Kafka&#8217;n\u0131n duygular\u0131n\u0131 belki de en belirgin bi\u00e7imde d\u0131\u015favurdu\u011fu eseridir.Yirmi \u00fc\u00e7 ya\u015f\u0131ndaki Milena Jesensk\u00e1 olduk\u00e7a yetenekli ve etkileyici bir kad\u0131nd\u0131. Kafka&#8217;n\u0131n eserlerini \u00c7ek\u00e7eye terc\u00fcme eden Milena, onun son derece karma\u015f\u0131k dehas\u0131n\u0131 ve daha da karma\u015f\u0131k olan ki\u015fili\u011fini e\u015fi benzeri g\u00f6r\u00fclmemi\u015f bir bi\u00e7imde kavrayabilmi\u015fti. Otuz alt\u0131 ya\u015f\u0131ndaki Kafka, Milena&#8217;dan &#8220;Canl\u0131 bir ate\u015f gibi o, b\u00f6ylesini daha \u00f6nce hi\u00e7 g\u00f6rmedim&#8221; s\u00f6zleriyle bahsederdi. Kafka, en mahrem benli\u011fini a\u00e7m\u0131\u015ft\u0131 Milena&#8217;ya ve ili\u015fkilerinin sona ermesinin ard\u0131ndan, bu g\u00fcnl\u00fckleri saklayaca\u011f\u0131na g\u00fcvenmi\u015fti Milena&#8217;n\u0131n.&#8221;Ne kadar da kolay yaz\u0131l\u0131yor: seninle yapt\u0131\u011f\u0131m k\u0131sa bir gezinti. Bu kadar kolay oldu\u011fu i\u00e7in insan utan\u00e7tan yaz\u0131 yazmay\u0131 b\u0131rakmal\u0131. (&#8230;) Yan\u0131mda y\u00fcr\u00fcyordun Milena, d\u00fc\u015f\u00fcn, sen benim yan\u0131mda y\u00fcr\u00fcd\u00fcn.\u201d<\/p>\n","protected":false},"excerpt":{"rendered":"<p>\u00d6nce ticari bir yaz\u0131\u015fmayla ba\u015flayan, ama \u00e7ok ge\u00e7meden tutkulu bir a\u015fk mektubuna d\u00f6n\u00fc\u015fen Milena&#8217;ya Mektuplar, Franz Kafka&#8217;n\u0131n duygular\u0131n\u0131 belki de en belirgin bi\u00e7imde d\u0131\u015favurdu\u011fu eseridir.Yirmi \u00fc\u00e7<span class=\"excerpt-hellip\"> [\u2026]<\/span><\/p>\n","protected":false},"featured_media":0,"template":"","meta":{"_monsterinsights_skip_tracking":false,"_monsterinsights_sitenote_active":false,"_monsterinsights_sitenote_note":"","_monsterinsights_sitenote_category":0},"product_brand":[],"product_cat":[12291,12711],"product_tag":[],"class_list":{"0":"post-714756","1":"product","2":"type-product","3":"status-publish","5":"product_cat-edebiyat","6":"product_cat-roman-oyku","7":"pa_cilt-ciltsiz","8":"pa_tur-kitap","9":"pa_yayinevi-indigo-kitap","10":"pa_yazar-franz-kafka","12":"first","13":"instock","14":"sale","15":"shipping-taxable","16":"purchasable","17":"product-type-simple"},"_links":{"self":[{"href":"https:\/\/roveyayinevi.com.tr\/index.php\/wp-json\/wp\/v2\/product\/714756","targetHints":{"allow":["GET"]}}],"collection":[{"href":"https:\/\/roveyayinevi.com.tr\/index.php\/wp-json\/wp\/v2\/product"}],"about":[{"href":"https:\/\/roveyayinevi.com.tr\/index.php\/wp-json\/wp\/v2\/types\/product"}],"wp:attachment":[{"href":"https:\/\/roveyayinevi.com.tr\/index.php\/wp-json\/wp\/v2\/media?parent=714756"}],"wp:term":[{"taxonomy":"product_brand","embeddable":true,"href":"https:\/\/roveyayinevi.com.tr\/index.php\/wp-json\/wp\/v2\/product_brand?post=714756"},{"taxonomy":"product_cat","embeddable":true,"href":"https:\/\/roveyayinevi.com.tr\/index.php\/wp-json\/wp\/v2\/product_cat?post=714756"},{"taxonomy":"product_tag","embeddable":true,"href":"https:\/\/roveyayinevi.com.tr\/index.php\/wp-json\/wp\/v2\/product_tag?post=714756"}],"curies":[{"name":"wp","href":"https:\/\/api.w.org\/{rel}","templated":true}]}}