{"id":714752,"date":"2025-08-27T17:22:24","date_gmt":"2025-08-27T14:22:24","guid":{"rendered":"https:\/\/roveyayinevi.com.tr\/index.php\/urun\/faith-in-the-laboratory\/"},"modified":"2026-04-16T02:23:13","modified_gmt":"2026-04-15T23:23:13","slug":"faith-in-the-laboratory","status":"publish","type":"product","link":"https:\/\/roveyayinevi.com.tr\/index.php\/urun\/faith-in-the-laboratory\/","title":{"rendered":"Faith In The Laboratory"},"content":{"rendered":"<p>D\u00fcnyan\u0131n yarad\u0131l\u0131\u015f gayesi nedir?\u0130nanc\u0131n psikolojik sa\u011fl\u0131\u011fa etkileri nelerdir?Kan\u0131ta dayal\u0131 din nas\u0131l olur?\u0130nsan kendini hem \u00f6zg\u00fcr hem de Yarat\u0131c\u0131\u2019n\u0131n varl\u0131\u011f\u0131na teslim olmu\u015f hissedebilir mi?\u0130nan\u00e7 geni var m\u0131d\u0131r?Din bir tak\u0131nt\u0131 m\u0131d\u0131r?Ruh nas\u0131l bir programd\u0131r?Ruh, beyin, beden ili\u015fkisi nas\u0131l olur?Bilim ne zaman dinin alan\u0131na m\u00fcdahale eder?Dua ve ibadetin psikolojik ve fizyolojik faydalar\u0131 nelerdir?Prof. Dr. Nevzat Tarhan\u2019\u0131n inanc\u0131 adeta laboratuvar ortam\u0131nda inceledi\u011fi \u00e7al\u0131\u015fmas\u0131 \u0130nan\u00e7 Psikolojisi ve Bilim, Faith in the Laboratory ad\u0131yla yap\u0131lan \u0130ngilizce bask\u0131s\u0131yla inan\u00e7 ve bilim ili\u015fkine getirdi\u011fi farkl\u0131 bak\u0131\u015f\u0131 evrensel d\u00fczeyde okurla bulu\u015fturuyor.<\/p>\n","protected":false},"excerpt":{"rendered":"<p>D\u00fcnyan\u0131n yarad\u0131l\u0131\u015f gayesi nedir?\u0130nanc\u0131n psikolojik sa\u011fl\u0131\u011fa etkileri nelerdir?Kan\u0131ta dayal\u0131 din nas\u0131l olur?\u0130nsan kendini hem \u00f6zg\u00fcr hem de Yarat\u0131c\u0131\u2019n\u0131n varl\u0131\u011f\u0131na teslim olmu\u015f hissedebilir mi?\u0130nan\u00e7 geni var m\u0131d\u0131r?Din<span class=\"excerpt-hellip\"> [\u2026]<\/span><\/p>\n","protected":false},"featured_media":0,"template":"","meta":{"_monsterinsights_skip_tracking":false,"_monsterinsights_sitenote_active":false,"_monsterinsights_sitenote_note":"","_monsterinsights_sitenote_category":0},"product_brand":[],"product_cat":[12358,12357],"product_tag":[],"class_list":{"0":"post-714752","1":"product","2":"type-product","3":"status-publish","5":"product_cat-genel-psikoloji","6":"product_cat-psikoloji","7":"pa_cilt-ciltsiz","8":"pa_tur-kitap","9":"pa_yayinevi-timas-yayinlari","10":"pa_yazar-nevzat-tarhan","12":"first","13":"instock","14":"sale","15":"shipping-taxable","16":"purchasable","17":"product-type-simple"},"_links":{"self":[{"href":"https:\/\/roveyayinevi.com.tr\/index.php\/wp-json\/wp\/v2\/product\/714752","targetHints":{"allow":["GET"]}}],"collection":[{"href":"https:\/\/roveyayinevi.com.tr\/index.php\/wp-json\/wp\/v2\/product"}],"about":[{"href":"https:\/\/roveyayinevi.com.tr\/index.php\/wp-json\/wp\/v2\/types\/product"}],"wp:attachment":[{"href":"https:\/\/roveyayinevi.com.tr\/index.php\/wp-json\/wp\/v2\/media?parent=714752"}],"wp:term":[{"taxonomy":"product_brand","embeddable":true,"href":"https:\/\/roveyayinevi.com.tr\/index.php\/wp-json\/wp\/v2\/product_brand?post=714752"},{"taxonomy":"product_cat","embeddable":true,"href":"https:\/\/roveyayinevi.com.tr\/index.php\/wp-json\/wp\/v2\/product_cat?post=714752"},{"taxonomy":"product_tag","embeddable":true,"href":"https:\/\/roveyayinevi.com.tr\/index.php\/wp-json\/wp\/v2\/product_tag?post=714752"}],"curies":[{"name":"wp","href":"https:\/\/api.w.org\/{rel}","templated":true}]}}