{"id":714751,"date":"2025-08-27T17:22:23","date_gmt":"2025-08-27T14:22:23","guid":{"rendered":"https:\/\/roveyayinevi.com.tr\/index.php\/urun\/cilgin-bilim-adaminin-deneyler-kitabi\/"},"modified":"2026-04-16T02:23:13","modified_gmt":"2026-04-15T23:23:13","slug":"cilgin-bilim-adaminin-deneyler-kitabi","status":"publish","type":"product","link":"https:\/\/roveyayinevi.com.tr\/index.php\/urun\/cilgin-bilim-adaminin-deneyler-kitabi\/","title":{"rendered":"\u00c7\u0131lg\u0131n Bilim Adam\u0131n\u0131n Deneyler Kitab\u0131"},"content":{"rendered":"<p>\u00c7\u0131lg\u0131n Bir Bilim Adam\u0131n\u0131n Deneyler Kitab\u0131&#8217;nda ak\u0131l almaz deneylerin en ince ,en s\u0131cak detaylar\u0131n\u0131 \u00f6\u011freneceksiniz.Bilimsel ke\u015fiflerin dolamba\u00e7l\u0131 yollar\u0131nda yolunuzu kolayca bulacak ve \u00e7\u0131lg\u0131n bir bilim adam\u0131 olmaya do\u011fru, ilk ad\u0131mlar\u0131n\u0131z\u0131 atacaks\u0131n\u0131z.Ve bu bir E\u011flenceli Bilgi kitab\u0131 oldu\u011fundan, birka\u00e7 garip insanla da tan\u0131\u015facaks\u0131n\u0131z.Kimler mi? U\u015fa\u011f\u0131n\u0131 u\u00e7an bombalara \u00e7eviren bilim adam\u0131&#8230;Korkmay\u0131n ! Deneyler s\u0131ras\u0131nda evinizi havaya u\u00e7urmayacaks\u0131n\u0131z.yapabilece\u011finiz en masum deney kendinizi yalanc\u0131l\u0131ktan hasta hissetmek olabilir.Bir deneyin bakal\u0131m!<\/p>\n","protected":false},"excerpt":{"rendered":"<p>\u00c7\u0131lg\u0131n Bir Bilim Adam\u0131n\u0131n Deneyler Kitab\u0131&#8217;nda ak\u0131l almaz deneylerin en ince ,en s\u0131cak detaylar\u0131n\u0131 \u00f6\u011freneceksiniz.Bilimsel ke\u015fiflerin dolamba\u00e7l\u0131 yollar\u0131nda yolunuzu kolayca bulacak ve \u00e7\u0131lg\u0131n bir bilim adam\u0131<span class=\"excerpt-hellip\"> [\u2026]<\/span><\/p>\n","protected":false},"featured_media":0,"template":"","meta":{"_monsterinsights_skip_tracking":false,"_monsterinsights_sitenote_active":false,"_monsterinsights_sitenote_note":"","_monsterinsights_sitenote_category":0},"product_brand":[],"product_cat":[12274,12284],"product_tag":[],"class_list":{"0":"post-714751","1":"product","2":"type-product","3":"status-publish","5":"product_cat-cocuk-ve-genclik-kitaplari","6":"product_cat-hikayeler","7":"pa_cilt-ciltsiz","8":"pa_tur-kitap","9":"pa_yayinevi-timas-cocuk","10":"pa_yazar-nick-arnold","12":"first","13":"instock","14":"sale","15":"shipping-taxable","16":"purchasable","17":"product-type-simple"},"_links":{"self":[{"href":"https:\/\/roveyayinevi.com.tr\/index.php\/wp-json\/wp\/v2\/product\/714751","targetHints":{"allow":["GET"]}}],"collection":[{"href":"https:\/\/roveyayinevi.com.tr\/index.php\/wp-json\/wp\/v2\/product"}],"about":[{"href":"https:\/\/roveyayinevi.com.tr\/index.php\/wp-json\/wp\/v2\/types\/product"}],"wp:attachment":[{"href":"https:\/\/roveyayinevi.com.tr\/index.php\/wp-json\/wp\/v2\/media?parent=714751"}],"wp:term":[{"taxonomy":"product_brand","embeddable":true,"href":"https:\/\/roveyayinevi.com.tr\/index.php\/wp-json\/wp\/v2\/product_brand?post=714751"},{"taxonomy":"product_cat","embeddable":true,"href":"https:\/\/roveyayinevi.com.tr\/index.php\/wp-json\/wp\/v2\/product_cat?post=714751"},{"taxonomy":"product_tag","embeddable":true,"href":"https:\/\/roveyayinevi.com.tr\/index.php\/wp-json\/wp\/v2\/product_tag?post=714751"}],"curies":[{"name":"wp","href":"https:\/\/api.w.org\/{rel}","templated":true}]}}