{"id":714744,"date":"2025-08-27T17:22:18","date_gmt":"2025-08-27T14:22:18","guid":{"rendered":"https:\/\/roveyayinevi.com.tr\/index.php\/urun\/insanlarin-dunyasi-3\/"},"modified":"2026-04-16T02:23:13","modified_gmt":"2026-04-15T23:23:13","slug":"insanlarin-dunyasi-3","status":"publish","type":"product","link":"https:\/\/roveyayinevi.com.tr\/index.php\/urun\/insanlarin-dunyasi-3\/","title":{"rendered":"\u0130nsanlar\u0131n D\u00fcnyas\u0131"},"content":{"rendered":"<p>Antoine de Saint-Exup\u00e9ry, K\u00fc\u00e7\u00fck Prens ve Gece U\u00e7u\u015fu\u2019nda oldu\u011fu gibi \u0130nsanlar\u0131n D\u00fcnyas\u0131\u2019nda da g\u00f6\u011f\u00fcn, gecenin, y\u0131ld\u0131zlar\u0131n ve insanl\u0131\u011f\u0131n s\u0131rlar\u0131n\u0131 b\u00fcy\u00fcleyici \u00fcslubuyla bir \u015fahesere d\u00f6n\u00fc\u015ft\u00fcr\u00fcyor. Saint-Exup\u00e9ry\u2019nin pilotluk maceralar\u0131n\u0131 hik\u00e2yele\u015ftirdi\u011fi \u0130nsanlar\u0131n D\u00fcnyas\u0131, yazar\u0131n gizli d\u00fcnyas\u0131na pek \u00e7ok kap\u0131 aral\u0131yor. Frans\u0131z Akademisi Roman B\u00fcy\u00fck \u00d6d\u00fcl\u00fc&#8217;ne ve Amerikan Ulusal Kitap \u00d6d\u00fcl\u00fc&#8217;ne lay\u0131k g\u00f6r\u00fclen roman, Sibel Ku\u015fca G\u00fcng\u00f6r\u2019\u00fcn Frans\u0131zca asl\u0131ndan \u00e7evirisiyle&#8230;\u201cG\u00f6steri\u015fsiz kale duvarlar\u0131n\u0131 r\u00fczg\u00e2rlara, med cezirlere ve y\u0131ld\u0131zlara kar\u015f\u0131 y\u00fckseltmi\u015fsin. B\u00fcy\u00fck sorunlar \u00fczerine d\u00fc\u015f\u00fcnmek istemiyorsun, insanl\u0131\u011f\u0131n halini unutmak i\u00e7in yeterince u\u011fra\u015fm\u0131\u015fs\u0131n zaten. Serseri bir gezegenin sakini de\u011filsin, cevaps\u0131z sorular sormuyorsun kendine&#8230; Hen\u00fcz vakit varken kimse tutup sarsmam\u0131\u015f seni omuzlar\u0131ndan. \u015eimdi, \u015fekillendirdi\u011fin o bal\u00e7\u0131k kurudu, kat\u0131la\u015ft\u0131; i\u00e7inde uykuya dalm\u0131\u015f m\u00fczisyeni, \u015fairi ve belki de ba\u015flarda i\u00e7inde ya\u015fatt\u0131\u011f\u0131n o g\u00f6kbilimciyi kimse uyand\u0131ramayacak art\u0131k.\u201d<\/p>\n","protected":false},"excerpt":{"rendered":"<p>Antoine de Saint-Exup\u00e9ry, K\u00fc\u00e7\u00fck Prens ve Gece U\u00e7u\u015fu\u2019nda oldu\u011fu gibi \u0130nsanlar\u0131n D\u00fcnyas\u0131\u2019nda da g\u00f6\u011f\u00fcn, gecenin, y\u0131ld\u0131zlar\u0131n ve insanl\u0131\u011f\u0131n s\u0131rlar\u0131n\u0131 b\u00fcy\u00fcleyici \u00fcslubuyla bir \u015fahesere d\u00f6n\u00fc\u015ft\u00fcr\u00fcyor. Saint-Exup\u00e9ry\u2019nin pilotluk<span class=\"excerpt-hellip\"> [\u2026]<\/span><\/p>\n","protected":false},"featured_media":0,"template":"","meta":{"_monsterinsights_skip_tracking":false,"_monsterinsights_sitenote_active":false,"_monsterinsights_sitenote_note":"","_monsterinsights_sitenote_category":0},"product_brand":[],"product_cat":[12291,12711],"product_tag":[],"class_list":{"0":"post-714744","1":"product","2":"type-product","3":"status-publish","5":"product_cat-edebiyat","6":"product_cat-roman-oyku","7":"pa_cilt-ciltsiz","8":"pa_tur-kitap","9":"pa_yayinevi-timas-yayinlari","10":"pa_yazar-antoine-de-saint-exupery","12":"first","13":"instock","14":"sale","15":"shipping-taxable","16":"purchasable","17":"product-type-simple"},"_links":{"self":[{"href":"https:\/\/roveyayinevi.com.tr\/index.php\/wp-json\/wp\/v2\/product\/714744","targetHints":{"allow":["GET"]}}],"collection":[{"href":"https:\/\/roveyayinevi.com.tr\/index.php\/wp-json\/wp\/v2\/product"}],"about":[{"href":"https:\/\/roveyayinevi.com.tr\/index.php\/wp-json\/wp\/v2\/types\/product"}],"wp:attachment":[{"href":"https:\/\/roveyayinevi.com.tr\/index.php\/wp-json\/wp\/v2\/media?parent=714744"}],"wp:term":[{"taxonomy":"product_brand","embeddable":true,"href":"https:\/\/roveyayinevi.com.tr\/index.php\/wp-json\/wp\/v2\/product_brand?post=714744"},{"taxonomy":"product_cat","embeddable":true,"href":"https:\/\/roveyayinevi.com.tr\/index.php\/wp-json\/wp\/v2\/product_cat?post=714744"},{"taxonomy":"product_tag","embeddable":true,"href":"https:\/\/roveyayinevi.com.tr\/index.php\/wp-json\/wp\/v2\/product_tag?post=714744"}],"curies":[{"name":"wp","href":"https:\/\/api.w.org\/{rel}","templated":true}]}}