{"id":714743,"date":"2025-08-27T17:22:18","date_gmt":"2025-08-27T14:22:18","guid":{"rendered":"https:\/\/roveyayinevi.com.tr\/index.php\/urun\/mia-ve-bazi-sekerli-seyler\/"},"modified":"2026-04-16T02:23:13","modified_gmt":"2026-04-15T23:23:13","slug":"mia-ve-bazi-sekerli-seyler","status":"publish","type":"product","link":"https:\/\/roveyayinevi.com.tr\/index.php\/urun\/mia-ve-bazi-sekerli-seyler\/","title":{"rendered":"Mia ve Baz\u0131 \u015eekerli \u015eeyler"},"content":{"rendered":"<p>\u015eekerello Kral\u0131 IV. Ba\u015fpancar ve Bu\u011fdayhan&#8217;\u0131n en b\u00fcy\u00fck amac\u0131 insanlar\u0131 \u015fekerli ve unlu g\u0131dalara al\u0131\u015ft\u0131r\u0131p onlar\u0131n sa\u011fl\u0131klar\u0131n\u0131 bozmak ve d\u00fcnyay\u0131 ele ge\u00e7irmektir. Planlar\u0131n\u0131 uygulamak i\u00e7in geceleri gizli gizli okullar\u0131n kantinlerine gidip kekleri, \u00e7ikolatalar\u0131 ve \u015fekerleri \u00e7ocuklara g\u00fczel g\u00f6stermek i\u00e7in u\u011fra\u015f\u0131rlar. Fakat I\u015f\u0131kl\u0131\u00e7ukur Okulu&#8217;na geldiklerinde planlar\u0131 bozulur. \u00c7\u00fcnk\u00fc hesaba katmad\u0131klar\u0131 biri vard\u0131r: Mia! Kantinde yolunda gitmeyen bir \u015feyler oldu\u011funu anlayan Mia, I\u015f\u0131kl\u0131\u00e7ukur Okulu&#8217;nu Ba\u015fpancar ve Bu\u011fdayhan&#8217;\u0131n k\u00f6t\u00fc planlar\u0131ndan kurtarabilecek mi?  Mia ve Berke&#8217;nin s\u0131cak dostlu\u011funa tan\u0131k olaca\u011f\u0131n\u0131z, \u015eekerello Krall\u0131\u011f\u0131&#8217;n\u0131n k\u00f6t\u00fc planlar\u0131 ile ba\u015f etmenin yollar\u0131n\u0131 arayaca\u011f\u0131n\u0131z yepyeni bir maceraya haz\u0131r m\u0131s\u0131n\u0131z?  Dikkatli olun, Ba\u015fpancar ve \u015eeker D\u00fck\u00fc mutlaka bir g\u00fcn sizin okulunuza da geleceklerdir. S\u0131ra sizin okulunuza geldi\u011finde, kimin kahramanl\u0131k hik\u00e2yesi yaz\u0131lacakt\u0131r dersiniz?<\/p>\n","protected":false},"excerpt":{"rendered":"<p>\u015eekerello Kral\u0131 IV. Ba\u015fpancar ve Bu\u011fdayhan&#8217;\u0131n en b\u00fcy\u00fck amac\u0131 insanlar\u0131 \u015fekerli ve unlu g\u0131dalara al\u0131\u015ft\u0131r\u0131p onlar\u0131n sa\u011fl\u0131klar\u0131n\u0131 bozmak ve d\u00fcnyay\u0131 ele ge\u00e7irmektir. Planlar\u0131n\u0131 uygulamak i\u00e7in geceleri<span class=\"excerpt-hellip\"> [\u2026]<\/span><\/p>\n","protected":false},"featured_media":0,"template":"","meta":{"_monsterinsights_skip_tracking":false,"_monsterinsights_sitenote_active":false,"_monsterinsights_sitenote_note":"","_monsterinsights_sitenote_category":0},"product_brand":[],"product_cat":[12275,12274],"product_tag":[],"class_list":{"0":"post-714743","1":"product","2":"type-product","3":"status-publish","5":"product_cat-6-12-yas-kitaplari","6":"product_cat-cocuk-ve-genclik-kitaplari","7":"pa_cilt-ciltsiz","8":"pa_tur-kitap","9":"pa_yayinevi-timas-cocuk","10":"pa_yazar-birsen-ekim-ozen","12":"first","13":"instock","14":"sale","15":"shipping-taxable","16":"purchasable","17":"product-type-simple"},"_links":{"self":[{"href":"https:\/\/roveyayinevi.com.tr\/index.php\/wp-json\/wp\/v2\/product\/714743","targetHints":{"allow":["GET"]}}],"collection":[{"href":"https:\/\/roveyayinevi.com.tr\/index.php\/wp-json\/wp\/v2\/product"}],"about":[{"href":"https:\/\/roveyayinevi.com.tr\/index.php\/wp-json\/wp\/v2\/types\/product"}],"wp:attachment":[{"href":"https:\/\/roveyayinevi.com.tr\/index.php\/wp-json\/wp\/v2\/media?parent=714743"}],"wp:term":[{"taxonomy":"product_brand","embeddable":true,"href":"https:\/\/roveyayinevi.com.tr\/index.php\/wp-json\/wp\/v2\/product_brand?post=714743"},{"taxonomy":"product_cat","embeddable":true,"href":"https:\/\/roveyayinevi.com.tr\/index.php\/wp-json\/wp\/v2\/product_cat?post=714743"},{"taxonomy":"product_tag","embeddable":true,"href":"https:\/\/roveyayinevi.com.tr\/index.php\/wp-json\/wp\/v2\/product_tag?post=714743"}],"curies":[{"name":"wp","href":"https:\/\/api.w.org\/{rel}","templated":true}]}}