{"id":714740,"date":"2025-08-27T17:22:16","date_gmt":"2025-08-27T14:22:16","guid":{"rendered":"https:\/\/roveyayinevi.com.tr\/index.php\/urun\/ya-ben-yoksam\/"},"modified":"2026-04-16T02:23:12","modified_gmt":"2026-04-15T23:23:12","slug":"ya-ben-yoksam","status":"publish","type":"product","link":"https:\/\/roveyayinevi.com.tr\/index.php\/urun\/ya-ben-yoksam\/","title":{"rendered":"Ya Ben Yoksam?"},"content":{"rendered":"<p>Ya Ben Yoksam? Benli\u011fin Labirentinde Bir Gezinti \u015fizofreni, otizm, Alzheimer, epilepsi, Cotard sendromu gibi \u00e7e\u015fitli hastal\u0131klara ili\u015fkin en yeni sinirbilim ara\u015ft\u0131rmalar\u0131n\u0131n \u0131\u015f\u0131\u011f\u0131nda insan\u0131n benlik alg\u0131s\u0131n\u0131 ara\u015ft\u0131ran m\u00fcthi\u015f bir \u00e7al\u0131\u015fma. Anil Ananthaswamy bu rahats\u0131zl\u0131klar konusundaki kapsaml\u0131 ara\u015ft\u0131rmalar\u0131n\u0131 ve hastalarla yapt\u0131\u011f\u0131 g\u00f6r\u00fc\u015fmeleri birle\u015ftirerek benlik konusundaki d\u00fc\u015f\u00fcn\u00fc\u015f\u00fcm\u00fcz\u00fc k\u00f6kten de\u011fi\u015ftirecek yeni bir bak\u0131\u015f a\u00e7\u0131s\u0131 sunuyor. Bir hasta fazlal\u0131k oldu\u011funu d\u00fc\u015f\u00fcnd\u00fc\u011f\u00fc baca\u011f\u0131n\u0131 kesip atarken, bir ba\u015fkas\u0131 evrenle b\u00fct\u00fcnle\u015fti\u011fini hissediyor. Hastal\u0131klar\u0131 nedeniyle ge\u00e7mi\u015fteki kimliklerinden \u00e7ok \u015fey yitirmi\u015f olan bu ki\u015filer, benli\u011fin geride kalanlarla da varl\u0131\u011f\u0131n\u0131 s\u00fcrd\u00fcrd\u00fc\u011f\u00fcn\u00fc k\u00e2h \u015fa\u015f\u0131rt\u0131c\u0131 k\u00e2h \u00fcz\u00fcc\u00fc deneyimlerle ortaya koyuyorlar. Bug\u00fcn benlik hakk\u0131nda \u00f6\u011frendiklerimiz sayesinde, zihin ve beden aras\u0131nda ayr\u0131m yap\u0131lamayaca\u011f\u0131n\u0131 biliyoruz. Peki, o halde benlik tam olarak nerede yer al\u0131r; beyinde mi, zihinde mi, bedende mi? Ya Ben Yoksam? Benli\u011fin Labirentinde Bir Gezinti sinirbilimin benlik alg\u0131m\u0131za ili\u015fkin bulgular\u0131n\u0131 renkli bir anlat\u0131mla sunuyor. Anil Ananthaswamy New Scientist dergisinin dan\u0131\u015fman kadrosunda yer al\u0131yor. California \u00dcniversitesi Santa Cruz\u2019daki bilim yazarl\u0131\u011f\u0131 program\u0131nda misafir edit\u00f6rl\u00fck yap\u0131yor ve Hindistan, Bangalor\u2019daki Ulusal Biyoloji Bilimleri Merkezi\u2019nde bilim gazetecili\u011fi dersi veriyor. \u0130ngiltere Fizik Enstit\u00fcs\u00fc\u2019n\u00fcn Fizik Gazetecili\u011fi \u00d6d\u00fcl\u00fc\u2019n\u00fc ve Britanya Bilim Yazarlar\u0131 Birli\u011fi\u2019nin En \u0130yi Ara\u015ft\u0131rmac\u0131 Gazeteci \u00f6d\u00fcl\u00fcn\u00fc kazanan Ananthaswamy\u2019nin ilk kitab\u0131 The Edge of Physics 2010\u2019da Physics World taraf\u0131ndan y\u0131l\u0131n kitab\u0131 se\u00e7ildi. Ananthaswamy Hindistan, Bangalor\u2019da ve California, Berkeley\u2019de ya\u015f\u0131yor. <\/p>\n","protected":false},"excerpt":{"rendered":"<p>Ya Ben Yoksam? Benli\u011fin Labirentinde Bir Gezinti \u015fizofreni, otizm, Alzheimer, epilepsi, Cotard sendromu gibi \u00e7e\u015fitli hastal\u0131klara ili\u015fkin en yeni sinirbilim ara\u015ft\u0131rmalar\u0131n\u0131n \u0131\u015f\u0131\u011f\u0131nda insan\u0131n benlik alg\u0131s\u0131n\u0131 ara\u015ft\u0131ran<span class=\"excerpt-hellip\"> [\u2026]<\/span><\/p>\n","protected":false},"featured_media":0,"template":"","meta":{"_monsterinsights_skip_tracking":false,"_monsterinsights_sitenote_active":false,"_monsterinsights_sitenote_note":"","_monsterinsights_sitenote_category":0},"product_brand":[],"product_cat":[13072,12291],"product_tag":[],"class_list":{"0":"post-714740","1":"product","2":"type-product","3":"status-publish","5":"product_cat-arastirma-inceleme-referans","6":"product_cat-edebiyat","7":"pa_cilt-ciltsiz","8":"pa_tur-kitap","9":"pa_yayinevi-yapi-kredi-yayinlari","10":"pa_yazar-anil-ananthaswamy","12":"first","13":"instock","14":"sale","15":"shipping-taxable","16":"purchasable","17":"product-type-simple"},"_links":{"self":[{"href":"https:\/\/roveyayinevi.com.tr\/index.php\/wp-json\/wp\/v2\/product\/714740","targetHints":{"allow":["GET"]}}],"collection":[{"href":"https:\/\/roveyayinevi.com.tr\/index.php\/wp-json\/wp\/v2\/product"}],"about":[{"href":"https:\/\/roveyayinevi.com.tr\/index.php\/wp-json\/wp\/v2\/types\/product"}],"wp:attachment":[{"href":"https:\/\/roveyayinevi.com.tr\/index.php\/wp-json\/wp\/v2\/media?parent=714740"}],"wp:term":[{"taxonomy":"product_brand","embeddable":true,"href":"https:\/\/roveyayinevi.com.tr\/index.php\/wp-json\/wp\/v2\/product_brand?post=714740"},{"taxonomy":"product_cat","embeddable":true,"href":"https:\/\/roveyayinevi.com.tr\/index.php\/wp-json\/wp\/v2\/product_cat?post=714740"},{"taxonomy":"product_tag","embeddable":true,"href":"https:\/\/roveyayinevi.com.tr\/index.php\/wp-json\/wp\/v2\/product_tag?post=714740"}],"curies":[{"name":"wp","href":"https:\/\/api.w.org\/{rel}","templated":true}]}}