{"id":714737,"date":"2025-08-27T17:22:14","date_gmt":"2025-08-27T14:22:14","guid":{"rendered":"https:\/\/roveyayinevi.com.tr\/index.php\/urun\/elele-okuyalim-yazilar-ve-soylesiler-1978-1984\/"},"modified":"2026-04-16T02:23:12","modified_gmt":"2026-04-15T23:23:12","slug":"elele-okuyalim-yazilar-ve-soylesiler-1978-1984","status":"publish","type":"product","link":"https:\/\/roveyayinevi.com.tr\/index.php\/urun\/elele-okuyalim-yazilar-ve-soylesiler-1978-1984\/","title":{"rendered":"Elele Okuyal\u0131m &#8211; Yaz\u0131lar ve S\u00f6yle\u015filer 1978-1984"},"content":{"rendered":"<p>Turgut Uyar\u2019\u0131n 1978-1984 y\u0131llar\u0131 aras\u0131nda Elele dergisinde yay\u0131mlanan kitap tan\u0131t\u0131m yaz\u0131lar\u0131 ve s\u00f6yle\u015fileri ilk kez bir araya getiriliyor. Yay\u0131n \u00e7e\u015fitlili\u011fi aras\u0131nda kalm\u0131\u015f okura se\u00e7ece\u011fi kitaplar konusunda yard\u0131mc\u0131 olmay\u0131 ama\u00e7layan Uyar, d\u00f6nemin \u00f6nemli \u015fair ve yazarlar\u0131 hakk\u0131nda \u00f6ne s\u00fcrd\u00fc\u011f\u00fc yorumlarla dikkat \u00e7ekiyor. Ayl\u0131k bir \u201cokuma g\u00fcncesi\u201d olarak nitelendirilebilecek yaz\u0131lar\u0131nda, Melih Cevdet Anday, Ya\u015far Kemal, Adalet A\u011fao\u011flu, Cemal S\u00fcreya, Edip Cansever, Sevim Burak, Sel\u00e7uk Baran, Ahmet Oktay, Orhan Pamuk gibi yazarlar\u0131n \u201cyeni \u00e7\u0131kan\u201d kitaplar\u0131n\u0131 ele alman\u0131n yan\u0131 s\u0131ra yay\u0131nc\u0131l\u0131k sorunlar\u0131n\u0131, edebiyat \u00f6d\u00fcllerini, edebiyat dergilerini de de\u011ferlendiriyor. Turgut Uyar\u2019\u0131n \u201ctadla okun[mas\u0131n\u0131]\u201d istedi\u011fi kitaplar i\u00e7in kaleme ald\u0131\u011f\u0131 yaz\u0131lar, pek bilinmeyen ba\u015fka bir y\u00f6n\u00fcn\u00fc daha g\u00f6rmeye imk\u00e2n sa\u011fl\u0131yor. Uyar\u2019\u0131n \u015fair kimli\u011finin yan\u0131nda, kendisi kabul etmese de, \u201cele\u015ftirmen\u201d gibi yazd\u0131\u011f\u0131n\u0131 Bir \u015eiirden sayesinde g\u00f6rm\u00fc\u015ft\u00fck. Elele Okuyal\u0131m\u2019da bir araya getirilen yaz\u0131lar ise, Uyar\u2019\u0131n yay\u0131n d\u00fcnyas\u0131n\u0131 neredeyse g\u00fcn\u00fc g\u00fcn\u00fcne takip eden \u201cs\u0131k\u0131 okur\u201d oldu\u011funu g\u00f6steriyor. <\/p>\n","protected":false},"excerpt":{"rendered":"<p>Turgut Uyar\u2019\u0131n 1978-1984 y\u0131llar\u0131 aras\u0131nda Elele dergisinde yay\u0131mlanan kitap tan\u0131t\u0131m yaz\u0131lar\u0131 ve s\u00f6yle\u015fileri ilk kez bir araya getiriliyor. Yay\u0131n \u00e7e\u015fitlili\u011fi aras\u0131nda kalm\u0131\u015f okura se\u00e7ece\u011fi kitaplar konusunda<span class=\"excerpt-hellip\"> [\u2026]<\/span><\/p>\n","protected":false},"featured_media":0,"template":"","meta":{"_monsterinsights_skip_tracking":false,"_monsterinsights_sitenote_active":false,"_monsterinsights_sitenote_note":"","_monsterinsights_sitenote_category":0},"product_brand":[],"product_cat":[12364,12826],"product_tag":[],"class_list":{"0":"post-714737","1":"product","2":"type-product","3":"status-publish","5":"product_cat-genel-konular","6":"product_cat-soylesi","7":"pa_cilt-ciltsiz","8":"pa_tur-kitap","9":"pa_yayinevi-yapi-kredi-yayinlari","10":"pa_yazar-turgut-uyar","12":"first","13":"instock","14":"sale","15":"shipping-taxable","16":"purchasable","17":"product-type-simple"},"_links":{"self":[{"href":"https:\/\/roveyayinevi.com.tr\/index.php\/wp-json\/wp\/v2\/product\/714737","targetHints":{"allow":["GET"]}}],"collection":[{"href":"https:\/\/roveyayinevi.com.tr\/index.php\/wp-json\/wp\/v2\/product"}],"about":[{"href":"https:\/\/roveyayinevi.com.tr\/index.php\/wp-json\/wp\/v2\/types\/product"}],"wp:attachment":[{"href":"https:\/\/roveyayinevi.com.tr\/index.php\/wp-json\/wp\/v2\/media?parent=714737"}],"wp:term":[{"taxonomy":"product_brand","embeddable":true,"href":"https:\/\/roveyayinevi.com.tr\/index.php\/wp-json\/wp\/v2\/product_brand?post=714737"},{"taxonomy":"product_cat","embeddable":true,"href":"https:\/\/roveyayinevi.com.tr\/index.php\/wp-json\/wp\/v2\/product_cat?post=714737"},{"taxonomy":"product_tag","embeddable":true,"href":"https:\/\/roveyayinevi.com.tr\/index.php\/wp-json\/wp\/v2\/product_tag?post=714737"}],"curies":[{"name":"wp","href":"https:\/\/api.w.org\/{rel}","templated":true}]}}