{"id":714736,"date":"2025-08-27T17:22:14","date_gmt":"2025-08-27T14:22:14","guid":{"rendered":"https:\/\/roveyayinevi.com.tr\/index.php\/urun\/cagrilmayan-yakup\/"},"modified":"2026-04-16T02:23:12","modified_gmt":"2026-04-15T23:23:12","slug":"cagrilmayan-yakup","status":"publish","type":"product","link":"https:\/\/roveyayinevi.com.tr\/index.php\/urun\/cagrilmayan-yakup\/","title":{"rendered":"\u00c7a\u011fr\u0131lmayan Yakup"},"content":{"rendered":"<p>\u0130lk kez 1966 y\u0131l\u0131nda De Yay\u0131nevi\u2019nden \u00e7\u0131kan \u00c7a\u011fr\u0131lmayan Yakup, Edip Cansever\u2019in \u201c\u00c7a\u011fr\u0131lmayan Yakup\u201d, \u201cCad\u0131 A\u011fac\u0131\u201d, \u201cPes\u00fcs\u201d ve \u201cD\u00f6k\u00fcmc\u00fc Niko ve Arkada\u015flar\u0131\u201d adl\u0131 d\u00f6rt uzun par\u00e7adan olu\u015fan kitab\u0131. Ve tam 52 y\u0131l sonra \u015fimdi Yap\u0131 Kredi Yay\u0131nlar\u0131\u2019nda. Kurba\u011falara bakmaktan geliyorum Dedi Yakup, bunu kendine \u00fc\u00e7 kere s\u00f6yledi Tela\u015fl\u0131, a\u00e7g\u00f6zl\u00fc kurba\u011falara Bakmaktan geliyorum. Ben sanki Yusuf Ve Yusuf de\u011fil Her g\u00fcn bir tahtabo\u015fta as\u0131l\u0131 duruyorum Ve durmuyorum. Ben i\u015fte Yakup Yok art\u0131k kar\u0131\u015ft\u0131rm\u0131yorum.\u201d <\/p>\n","protected":false},"excerpt":{"rendered":"<p>\u0130lk kez 1966 y\u0131l\u0131nda De Yay\u0131nevi\u2019nden \u00e7\u0131kan \u00c7a\u011fr\u0131lmayan Yakup, Edip Cansever\u2019in \u201c\u00c7a\u011fr\u0131lmayan Yakup\u201d, \u201cCad\u0131 A\u011fac\u0131\u201d, \u201cPes\u00fcs\u201d ve \u201cD\u00f6k\u00fcmc\u00fc Niko ve Arkada\u015flar\u0131\u201d adl\u0131 d\u00f6rt uzun par\u00e7adan olu\u015fan<span class=\"excerpt-hellip\"> [\u2026]<\/span><\/p>\n","protected":false},"featured_media":0,"template":"","meta":{"_monsterinsights_skip_tracking":false,"_monsterinsights_sitenote_active":false,"_monsterinsights_sitenote_note":"","_monsterinsights_sitenote_category":0},"product_brand":[],"product_cat":[12291,12509],"product_tag":[],"class_list":{"0":"post-714736","1":"product","2":"type-product","3":"status-publish","5":"product_cat-edebiyat","6":"product_cat-siir","7":"pa_cilt-ciltsiz","8":"pa_tur-kitap","9":"pa_yayinevi-yapi-kredi-yayinlari","10":"pa_yazar-edip-cansever","12":"first","13":"instock","14":"sale","15":"shipping-taxable","16":"purchasable","17":"product-type-simple"},"_links":{"self":[{"href":"https:\/\/roveyayinevi.com.tr\/index.php\/wp-json\/wp\/v2\/product\/714736","targetHints":{"allow":["GET"]}}],"collection":[{"href":"https:\/\/roveyayinevi.com.tr\/index.php\/wp-json\/wp\/v2\/product"}],"about":[{"href":"https:\/\/roveyayinevi.com.tr\/index.php\/wp-json\/wp\/v2\/types\/product"}],"wp:attachment":[{"href":"https:\/\/roveyayinevi.com.tr\/index.php\/wp-json\/wp\/v2\/media?parent=714736"}],"wp:term":[{"taxonomy":"product_brand","embeddable":true,"href":"https:\/\/roveyayinevi.com.tr\/index.php\/wp-json\/wp\/v2\/product_brand?post=714736"},{"taxonomy":"product_cat","embeddable":true,"href":"https:\/\/roveyayinevi.com.tr\/index.php\/wp-json\/wp\/v2\/product_cat?post=714736"},{"taxonomy":"product_tag","embeddable":true,"href":"https:\/\/roveyayinevi.com.tr\/index.php\/wp-json\/wp\/v2\/product_tag?post=714736"}],"curies":[{"name":"wp","href":"https:\/\/api.w.org\/{rel}","templated":true}]}}