{"id":714735,"date":"2025-08-27T17:22:13","date_gmt":"2025-08-27T14:22:13","guid":{"rendered":"https:\/\/roveyayinevi.com.tr\/index.php\/urun\/mahcubiyet-ve-haysiyet\/"},"modified":"2026-04-16T02:23:12","modified_gmt":"2026-04-15T23:23:12","slug":"mahcubiyet-ve-haysiyet","status":"publish","type":"product","link":"https:\/\/roveyayinevi.com.tr\/index.php\/urun\/mahcubiyet-ve-haysiyet\/","title":{"rendered":"Mahcubiyet ve Haysiyet"},"content":{"rendered":"<p>Kuzey Avrupa\u2019n\u0131n ya\u015fayan en b\u00fcy\u00fck yazarlar\u0131 aras\u0131nda g\u00f6sterilen Dag Solstad ilk kez T\u00fcrk\u00e7ede. Ellili ya\u015flar\u0131ndaki edebiyat \u00f6\u011fretmeni Elias Rukla i\u00e7in s\u0131radan bir g\u00fcnd\u00fcr: Y\u0131llard\u0131r yapt\u0131\u011f\u0131 gibi, sevdi\u011fi bir eseri (Henrik Ibsen\u2019in Yaban \u00d6rde\u011fi\u2019ni) bir s\u0131n\u0131f dolusu ilgisiz lise \u00f6\u011frencisine heyecanla yorumlamaya ba\u015flar. Ne var ki g\u00f6r\u00fcn\u00fc\u015fte k\u00fc\u00e7\u00fck bir olay hi\u00e7 beklenmedik bir krizi tetikleyecek, Elias\u2019\u0131n hayat\u0131nda derin izler b\u0131rakm\u0131\u015f bir dostlu\u011fun hat\u0131ras\u0131na d\u00f6nmesine, evlili\u011fini, kendisini ve i\u00e7inde ya\u015fad\u0131\u011f\u0131 toplumu sorgulamas\u0131na yol a\u00e7acakt\u0131r. Mahcubiyet ve Haysiyet, y\u00fckte hafif pahada a\u011f\u0131r, dili ve atmosferiyle ak\u0131lda yer eden, okuyanlar\u0131n tekrar tekrar d\u00f6nmek isteyece\u011fi o \u00f6zel romanlardan. \u201cB\u00fct\u00fcn\u00fcyle hipnotize edici, b\u00fct\u00fcn\u00fcyle insanc\u0131l bir yazar.\u201d James Wood, New Yorker \u201cSolstad\u2019\u0131n dili, eski g\u00f6r\u00fcnen yeni bir zarafetle par\u0131ldar ve taklit edilemeyen, enerji dolu, kendine \u00f6zg\u00fc bir \u0131\u015f\u0131lt\u0131 yayar.\u201d Karl Ove Knausgaard <\/p>\n","protected":false},"excerpt":{"rendered":"<p>Kuzey Avrupa\u2019n\u0131n ya\u015fayan en b\u00fcy\u00fck yazarlar\u0131 aras\u0131nda g\u00f6sterilen Dag Solstad ilk kez T\u00fcrk\u00e7ede. Ellili ya\u015flar\u0131ndaki edebiyat \u00f6\u011fretmeni Elias Rukla i\u00e7in s\u0131radan bir g\u00fcnd\u00fcr: Y\u0131llard\u0131r yapt\u0131\u011f\u0131 gibi,<span class=\"excerpt-hellip\"> [\u2026]<\/span><\/p>\n","protected":false},"featured_media":0,"template":"","meta":{"_monsterinsights_skip_tracking":false,"_monsterinsights_sitenote_active":false,"_monsterinsights_sitenote_note":"","_monsterinsights_sitenote_category":0},"product_brand":[],"product_cat":[12291,12711],"product_tag":[],"class_list":{"0":"post-714735","1":"product","2":"type-product","3":"status-publish","5":"product_cat-edebiyat","6":"product_cat-roman-oyku","7":"pa_cilt-ciltsiz","8":"pa_tur-kitap","9":"pa_yayinevi-yapi-kredi-yayinlari","10":"pa_yazar-dag-solstad","12":"first","13":"instock","14":"sale","15":"shipping-taxable","16":"purchasable","17":"product-type-simple"},"_links":{"self":[{"href":"https:\/\/roveyayinevi.com.tr\/index.php\/wp-json\/wp\/v2\/product\/714735","targetHints":{"allow":["GET"]}}],"collection":[{"href":"https:\/\/roveyayinevi.com.tr\/index.php\/wp-json\/wp\/v2\/product"}],"about":[{"href":"https:\/\/roveyayinevi.com.tr\/index.php\/wp-json\/wp\/v2\/types\/product"}],"wp:attachment":[{"href":"https:\/\/roveyayinevi.com.tr\/index.php\/wp-json\/wp\/v2\/media?parent=714735"}],"wp:term":[{"taxonomy":"product_brand","embeddable":true,"href":"https:\/\/roveyayinevi.com.tr\/index.php\/wp-json\/wp\/v2\/product_brand?post=714735"},{"taxonomy":"product_cat","embeddable":true,"href":"https:\/\/roveyayinevi.com.tr\/index.php\/wp-json\/wp\/v2\/product_cat?post=714735"},{"taxonomy":"product_tag","embeddable":true,"href":"https:\/\/roveyayinevi.com.tr\/index.php\/wp-json\/wp\/v2\/product_tag?post=714735"}],"curies":[{"name":"wp","href":"https:\/\/api.w.org\/{rel}","templated":true}]}}