{"id":714734,"date":"2025-08-27T17:22:12","date_gmt":"2025-08-27T14:22:12","guid":{"rendered":"https:\/\/roveyayinevi.com.tr\/index.php\/urun\/ermenilerin-ihtilal-hareketleri\/"},"modified":"2026-04-16T02:23:12","modified_gmt":"2026-04-15T23:23:12","slug":"ermenilerin-ihtilal-hareketleri","status":"publish","type":"product","link":"https:\/\/roveyayinevi.com.tr\/index.php\/urun\/ermenilerin-ihtilal-hareketleri\/","title":{"rendered":"Ermenilerin \u0130htilal Hareketleri"},"content":{"rendered":"<p>Macar gazeteci-yazar Attila Orbok Birinci D\u00fcnya Sava\u015f\u0131 ve Osmanl\u0131 Ermenileri hakk\u0131nda yurtd\u0131\u015f\u0131nda yap\u0131lan yay\u0131nlar alan\u0131nda dikkate de\u011fer bir \u015fahsiyettir. 1916 y\u0131l\u0131nda Macarca yay\u0131mlanan Ermenilerin \u0130htilal Hareketleri iyi incelenmi\u015f ve \u00f6zl\u00fc yaz\u0131lm\u0131\u015ft\u0131r. G\u00f6r\u00fc\u015fler g\u00fc\u00e7l\u00fc kan\u0131tlarla ispatlanmaktad\u0131r. Bu ara\u015ft\u0131rma Birinci D\u00fcnya Sava\u015f\u0131 y\u0131llar\u0131ndaki Osmanl\u0131-Ermeni ili\u015fkileri tart\u0131\u015fmalar\u0131na \u00f6zg\u00fcn bir katk\u0131 te\u015fkil etmektedir.<\/p>\n","protected":false},"excerpt":{"rendered":"<p>Macar gazeteci-yazar Attila Orbok Birinci D\u00fcnya Sava\u015f\u0131 ve Osmanl\u0131 Ermenileri hakk\u0131nda yurtd\u0131\u015f\u0131nda yap\u0131lan yay\u0131nlar alan\u0131nda dikkate de\u011fer bir \u015fahsiyettir. 1916 y\u0131l\u0131nda Macarca yay\u0131mlanan Ermenilerin \u0130htilal Hareketleri<span class=\"excerpt-hellip\"> [\u2026]<\/span><\/p>\n","protected":false},"featured_media":0,"template":"","meta":{"_monsterinsights_skip_tracking":false,"_monsterinsights_sitenote_active":false,"_monsterinsights_sitenote_note":"","_monsterinsights_sitenote_category":0},"product_brand":[],"product_cat":[12370,12304],"product_tag":[],"class_list":{"0":"post-714734","1":"product","2":"type-product","3":"status-publish","5":"product_cat-arastirma-inceleme","6":"product_cat-tarih","7":"pa_cilt-ciltsiz","8":"pa_tur-kitap","9":"pa_yayinevi-bilgi-yayinevi","10":"pa_yazar-attila-orbok","12":"first","13":"instock","14":"sale","15":"shipping-taxable","16":"purchasable","17":"product-type-simple"},"_links":{"self":[{"href":"https:\/\/roveyayinevi.com.tr\/index.php\/wp-json\/wp\/v2\/product\/714734","targetHints":{"allow":["GET"]}}],"collection":[{"href":"https:\/\/roveyayinevi.com.tr\/index.php\/wp-json\/wp\/v2\/product"}],"about":[{"href":"https:\/\/roveyayinevi.com.tr\/index.php\/wp-json\/wp\/v2\/types\/product"}],"wp:attachment":[{"href":"https:\/\/roveyayinevi.com.tr\/index.php\/wp-json\/wp\/v2\/media?parent=714734"}],"wp:term":[{"taxonomy":"product_brand","embeddable":true,"href":"https:\/\/roveyayinevi.com.tr\/index.php\/wp-json\/wp\/v2\/product_brand?post=714734"},{"taxonomy":"product_cat","embeddable":true,"href":"https:\/\/roveyayinevi.com.tr\/index.php\/wp-json\/wp\/v2\/product_cat?post=714734"},{"taxonomy":"product_tag","embeddable":true,"href":"https:\/\/roveyayinevi.com.tr\/index.php\/wp-json\/wp\/v2\/product_tag?post=714734"}],"curies":[{"name":"wp","href":"https:\/\/api.w.org\/{rel}","templated":true}]}}