{"id":714732,"date":"2025-08-27T17:22:11","date_gmt":"2025-08-27T14:22:11","guid":{"rendered":"https:\/\/roveyayinevi.com.tr\/index.php\/urun\/kan-golu\/"},"modified":"2026-04-16T02:23:12","modified_gmt":"2026-04-15T23:23:12","slug":"kan-golu","status":"publish","type":"product","link":"https:\/\/roveyayinevi.com.tr\/index.php\/urun\/kan-golu\/","title":{"rendered":"Kan G\u00f6l\u00fc"},"content":{"rendered":"<p>Dr. Claire Elliot, o\u011flunun ba\u015f\u0131n\u0131 derde sokmas\u0131n\u0131 \u00f6nlemek ve onu k\u0131sa zaman \u00f6nce yitirdi\u011fi babas\u0131n\u0131n hat\u0131ras\u0131ndan uzakla\u015ft\u0131rmak i\u00e7in b\u00fcy\u00fck \u015fehirden g\u00f6l k\u0131y\u0131s\u0131ndaki ta\u015fra kasabas\u0131 Tranquility\u2019ye ta\u015f\u0131n\u0131r. Burada bir muayenehane a\u00e7\u0131p i\u015fini yapmakt\u0131r niyeti. Ancak kasabada ergenlerin arka arkaya \u015fiddet olaylar\u0131na kar\u0131\u015fmalar\u0131 ve o\u011flunun okulundaki bir silahl\u0131 sald\u0131r\u0131 her \u015feyi de\u011fi\u015ftirir. Bu \u015fiddet dalgas\u0131na t\u0131bbi bir a\u00e7\u0131klama getirmeye \u00e7al\u0131\u015fan Claire, korkun\u00e7 bir s\u0131rr\u0131 ke\u015ffeder: Ergenlerin kar\u0131\u015ft\u0131\u011f\u0131 cinayetlere Tranquility\u2019de daha \u00f6nce de rastlanm\u0131\u015ft\u0131r. Claire ergenleri sald\u0131rganl\u0131\u011fa iten kayna\u011f\u0131 bulmak zorundad\u0131r, kendi o\u011fluna s\u0131ra gelmeden \u00f6nce&#8230; <\/p>\n","protected":false},"excerpt":{"rendered":"<p>Dr. Claire Elliot, o\u011flunun ba\u015f\u0131n\u0131 derde sokmas\u0131n\u0131 \u00f6nlemek ve onu k\u0131sa zaman \u00f6nce yitirdi\u011fi babas\u0131n\u0131n hat\u0131ras\u0131ndan uzakla\u015ft\u0131rmak i\u00e7in b\u00fcy\u00fck \u015fehirden g\u00f6l k\u0131y\u0131s\u0131ndaki ta\u015fra kasabas\u0131 Tranquility\u2019ye ta\u015f\u0131n\u0131r.<span class=\"excerpt-hellip\"> [\u2026]<\/span><\/p>\n","protected":false},"featured_media":0,"template":"","meta":{"_monsterinsights_skip_tracking":false,"_monsterinsights_sitenote_active":false,"_monsterinsights_sitenote_note":"","_monsterinsights_sitenote_category":0},"product_brand":[],"product_cat":[12291,17033],"product_tag":[],"class_list":{"0":"post-714732","1":"product","2":"type-product","3":"status-publish","5":"product_cat-edebiyat","6":"product_cat-korku-gerilim","7":"pa_cilt-ciltsiz","8":"pa_tur-kitap","9":"pa_yayinevi-dogan-kitap","10":"pa_yazar-tess-gerritsen","12":"first","13":"instock","14":"sale","15":"shipping-taxable","16":"purchasable","17":"product-type-simple"},"_links":{"self":[{"href":"https:\/\/roveyayinevi.com.tr\/index.php\/wp-json\/wp\/v2\/product\/714732","targetHints":{"allow":["GET"]}}],"collection":[{"href":"https:\/\/roveyayinevi.com.tr\/index.php\/wp-json\/wp\/v2\/product"}],"about":[{"href":"https:\/\/roveyayinevi.com.tr\/index.php\/wp-json\/wp\/v2\/types\/product"}],"wp:attachment":[{"href":"https:\/\/roveyayinevi.com.tr\/index.php\/wp-json\/wp\/v2\/media?parent=714732"}],"wp:term":[{"taxonomy":"product_brand","embeddable":true,"href":"https:\/\/roveyayinevi.com.tr\/index.php\/wp-json\/wp\/v2\/product_brand?post=714732"},{"taxonomy":"product_cat","embeddable":true,"href":"https:\/\/roveyayinevi.com.tr\/index.php\/wp-json\/wp\/v2\/product_cat?post=714732"},{"taxonomy":"product_tag","embeddable":true,"href":"https:\/\/roveyayinevi.com.tr\/index.php\/wp-json\/wp\/v2\/product_tag?post=714732"}],"curies":[{"name":"wp","href":"https:\/\/api.w.org\/{rel}","templated":true}]}}