{"id":714729,"date":"2025-08-27T17:22:10","date_gmt":"2025-08-27T14:22:10","guid":{"rendered":"https:\/\/roveyayinevi.com.tr\/index.php\/urun\/dunya-tarihi-101\/"},"modified":"2026-04-16T02:23:12","modified_gmt":"2026-04-15T23:23:12","slug":"dunya-tarihi-101","status":"publish","type":"product","link":"https:\/\/roveyayinevi.com.tr\/index.php\/urun\/dunya-tarihi-101\/","title":{"rendered":"D\u00fcnya Tarihi 101"},"content":{"rendered":"<p>Tarih \u015fa\u015f\u0131rt\u0131c\u0131 olaylar, gu\u0308\u00e7lu\u0308 liderler, entrikalar ve ilgin\u00e7 ke\u015fiflerle dolu binlerce y\u0131ll\u0131k bir macerad\u0131r. Buna ra\u011fmen tarih kitaplar\u0131 \u00e7o\u011funlukla tekdu\u0308ze, s\u0131k\u0131c\u0131 ve e\u011flenceli olmaktan alabildi\u011fine uzakt\u0131r. Du\u0308nya Tarihi 101 ise bu\u0308tu\u0308n bu s\u0131k\u0131c\u0131 detaylar\u0131 bir kenara b\u0131rak\u0131yor ve sizi uygarl\u0131k tarihine do\u011fru bu\u0308yu\u0308leyici bir yolculu\u011fa \u00e7\u0131kar\u0131yor. Ju\u0308l Sezar\u2019dan Cengiz Han\u2019a, So\u011fuk Sava\u015f\u2019tan ku\u0308reselle\u015fmeye, k\u00f6leli\u011fin ba\u015flang\u0131c\u0131ndan ak\u0131l almaz bu\u0308yu\u0308klu\u0308kte imparatorluklara; diktat\u00f6rlerin, dinlerin ve sava\u015flar\u0131n modern medeniyetlere etkisine dair merak etti\u011finiz her \u015fey Du\u0308nya Tarihi 101\u2019de.<\/p>\n","protected":false},"excerpt":{"rendered":"<p>Tarih \u015fa\u015f\u0131rt\u0131c\u0131 olaylar, gu\u0308\u00e7lu\u0308 liderler, entrikalar ve ilgin\u00e7 ke\u015fiflerle dolu binlerce y\u0131ll\u0131k bir macerad\u0131r. Buna ra\u011fmen tarih kitaplar\u0131 \u00e7o\u011funlukla tekdu\u0308ze, s\u0131k\u0131c\u0131 ve e\u011flenceli olmaktan alabildi\u011fine uzakt\u0131r.<span class=\"excerpt-hellip\"> [\u2026]<\/span><\/p>\n","protected":false},"featured_media":0,"template":"","meta":{"_monsterinsights_skip_tracking":false,"_monsterinsights_sitenote_active":false,"_monsterinsights_sitenote_note":"","_monsterinsights_sitenote_category":0},"product_brand":[],"product_cat":[12305,12304],"product_tag":[],"class_list":{"0":"post-714729","1":"product","2":"type-product","3":"status-publish","5":"product_cat-dunya-tarihi","6":"product_cat-tarih","7":"pa_cilt-ciltsiz","8":"pa_tur-kitap","9":"pa_yayinevi-say-yayinlari","10":"pa_yazar-tom-head","12":"first","13":"instock","14":"sale","15":"shipping-taxable","16":"purchasable","17":"product-type-simple"},"_links":{"self":[{"href":"https:\/\/roveyayinevi.com.tr\/index.php\/wp-json\/wp\/v2\/product\/714729","targetHints":{"allow":["GET"]}}],"collection":[{"href":"https:\/\/roveyayinevi.com.tr\/index.php\/wp-json\/wp\/v2\/product"}],"about":[{"href":"https:\/\/roveyayinevi.com.tr\/index.php\/wp-json\/wp\/v2\/types\/product"}],"wp:attachment":[{"href":"https:\/\/roveyayinevi.com.tr\/index.php\/wp-json\/wp\/v2\/media?parent=714729"}],"wp:term":[{"taxonomy":"product_brand","embeddable":true,"href":"https:\/\/roveyayinevi.com.tr\/index.php\/wp-json\/wp\/v2\/product_brand?post=714729"},{"taxonomy":"product_cat","embeddable":true,"href":"https:\/\/roveyayinevi.com.tr\/index.php\/wp-json\/wp\/v2\/product_cat?post=714729"},{"taxonomy":"product_tag","embeddable":true,"href":"https:\/\/roveyayinevi.com.tr\/index.php\/wp-json\/wp\/v2\/product_tag?post=714729"}],"curies":[{"name":"wp","href":"https:\/\/api.w.org\/{rel}","templated":true}]}}