{"id":714728,"date":"2025-08-27T17:22:09","date_gmt":"2025-08-27T14:22:09","guid":{"rendered":"https:\/\/roveyayinevi.com.tr\/index.php\/urun\/beyaz-geceler-8\/"},"modified":"2026-04-16T02:23:12","modified_gmt":"2026-04-15T23:23:12","slug":"beyaz-geceler-8","status":"publish","type":"product","link":"https:\/\/roveyayinevi.com.tr\/index.php\/urun\/beyaz-geceler-8\/","title":{"rendered":"Beyaz Geceler"},"content":{"rendered":"<p>\u201cAcaba her \u015feyi b\u00f6ylesine renksiz g\u00f6rmeme neden olan g\u00fcne\u015fi \u00f6rten o ya\u011fmur bulutu muydu? Yoksa o h\u00fcz\u00fcnl\u00fc ve as\u0131k suratl\u0131 gelece\u011fimi hayalimde canland\u0131racak on be\u015f y\u0131l sonraki durumumu gene yaln\u0131z gene ayn\u0131 odada,  aradan y\u0131llar ge\u00e7mi\u015f olmas\u0131na ra\u011fmen zerre kadar ak\u0131llanmayan Matryona ile birlikte ya\u015flanm\u0131\u015f olarak m\u0131 g\u00f6rm\u00fc\u015ft\u00fcm?&#8230;\u201d D\u00fcnya edebiyat\u0131n\u0131n en \u00f6nemli yazarlar\u0131ndan Dostoyevski\u2019nin 27 ya\u015f\u0131nda yazd\u0131\u011f\u0131 Beyaz Geceler ;hayalle ger\u00e7e\u011fi ay\u0131rt edemiyen ve ismini dahi bilmedi\u011fimiz bir adam\u0131n hayal d\u00fcnyas\u0131n\u0131n, kendisi gibi yaln\u0131z  olan Nastenka ile renklenmesini anlatmaktad\u0131r.<\/p>\n","protected":false},"excerpt":{"rendered":"<p>\u201cAcaba her \u015feyi b\u00f6ylesine renksiz g\u00f6rmeme neden olan g\u00fcne\u015fi \u00f6rten o ya\u011fmur bulutu muydu? Yoksa o h\u00fcz\u00fcnl\u00fc ve as\u0131k suratl\u0131 gelece\u011fimi hayalimde canland\u0131racak on be\u015f y\u0131l<span class=\"excerpt-hellip\"> [\u2026]<\/span><\/p>\n","protected":false},"featured_media":0,"template":"","meta":{"_monsterinsights_skip_tracking":false,"_monsterinsights_sitenote_active":false,"_monsterinsights_sitenote_note":"","_monsterinsights_sitenote_category":0},"product_brand":[],"product_cat":[16965,13365],"product_tag":[],"class_list":{"0":"post-714728","1":"product","2":"type-product","3":"status-publish","5":"product_cat-genel-saglik-kitaplari","6":"product_cat-saglik","7":"pa_cilt-ciltsiz","8":"pa_tur-kitap","9":"pa_yayinevi-fark-yayinlari","10":"pa_yazar-fyodor-mihaylovic-dostoyevski","12":"first","13":"instock","14":"sale","15":"shipping-taxable","16":"purchasable","17":"product-type-simple"},"_links":{"self":[{"href":"https:\/\/roveyayinevi.com.tr\/index.php\/wp-json\/wp\/v2\/product\/714728","targetHints":{"allow":["GET"]}}],"collection":[{"href":"https:\/\/roveyayinevi.com.tr\/index.php\/wp-json\/wp\/v2\/product"}],"about":[{"href":"https:\/\/roveyayinevi.com.tr\/index.php\/wp-json\/wp\/v2\/types\/product"}],"wp:attachment":[{"href":"https:\/\/roveyayinevi.com.tr\/index.php\/wp-json\/wp\/v2\/media?parent=714728"}],"wp:term":[{"taxonomy":"product_brand","embeddable":true,"href":"https:\/\/roveyayinevi.com.tr\/index.php\/wp-json\/wp\/v2\/product_brand?post=714728"},{"taxonomy":"product_cat","embeddable":true,"href":"https:\/\/roveyayinevi.com.tr\/index.php\/wp-json\/wp\/v2\/product_cat?post=714728"},{"taxonomy":"product_tag","embeddable":true,"href":"https:\/\/roveyayinevi.com.tr\/index.php\/wp-json\/wp\/v2\/product_tag?post=714728"}],"curies":[{"name":"wp","href":"https:\/\/api.w.org\/{rel}","templated":true}]}}