{"id":714727,"date":"2025-08-27T17:22:09","date_gmt":"2025-08-27T14:22:09","guid":{"rendered":"https:\/\/roveyayinevi.com.tr\/index.php\/urun\/kitle-iletisim-kuramlari-3\/"},"modified":"2026-04-16T02:22:57","modified_gmt":"2026-04-15T23:22:57","slug":"kitle-iletisim-kuramlari-3","status":"publish","type":"product","link":"https:\/\/roveyayinevi.com.tr\/index.php\/urun\/kitle-iletisim-kuramlari-3\/","title":{"rendered":"Kitle \u0130leti\u015fim Kuramlar\u0131"},"content":{"rendered":"<p>Olduk\u00e7a titiz ve yo\u011fun bir \u00e7al\u0131\u015fman\u0131n \u00fcr\u00fcn\u00fc olan Kitle \u0130leti\u015fim Kuramlar\u0131 ileti\u015fim kuramlar\u0131n\u0131n ezberlenecek malumatlar b\u00fct\u00fcn\u00fcnden ibaret olmad\u0131\u011f\u0131n\u0131, sosyal ve be\u015feri bilimler i\u00e7erisinde derinlikli, incelikli ve zor bir \u00e7al\u0131\u015fma alan\u0131 oldu\u011funu g\u00f6steriyor. \u0130leti\u015fim bilimlerindeki anaak\u0131m ve ele\u015ftirel kuramlar\u0131n d\u00fc\u015f\u00fcnsel ve metodolojik farkl\u0131l\u0131klar\u0131n\u0131; toplum ve kitle ileti\u015fim ara\u00e7lar\u0131 aras\u0131ndaki ili\u015fkilere dair kavramsal-kuramsal tart\u0131\u015fmalar\u0131 \u00e7e\u015fitli y\u00f6nleriyle ortaya koyan kitap \u00f6nemli isimlerin k\u0131sa hayat hik\u00e2yeleri, okuma par\u00e7alar\u0131 ve \u00f6nerileriyle zenginle\u015fiyor. Burak \u00d6z\u00e7etin sade bir anlat\u0131mla Chicago Okulu\u2019ndan Lippmann, Lasswell, McLuhan, Castells gibi isimlere, kitle ileti\u015fim modellerinden \u0130ngiliz k\u00fclt\u00fcrel \u00e7al\u0131\u015fmalar\u0131na, ileti\u015fimin ekonomi politi\u011finden Frankfurt Okulu\u2019na bir\u00e7ok kavram, kuram ve modelin soru, cevap ve i\u015fleyi\u015flerine uzanarak geni\u015f bir yelpaze \u00e7iziyor. Alandaki b\u00fcy\u00fck bir bo\u015flu\u011fu doldurmaya aday Kitle \u0130leti\u015fim Kuramlar\u0131 ders kitab\u0131 olarak temel bir kaynak niteli\u011fi ta\u015f\u0131rken, insan-toplum ve medya ili\u015fkisine ilgi duyanlar i\u00e7in de kapsaml\u0131 bir rehber.<\/p>\n","protected":false},"excerpt":{"rendered":"<p>Olduk\u00e7a titiz ve yo\u011fun bir \u00e7al\u0131\u015fman\u0131n \u00fcr\u00fcn\u00fc olan Kitle \u0130leti\u015fim Kuramlar\u0131 ileti\u015fim kuramlar\u0131n\u0131n ezberlenecek malumatlar b\u00fct\u00fcn\u00fcnden ibaret olmad\u0131\u011f\u0131n\u0131, sosyal ve be\u015feri bilimler i\u00e7erisinde derinlikli, incelikli ve<span class=\"excerpt-hellip\"> [\u2026]<\/span><\/p>\n","protected":false},"featured_media":0,"template":"","meta":{"_monsterinsights_skip_tracking":false,"_monsterinsights_sitenote_active":false,"_monsterinsights_sitenote_note":"","_monsterinsights_sitenote_category":0},"product_brand":[],"product_cat":[15983,13488],"product_tag":[],"class_list":{"0":"post-714727","1":"product","2":"type-product","3":"status-publish","5":"product_cat-iletisim-ve-medya","6":"product_cat-toplum-ve-insan","7":"pa_cilt-ciltsiz","8":"pa_tur-kitap","9":"pa_yayinevi-iletisim-yayinlari","10":"pa_yazar-burak-ozcetin","12":"first","13":"instock","14":"sale","15":"shipping-taxable","16":"purchasable","17":"product-type-simple"},"_links":{"self":[{"href":"https:\/\/roveyayinevi.com.tr\/index.php\/wp-json\/wp\/v2\/product\/714727","targetHints":{"allow":["GET"]}}],"collection":[{"href":"https:\/\/roveyayinevi.com.tr\/index.php\/wp-json\/wp\/v2\/product"}],"about":[{"href":"https:\/\/roveyayinevi.com.tr\/index.php\/wp-json\/wp\/v2\/types\/product"}],"wp:attachment":[{"href":"https:\/\/roveyayinevi.com.tr\/index.php\/wp-json\/wp\/v2\/media?parent=714727"}],"wp:term":[{"taxonomy":"product_brand","embeddable":true,"href":"https:\/\/roveyayinevi.com.tr\/index.php\/wp-json\/wp\/v2\/product_brand?post=714727"},{"taxonomy":"product_cat","embeddable":true,"href":"https:\/\/roveyayinevi.com.tr\/index.php\/wp-json\/wp\/v2\/product_cat?post=714727"},{"taxonomy":"product_tag","embeddable":true,"href":"https:\/\/roveyayinevi.com.tr\/index.php\/wp-json\/wp\/v2\/product_tag?post=714727"}],"curies":[{"name":"wp","href":"https:\/\/api.w.org\/{rel}","templated":true}]}}