{"id":714726,"date":"2025-08-27T17:22:08","date_gmt":"2025-08-27T14:22:08","guid":{"rendered":"https:\/\/roveyayinevi.com.tr\/index.php\/urun\/gel-beraber-buyuk-ressamlar-gibi-cizelim\/"},"modified":"2026-04-16T02:22:57","modified_gmt":"2026-04-15T23:22:57","slug":"gel-beraber-buyuk-ressamlar-gibi-cizelim","status":"publish","type":"product","link":"https:\/\/roveyayinevi.com.tr\/index.php\/urun\/gel-beraber-buyuk-ressamlar-gibi-cizelim\/","title":{"rendered":"Gel Beraber B\u00fcy\u00fck Ressamlar Gibi \u00c7izelim"},"content":{"rendered":"<p>Marion Deuchars haz\u0131rlad\u0131\u011f\u0131 kitapta onu etkileyen sanat\u00e7\u0131lar ve onlar\u0131n i\u015fleri hakk\u0131nda bilgiler veriyor. Sanat\u00e7\u0131lar\u0131n kulland\u0131\u011f\u0131 tek-nikler ve bu tekniklerle \u00e7izme y\u00f6ntemleri de tarif ediliyor. Kitaptaki tekniklerle \u00e7ok yak\u0131nda Paul Klee gibi \u00e7izebilecek, Joan Mir\u00f3 gibi renklerle oynayabilecek hatta belki s\u00fcrrealist resimler yapabileceksin! Marion Deuchars, bir\u00e7ok uluslararas\u0131 tasar\u0131m ve ill\u00fcstrasyon \u00f6d\u00fc-l\u00fcne lay\u0131k g\u00f6r\u00fclm\u00fc\u015ft\u00fcr. <\/p>\n","protected":false},"excerpt":{"rendered":"<p>Marion Deuchars haz\u0131rlad\u0131\u011f\u0131 kitapta onu etkileyen sanat\u00e7\u0131lar ve onlar\u0131n i\u015fleri hakk\u0131nda bilgiler veriyor. Sanat\u00e7\u0131lar\u0131n kulland\u0131\u011f\u0131 tek-nikler ve bu tekniklerle \u00e7izme y\u00f6ntemleri de tarif ediliyor. Kitaptaki tekniklerle<span class=\"excerpt-hellip\"> [\u2026]<\/span><\/p>\n","protected":false},"featured_media":0,"template":"","meta":{"_monsterinsights_skip_tracking":false,"_monsterinsights_sitenote_active":false,"_monsterinsights_sitenote_note":"","_monsterinsights_sitenote_category":0},"product_brand":[],"product_cat":[12274,12631],"product_tag":[],"class_list":{"0":"post-714726","1":"product","2":"type-product","3":"status-publish","5":"product_cat-cocuk-ve-genclik-kitaplari","6":"product_cat-diger-cocuk-ve-genclik-kitaplari","7":"pa_cilt-ciltsiz","8":"pa_tur-kitap","9":"pa_yayinevi-hep-kitap","10":"pa_yazar-marion-deuchars","12":"first","13":"instock","14":"sale","15":"shipping-taxable","16":"purchasable","17":"product-type-simple"},"_links":{"self":[{"href":"https:\/\/roveyayinevi.com.tr\/index.php\/wp-json\/wp\/v2\/product\/714726","targetHints":{"allow":["GET"]}}],"collection":[{"href":"https:\/\/roveyayinevi.com.tr\/index.php\/wp-json\/wp\/v2\/product"}],"about":[{"href":"https:\/\/roveyayinevi.com.tr\/index.php\/wp-json\/wp\/v2\/types\/product"}],"wp:attachment":[{"href":"https:\/\/roveyayinevi.com.tr\/index.php\/wp-json\/wp\/v2\/media?parent=714726"}],"wp:term":[{"taxonomy":"product_brand","embeddable":true,"href":"https:\/\/roveyayinevi.com.tr\/index.php\/wp-json\/wp\/v2\/product_brand?post=714726"},{"taxonomy":"product_cat","embeddable":true,"href":"https:\/\/roveyayinevi.com.tr\/index.php\/wp-json\/wp\/v2\/product_cat?post=714726"},{"taxonomy":"product_tag","embeddable":true,"href":"https:\/\/roveyayinevi.com.tr\/index.php\/wp-json\/wp\/v2\/product_tag?post=714726"}],"curies":[{"name":"wp","href":"https:\/\/api.w.org\/{rel}","templated":true}]}}