{"id":714725,"date":"2025-08-27T17:22:07","date_gmt":"2025-08-27T14:22:07","guid":{"rendered":"https:\/\/roveyayinevi.com.tr\/index.php\/urun\/saha-turklerinde-tanri-ogretisi-samanizm\/"},"modified":"2026-04-16T02:22:57","modified_gmt":"2026-04-15T23:22:57","slug":"saha-turklerinde-tanri-ogretisi-samanizm","status":"publish","type":"product","link":"https:\/\/roveyayinevi.com.tr\/index.php\/urun\/saha-turklerinde-tanri-ogretisi-samanizm\/","title":{"rendered":"Saha T\u00fcrklerinde Tanr\u0131 \u00d6\u011fretisi \u015eamanizm"},"content":{"rendered":"<p>\u0130\u00e7indekiler  1- Tanr\u0131 \u00d6\u011fretisi 2-Tanr\u0131lar ve G\u00f6kler 3-\u0130yeler 4-K\u00f6t\u00fc Ruhlar 5-\u0130nsan 6-Rit\u00fceller 7-Metin-aktarma Metin 2 (Transkripsiyon) 1-Kiirihi 2-Ay\u0131\u0131lar 3-\u0130\u00e7\u00e7iler 4-Kihi 5-T\u0131l 6-Caydar <\/p>\n","protected":false},"excerpt":{"rendered":"<p>\u0130\u00e7indekiler 1- Tanr\u0131 \u00d6\u011fretisi 2-Tanr\u0131lar ve G\u00f6kler 3-\u0130yeler 4-K\u00f6t\u00fc Ruhlar 5-\u0130nsan 6-Rit\u00fceller 7-Metin-aktarma Metin 2 (Transkripsiyon) 1-Kiirihi 2-Ay\u0131\u0131lar 3-\u0130\u00e7\u00e7iler 4-Kihi 5-T\u0131l 6-Caydar<\/p>\n","protected":false},"featured_media":0,"template":"","meta":{"_monsterinsights_skip_tracking":false,"_monsterinsights_sitenote_active":false,"_monsterinsights_sitenote_note":"","_monsterinsights_sitenote_category":0},"product_brand":[],"product_cat":[13072,12291],"product_tag":[],"class_list":{"0":"post-714725","1":"product","2":"type-product","3":"status-publish","5":"product_cat-arastirma-inceleme-referans","6":"product_cat-edebiyat","7":"pa_cilt-ciltsiz","8":"pa_tur-kitap","9":"pa_yayinevi-gazi-kitabevi","10":"pa_yazar-huseyin-yildirim-nigar-kalkan","12":"first","13":"instock","14":"sale","15":"shipping-taxable","16":"purchasable","17":"product-type-simple"},"_links":{"self":[{"href":"https:\/\/roveyayinevi.com.tr\/index.php\/wp-json\/wp\/v2\/product\/714725","targetHints":{"allow":["GET"]}}],"collection":[{"href":"https:\/\/roveyayinevi.com.tr\/index.php\/wp-json\/wp\/v2\/product"}],"about":[{"href":"https:\/\/roveyayinevi.com.tr\/index.php\/wp-json\/wp\/v2\/types\/product"}],"wp:attachment":[{"href":"https:\/\/roveyayinevi.com.tr\/index.php\/wp-json\/wp\/v2\/media?parent=714725"}],"wp:term":[{"taxonomy":"product_brand","embeddable":true,"href":"https:\/\/roveyayinevi.com.tr\/index.php\/wp-json\/wp\/v2\/product_brand?post=714725"},{"taxonomy":"product_cat","embeddable":true,"href":"https:\/\/roveyayinevi.com.tr\/index.php\/wp-json\/wp\/v2\/product_cat?post=714725"},{"taxonomy":"product_tag","embeddable":true,"href":"https:\/\/roveyayinevi.com.tr\/index.php\/wp-json\/wp\/v2\/product_tag?post=714725"}],"curies":[{"name":"wp","href":"https:\/\/api.w.org\/{rel}","templated":true}]}}