{"id":714724,"date":"2025-08-27T17:22:07","date_gmt":"2025-08-27T14:22:07","guid":{"rendered":"https:\/\/roveyayinevi.com.tr\/index.php\/urun\/yasli-adamin-savasi\/"},"modified":"2026-04-16T02:22:57","modified_gmt":"2026-04-15T23:22:57","slug":"yasli-adamin-savasi","status":"publish","type":"product","link":"https:\/\/roveyayinevi.com.tr\/index.php\/urun\/yasli-adamin-savasi\/","title":{"rendered":"Ya\u015fl\u0131 Adam\u0131n Sava\u015f\u0131"},"content":{"rendered":"<p>John Perry yetmi\u015f be\u015finci do\u011fum g\u00fcn\u00fcnde iki \u015fey yapt\u0131. \u00d6nce kar\u0131s\u0131n\u0131n mezar\u0131n\u0131 ziyaret etti. Sonra da askere yaz\u0131ld\u0131. \u0130yi haber, insanl\u0131k nihayet y\u0131ld\u0131zlara ula\u015ft\u0131. K\u00f6t\u00fc haberse, uzayda ya\u015famaya elveri\u015fli gezegenler say\u0131l\u0131.  Ve tabii bu gezegenler u\u011fruna bizimle sava\u015fmay\u0131 g\u00f6ze alan d\u00fc\u015fman uzayl\u0131 \u0131rklar\u0131 da var. Bu y\u00fczden sava\u015f i\u00e7indeyiz biz de. D\u00fcnya\u2019y\u0131 korumak ve y\u0131ld\u0131zlara bayra\u011f\u0131m\u0131z\u0131 dikmek i\u00e7in sava\u015f\u0131yoruz. D\u00fcnya\u2019dan \u00e7ok uzakta, bu kanl\u0131, ac\u0131mas\u0131z, sonu gelmez sava\u015f uzun y\u0131llard\u0131r devam ediyor. D\u00fcnya izbe bir gezegen. Kaynaklar\u0131n\u0131n \u00e7o\u011funlu\u011fu Koloni Savunma G\u00fc\u00e7leri&#8217;nin elinde. Herkes emeklilik ya\u015f\u0131 geldi\u011finde onlara kat\u0131labilece\u011fini biliyor. KSG gen\u00e7 insanlar de\u011fil, onlarca y\u0131ll\u0131k bilgi ve beceri birikimi ta\u015f\u0131yan insanlar istiyor. Bir daha d\u00f6nmemek \u00fczere D\u00fcnya&#8217;dan ayr\u0131lacaks\u0131n\u0131z. Askerli\u011finiz, cephelerde iki sene s\u00fcrecek. Ve hayatta kal\u0131rsan\u0131z al\u0131n teriyle kazan\u0131lm\u0131\u015f gezegenlerin birinde kendinize ait bir yuvayla \u00f6d\u00fcllendirileceksiniz. John Perry bu anla\u015fmay\u0131 kabul etti. Nelerle kar\u015f\u0131la\u015faca\u011f\u0131n\u0131 bildi\u011fini san\u0131yordu. Fakat evden pek \u00e7ok \u0131\u015f\u0131k y\u0131l\u0131 \u00f6tedeki ger\u00e7ek sava\u015f, onun hayal edebilece\u011finden \u00e7ok ama \u00e7ok daha zordu ve kendisinin zamanla neye d\u00f6n\u00fc\u015fece\u011fi daha bile garipti. \u201cYa\u015fl\u0131 Adam\u0131n Sava\u015f\u0131 modern bir bak\u0131\u015f a\u00e7\u0131s\u0131na sahip, klasik bir bilimkurgu roman\u0131.\u201d \u2013Robert Charles Wilson \u201cJohn Scalzi \u00e7a\u011f\u0131m\u0131z\u0131n en \u00e7ok e\u011flendiren bilimkurgu yazar\u0131.\u201d \u2013Joe Hill <\/p>\n","protected":false},"excerpt":{"rendered":"<p>John Perry yetmi\u015f be\u015finci do\u011fum g\u00fcn\u00fcnde iki \u015fey yapt\u0131. \u00d6nce kar\u0131s\u0131n\u0131n mezar\u0131n\u0131 ziyaret etti. Sonra da askere yaz\u0131ld\u0131. \u0130yi haber, insanl\u0131k nihayet y\u0131ld\u0131zlara ula\u015ft\u0131. K\u00f6t\u00fc haberse,<span class=\"excerpt-hellip\"> [\u2026]<\/span><\/p>\n","protected":false},"featured_media":0,"template":"","meta":{"_monsterinsights_skip_tracking":false,"_monsterinsights_sitenote_active":false,"_monsterinsights_sitenote_note":"","_monsterinsights_sitenote_category":0},"product_brand":[],"product_cat":[12540,12291],"product_tag":[],"class_list":{"0":"post-714724","1":"product","2":"type-product","3":"status-publish","5":"product_cat-bilim-kurgu","6":"product_cat-edebiyat","7":"pa_cilt-ciltsiz","8":"pa_tur-kitap","9":"pa_yayinevi-ithaki-yayinlari","10":"pa_yazar-john-scalzi","12":"first","13":"instock","14":"sale","15":"shipping-taxable","16":"purchasable","17":"product-type-simple"},"_links":{"self":[{"href":"https:\/\/roveyayinevi.com.tr\/index.php\/wp-json\/wp\/v2\/product\/714724","targetHints":{"allow":["GET"]}}],"collection":[{"href":"https:\/\/roveyayinevi.com.tr\/index.php\/wp-json\/wp\/v2\/product"}],"about":[{"href":"https:\/\/roveyayinevi.com.tr\/index.php\/wp-json\/wp\/v2\/types\/product"}],"wp:attachment":[{"href":"https:\/\/roveyayinevi.com.tr\/index.php\/wp-json\/wp\/v2\/media?parent=714724"}],"wp:term":[{"taxonomy":"product_brand","embeddable":true,"href":"https:\/\/roveyayinevi.com.tr\/index.php\/wp-json\/wp\/v2\/product_brand?post=714724"},{"taxonomy":"product_cat","embeddable":true,"href":"https:\/\/roveyayinevi.com.tr\/index.php\/wp-json\/wp\/v2\/product_cat?post=714724"},{"taxonomy":"product_tag","embeddable":true,"href":"https:\/\/roveyayinevi.com.tr\/index.php\/wp-json\/wp\/v2\/product_tag?post=714724"}],"curies":[{"name":"wp","href":"https:\/\/api.w.org\/{rel}","templated":true}]}}