{"id":714722,"date":"2025-08-27T17:22:05","date_gmt":"2025-08-27T14:22:05","guid":{"rendered":"https:\/\/roveyayinevi.com.tr\/index.php\/urun\/modem-zamanlar\/"},"modified":"2026-04-16T02:22:57","modified_gmt":"2026-04-15T23:22:57","slug":"modem-zamanlar","status":"publish","type":"product","link":"https:\/\/roveyayinevi.com.tr\/index.php\/urun\/modem-zamanlar\/","title":{"rendered":"Modem Zamanlar"},"content":{"rendered":"<p>Nebula\u00f6du\u0308llu\u0308 bilimkurgu yazar\u0131, edit\u00f6r ve mu\u0308zisyen Michael Moorcock\u2019un kahraman\u0131 JerryCornellius\u00e7o\u011fulevrende \u00e7alkant\u0131l\u0131 bir seru\u0308vene \u00e7\u0131k\u0131yor. 1960\u2019lar\u0131n Londra\u2019s\u0131nda ba\u015flayan yolculu\u011funda Jerry, New Orleans, Guantanamo, California gibi duraklara u\u011frarken modern du\u0308nyan\u0131n belli ba\u015fl\u0131 siyasi karakterleri ile olaylar\u0131n\u0131 da es ge\u00e7miyor. Su\u0308nni-\u015eii \u00e7eki\u015fmesi, Ebu Garib cezaevindeki insanl\u0131k d\u0131\u015f\u0131 uygulamalar gibi tart\u0131\u015fma yaratan bir\u00e7ok konu Moorcock\u2019un radar\u0131ndan ka\u00e7mam\u0131\u015f. Ru\u0308ya n\u00f6betleri gibi art arda gelen k\u0131sa b\u00f6lu\u0308mleri ile elden du\u0308\u015fmeden okunabilecek bir maceran\u0131n ard\u0131ndan Moorcock\u2019un bak\u0131\u015f a\u00e7\u0131s\u0131ndan Londra\u2019n\u0131n 1940\u2019lardan 1990\u2019lara dek ge\u00e7irdi\u011fi de\u011fi\u015fim tu\u0308m \u00e7\u0131plakl\u0131\u011f\u0131yla aktar\u0131l\u0131yor. Son olarak da seri edit\u00f6ru\u0308 Terry Bisson\u2019un usta yazar Moorcock ile ger\u00e7ekle\u015ftirdi\u011fi bilimkurgu, \u00e7o\u011fulevren, yazarl\u0131k, okunabilecek kitaplar ve mu\u0308zik gibi bir\u00e7ok konuya de\u011finen samimi bir r\u00f6portaj yer al\u0131yor&#8230; <\/p>\n","protected":false},"excerpt":{"rendered":"<p>Nebula\u00f6du\u0308llu\u0308 bilimkurgu yazar\u0131, edit\u00f6r ve mu\u0308zisyen Michael Moorcock\u2019un kahraman\u0131 JerryCornellius\u00e7o\u011fulevrende \u00e7alkant\u0131l\u0131 bir seru\u0308vene \u00e7\u0131k\u0131yor. 1960\u2019lar\u0131n Londra\u2019s\u0131nda ba\u015flayan yolculu\u011funda Jerry, New Orleans, Guantanamo, California gibi duraklara u\u011frarken<span class=\"excerpt-hellip\"> [\u2026]<\/span><\/p>\n","protected":false},"featured_media":0,"template":"","meta":{"_monsterinsights_skip_tracking":false,"_monsterinsights_sitenote_active":false,"_monsterinsights_sitenote_note":"","_monsterinsights_sitenote_category":0},"product_brand":[],"product_cat":[12540,12291],"product_tag":[],"class_list":{"0":"post-714722","1":"product","2":"type-product","3":"status-publish","5":"product_cat-bilim-kurgu","6":"product_cat-edebiyat","7":"pa_cilt-ciltsiz","8":"pa_tur-kitap","9":"pa_yayinevi-ayrinti-yayinlari","10":"pa_yazar-michael-moorcock","12":"first","13":"instock","14":"sale","15":"shipping-taxable","16":"purchasable","17":"product-type-simple"},"_links":{"self":[{"href":"https:\/\/roveyayinevi.com.tr\/index.php\/wp-json\/wp\/v2\/product\/714722","targetHints":{"allow":["GET"]}}],"collection":[{"href":"https:\/\/roveyayinevi.com.tr\/index.php\/wp-json\/wp\/v2\/product"}],"about":[{"href":"https:\/\/roveyayinevi.com.tr\/index.php\/wp-json\/wp\/v2\/types\/product"}],"wp:attachment":[{"href":"https:\/\/roveyayinevi.com.tr\/index.php\/wp-json\/wp\/v2\/media?parent=714722"}],"wp:term":[{"taxonomy":"product_brand","embeddable":true,"href":"https:\/\/roveyayinevi.com.tr\/index.php\/wp-json\/wp\/v2\/product_brand?post=714722"},{"taxonomy":"product_cat","embeddable":true,"href":"https:\/\/roveyayinevi.com.tr\/index.php\/wp-json\/wp\/v2\/product_cat?post=714722"},{"taxonomy":"product_tag","embeddable":true,"href":"https:\/\/roveyayinevi.com.tr\/index.php\/wp-json\/wp\/v2\/product_tag?post=714722"}],"curies":[{"name":"wp","href":"https:\/\/api.w.org\/{rel}","templated":true}]}}